{"id":6102,"date":"2022-05-19T15:28:36","date_gmt":"2022-05-19T13:28:36","guid":{"rendered":"https:\/\/www.domaine-fromengal.com\/hutten\/"},"modified":"2023-10-10T15:13:54","modified_gmt":"2023-10-10T13:13:54","slug":"hutten","status":"publish","type":"page","link":"https:\/\/www.domaine-fromengal.com\/de\/hutten\/","title":{"rendered":"H\u00fctten"},"content":{"rendered":"\n<div class=\"wp-block-cover is-light f-100-b\" style=\"padding-top:0px;padding-right:0px;padding-bottom:0px;padding-left:0px\"><span aria-hidden=\"true\" class=\"has-background-dim-0 wp-block-cover__gradient-background has-background-dim\"><\/span><img width=\"2015\" height=\"1070\" class=\"wp-block-cover__image-background wp-image-3732\" alt=\"\" src=\"https:\/\/www.domaine-fromengal.com\/wp-content\/uploads\/2022\/02\/04072016-_MG_0377.jpg\" style=\"object-position:51% 74%\" data-object-fit=\"cover\" data-object-position=\"51% 74%\" srcset=\"https:\/\/www.domaine-fromengal.com\/wp-content\/uploads\/2022\/02\/04072016-_MG_0377.jpg 2015w, https:\/\/www.domaine-fromengal.com\/wp-content\/uploads\/2022\/02\/04072016-_MG_0377-300x159.jpg 300w, https:\/\/www.domaine-fromengal.com\/wp-content\/uploads\/2022\/02\/04072016-_MG_0377-1024x544.jpg 1024w, https:\/\/www.domaine-fromengal.com\/wp-content\/uploads\/2022\/02\/04072016-_MG_0377-768x408.jpg 768w, https:\/\/www.domaine-fromengal.com\/wp-content\/uploads\/2022\/02\/04072016-_MG_0377-1536x816.jpg 1536w\" sizes=\"(max-width: 2015px) 100vw, 2015px\" \/><div class=\"wp-block-cover__inner-container\">\n<p class=\"has-text-align-center has-large-font-size\"><\/p>\n<\/div><\/div>\n\n<div style=\"height:51px\" aria-hidden=\"true\" class=\"wp-block-spacer\"><\/div>\n\n<div class=\"wp-block-columns boxage introduction\">\n<div class=\"wp-block-column is-vertically-aligned-center\" style=\"flex-basis:40%\">\n<h1 class=\"titre_a\" id=\"hebergementsen-cabanes\">H\u00fctten mieten  <br\/><span>in der Dordogne<\/span><\/h1>\n<\/div>\n\n\n\n<div class=\"wp-block-column is-vertically-aligned-center\" style=\"flex-basis:60%\">\n<div class=\"wp-block-columns points-forts\">\n<div class=\"wp-block-column\">\n<div class=\"wp-block-columns\">\n<div class=\"wp-block-column is-vertically-aligned-center\" style=\"flex-basis:20%\">\n<p class=\"picto rouge\"> <i class=\"fas fa-trees\"><\/i> <\/p>\n<\/div>\n\n\n\n<div class=\"wp-block-column\" style=\"flex-basis:80%\">\n<p class=\"legende\"><strong>Au\u00dfergew\u00f6hnlicher Blick auf den Wald<\/strong><\/p>\n<\/div>\n<\/div>\n<\/div>\n\n\n\n<div class=\"wp-block-column\">\n<div class=\"wp-block-columns\">\n<div class=\"wp-block-column is-vertically-aligned-center\" style=\"flex-basis:20%\">\n<p class=\"picto bleu\"> <i class=\"fas fa-bed-alt\"><\/i> <\/p>\n<\/div>\n\n\n\n<div class=\"wp-block-column\" style=\"flex-basis:80%\">\n<p class=\"legende\"><strong> Ausgestattete<\/strong> und <strong>komfortable<\/strong>H\u00fctten<\/p>\n<\/div>\n<\/div>\n<\/div>\n\n\n\n<div class=\"wp-block-column\">\n<div class=\"wp-block-columns\">\n<div class=\"wp-block-column is-vertically-aligned-center\" style=\"flex-basis:20%\">\n<p class=\"picto vert\"> <i class=\"fas fa-dumpster-fire\"><\/i> <\/p>\n<\/div>\n\n\n\n<div class=\"wp-block-column\" style=\"flex-basis:80%\">\n<p class=\"legende\"><strong>Plancha <\/strong>auf der Terrasse<\/p>\n<\/div>\n<\/div>\n<\/div>\n<\/div>\n<\/div>\n<\/div>\n\n<div class=\"wp-container-69f0e45876aaa wp-block-group f-90-b\"><div class=\"wp-block-group__inner-container\">\n<div class=\"wp-block-columns boxage\">\n<div class=\"wp-block-column is-vertically-aligned-center redactionnel\">\n<p>Ob Sie mit der <strong>Familie, mit Freunden oder als Paar<\/strong> in der Dordogne Urlaub machen m\u00f6chten, auf unserem 5-Sterne-Campingplatz Le Domaine de Fromengal finden Sie immer eine Unterkunft, die Ihren Bed\u00fcrfnissen entspricht: <strong>Chalets<\/strong>, <strong>Mobilheime<\/strong> oder <strong>Stoffzelte<\/strong>.<\/p>\n\n\n\n<p>F\u00fcr einen <strong>unvergesslichen und ungew\u00f6hnlichen Urlaub<\/strong> sind <strong>unsere H\u00fctten<\/strong> in der Dordogne ideal! Diese <strong>Pfahlbauh\u00fctten<\/strong> begeistern Naturliebhaber und strahlen durch <strong>ihren nat\u00fcrlichen Charme<\/strong> und <strong>die W\u00e4rme des Holzes<\/strong>. Alle Voraussetzungen f\u00fcr <strong>Ihr Wohlbefinden<\/strong> sind gegeben, vor allem mit dieser <strong>unglaublichen Aussicht auf den Wald<\/strong> von der Terrasse aus! Diese geschmackvoll gestalteten H\u00fctten stehen f\u00fcr einen originellen Lebensstil, weit weg von der Hektik des Stadtlebens. Ihre intelligente Anordnung optimiert jeden Raum und bietet den G\u00e4sten w\u00e4hrend ihres Aufenthalts ein H\u00f6chstma\u00df an Komfort.<\/p>\n<\/div>\n\n\n\n<div class=\"wp-block-column is-vertically-aligned-center\">\n<div class=\"wp-block-columns points-forts\">\n<div class=\"wp-block-column col1\">\n<figure class=\"wp-block-image size-full\"><img width=\"800\" height=\"460\" src=\"https:\/\/www.domaine-fromengal.com\/wp-content\/uploads\/2022\/01\/03-cabane-lodge-39-m2-sejour.jpg\" alt=\"Domaine De Fromengal : 03 Cabane Lodge 39 M2 Sejour\" class=\"wp-image-1939\" srcset=\"https:\/\/www.domaine-fromengal.com\/wp-content\/uploads\/2022\/01\/03-cabane-lodge-39-m2-sejour.jpg 800w, https:\/\/www.domaine-fromengal.com\/wp-content\/uploads\/2022\/01\/03-cabane-lodge-39-m2-sejour-300x173.jpg 300w, https:\/\/www.domaine-fromengal.com\/wp-content\/uploads\/2022\/01\/03-cabane-lodge-39-m2-sejour-768x442.jpg 768w\" sizes=\"(max-width: 800px) 100vw, 800px\" \/><\/figure><\/div>\n\n\n\n<div class=\"wp-block-column col3\">\n<figure class=\"wp-block-image size-full\"><img width=\"800\" height=\"460\" src=\"https:\/\/www.domaine-fromengal.com\/wp-content\/uploads\/2022\/01\/02-cabane-lodge-23-m-terrasse.jpg\" alt=\"Domaine De Fromengal : 02 Cabane Lodge 23 M Terrasse\" class=\"wp-image-1930\" srcset=\"https:\/\/www.domaine-fromengal.com\/wp-content\/uploads\/2022\/01\/02-cabane-lodge-23-m-terrasse.jpg 800w, https:\/\/www.domaine-fromengal.com\/wp-content\/uploads\/2022\/01\/02-cabane-lodge-23-m-terrasse-300x173.jpg 300w, https:\/\/www.domaine-fromengal.com\/wp-content\/uploads\/2022\/01\/02-cabane-lodge-23-m-terrasse-768x442.jpg 768w\" sizes=\"(max-width: 800px) 100vw, 800px\" \/><\/figure>\n\n\n<p class=\"lien\"><i class=\"fal fa-camera\"><\/i> <a href=\"https:\/\/www.domaine-fromengal.com\/de\/mediengalerie\/\" data-type=\"page\" data-id=\"535\">Fotogalerie<\/a><\/p>\n<\/div>\n\n\n\n<div class=\"wp-block-column col2\">\n<figure class=\"wp-block-image size-full\"><img width=\"800\" height=\"533\" src=\"https:\/\/www.domaine-fromengal.com\/wp-content\/uploads\/2022\/01\/terrasse-cabane-23-m2-Fromengale-2019-HD-235.jpg\" alt=\"\" class=\"wp-image-1215\" srcset=\"https:\/\/www.domaine-fromengal.com\/wp-content\/uploads\/2022\/01\/terrasse-cabane-23-m2-Fromengale-2019-HD-235.jpg 800w, https:\/\/www.domaine-fromengal.com\/wp-content\/uploads\/2022\/01\/terrasse-cabane-23-m2-Fromengale-2019-HD-235-300x200.jpg 300w, https:\/\/www.domaine-fromengal.com\/wp-content\/uploads\/2022\/01\/terrasse-cabane-23-m2-Fromengale-2019-HD-235-768x512.jpg 768w\" sizes=\"(max-width: 800px) 100vw, 800px\" \/><\/figure><\/div>\n<\/div>\n<\/div>\n<\/div>\n<\/div><\/div>\n\n<div class=\"wp-container-69f0e458783cf wp-block-group f-75-a\"><div class=\"wp-block-group__inner-container\">\n<div class=\"wp-container-69f0e458770cd wp-block-group boxage\"><div class=\"wp-block-group__inner-container\">\n<h2>H\u00fctten Lodges in der Dordogne :  <br\/><span>ungew\u00f6hnliche Unterk\u00fcnfte f\u00fcr einen unvergesslichen Urlaub<\/span><\/h2>\n\n\n\n<div class=\"wp-block-columns\">\n<div class=\"wp-block-column\" style=\"flex-basis:40%\">\n<p>Mit unseren zwei <strong>Lodge-H\u00fctten<\/strong> sind Sie bestens vorbereitet, um einen au\u00dfergew\u00f6hnlichen Aufenthalt in der Dordogne zu verbringen. Mit ihren zwei Schlafzimmern bietet unsere <strong>39 m2 gro\u00dfe Lodge-H\u00fctte<\/strong> Platz f\u00fcr<strong>bis zu 5 Personen<\/strong>. Ausgestattet mit einem <strong>Badezimmer mit Dusche<\/strong> und einem <strong>separaten WC<\/strong>, verf\u00fcgt dieses \u00fcber<strong>eine gro\u00dfe Terrasse<\/strong>, ideal f\u00fcr gesellige Familienmomente in der N\u00e4he der umliegenden Natur. Auf der Terrasse finden Sie neben den Sofas im Freien auch <strong>eine Plancha<\/strong>, die n\u00fctzlich ist, um leckere und zugleich gesellige Mahlzeiten zuzubereiten.  <\/p>\n\n\n\n<p><strong>Unsere 23 m\u00b2 gro\u00dfe H\u00fctte<\/strong> ohne Sanit\u00e4ranlagen hat einen <strong>unglaublichen Blick auf den Wald <\/strong>und besteht aus <strong>zwei getrennten Schlafzimmern<\/strong>. Neben einem Tisch und St\u00fchlen finden Sie auf der Terrasse auch <strong>eine Plancha<\/strong> zum Grillen und f\u00fcr gute Mahlzeiten im Freien.  <\/p>\n\n\n\n<p>In unseren H\u00fctten finden Sie allen Komfort, den Sie brauchen, um einen komfortablen Urlaub in der Dordogne in einem originellen und ungew\u00f6hnlichen Rahmen zu verbringen!<\/p>\n\n\n\n<p class=\"mise-en-avant\"><strong>Wenn Sie Fragen im Zusammenhang mit der Buchung einer H\u00fctte in der Dordogne, im P\u00e9rigord haben, k\u00f6nnen Sie sich gerne an uns wenden.<\/strong> <\/p>\n\n\n\n<div style=\"height:200px\" aria-hidden=\"true\" class=\"wp-block-spacer\"><\/div>\n<\/div>\n\n\n\n<div class=\"wp-block-column\" style=\"flex-basis:60%\">\n<figure class=\"wp-block-gallery has-nested-images columns-7 is-cropped section_diaporama\">\n<figure class=\"wp-block-image size-large\"><img width=\"800\" height=\"533\" src=\"https:\/\/www.domaine-fromengal.com\/wp-content\/uploads\/2022\/02\/02-cabane-lodge-39-m2-terrasse.jpg\" alt=\"Domaine De Fromengal : 02 Cabane Lodge 39 M2 Terrasse\" class=\"wp-image-2265\" srcset=\"https:\/\/www.domaine-fromengal.com\/wp-content\/uploads\/2022\/02\/02-cabane-lodge-39-m2-terrasse.jpg 800w, https:\/\/www.domaine-fromengal.com\/wp-content\/uploads\/2022\/02\/02-cabane-lodge-39-m2-terrasse-300x200.jpg 300w, https:\/\/www.domaine-fromengal.com\/wp-content\/uploads\/2022\/02\/02-cabane-lodge-39-m2-terrasse-768x512.jpg 768w\" sizes=\"(max-width: 800px) 100vw, 800px\" \/><\/figure>\n\n\n<figure class=\"wp-block-image size-large\"><img width=\"800\" height=\"460\" src=\"https:\/\/www.domaine-fromengal.com\/wp-content\/uploads\/2022\/01\/01-cabane-lodge-23-m2.jpg\" alt=\"Domaine De Fromengal : 01 Cabane Lodge 23 M2\" class=\"wp-image-1924\" srcset=\"https:\/\/www.domaine-fromengal.com\/wp-content\/uploads\/2022\/01\/01-cabane-lodge-23-m2.jpg 800w, https:\/\/www.domaine-fromengal.com\/wp-content\/uploads\/2022\/01\/01-cabane-lodge-23-m2-300x173.jpg 300w, https:\/\/www.domaine-fromengal.com\/wp-content\/uploads\/2022\/01\/01-cabane-lodge-23-m2-768x442.jpg 768w\" sizes=\"(max-width: 800px) 100vw, 800px\" \/><\/figure>\n\n\n<figure class=\"wp-block-image size-large\"><img width=\"800\" height=\"460\" src=\"https:\/\/www.domaine-fromengal.com\/wp-content\/uploads\/2022\/01\/03-cabane-lodge-23-m2-cuisine.jpg\" alt=\"Domaine De Fromengal : 03 Cabane Lodge 23 M2 Cuisine\" class=\"wp-image-1936\" srcset=\"https:\/\/www.domaine-fromengal.com\/wp-content\/uploads\/2022\/01\/03-cabane-lodge-23-m2-cuisine.jpg 800w, https:\/\/www.domaine-fromengal.com\/wp-content\/uploads\/2022\/01\/03-cabane-lodge-23-m2-cuisine-300x173.jpg 300w, https:\/\/www.domaine-fromengal.com\/wp-content\/uploads\/2022\/01\/03-cabane-lodge-23-m2-cuisine-768x442.jpg 768w\" sizes=\"(max-width: 800px) 100vw, 800px\" \/><\/figure>\n\n\n<figure class=\"wp-block-image size-large\"><img width=\"800\" height=\"460\" src=\"https:\/\/www.domaine-fromengal.com\/wp-content\/uploads\/2022\/02\/02-cabane-lodge-23-m-terrasse.jpg\" alt=\"Domaine De Fromengal : 02 Cabane Lodge 23 M Terrasse\" class=\"wp-image-2262\" srcset=\"https:\/\/www.domaine-fromengal.com\/wp-content\/uploads\/2022\/02\/02-cabane-lodge-23-m-terrasse.jpg 800w, https:\/\/www.domaine-fromengal.com\/wp-content\/uploads\/2022\/02\/02-cabane-lodge-23-m-terrasse-300x173.jpg 300w, https:\/\/www.domaine-fromengal.com\/wp-content\/uploads\/2022\/02\/02-cabane-lodge-23-m-terrasse-768x442.jpg 768w\" sizes=\"(max-width: 800px) 100vw, 800px\" \/><\/figure><\/figure>\n\n\n\n<div style=\"height:40px\" aria-hidden=\"true\" class=\"wp-block-spacer\"><\/div>\n<\/div>\n<\/div>\n<\/div><\/div>\n\n\n\n<div class=\"wp-block-cover is-light fond boxage\" style=\"padding-top:250px;padding-right:250px;padding-bottom:250px;padding-left:250px\"><span aria-hidden=\"true\" class=\"has-background-dim-90 wp-block-cover__gradient-background has-background-dim\" style=\"background-color:#d3ebd4\"><\/span><img width=\"1500\" height=\"750\" class=\"wp-block-cover__image-background wp-image-325\" alt=\"\" src=\"https:\/\/www.domaine-fromengal.com\/wp-content\/uploads\/2021\/12\/accueil-04.jpg\" style=\"object-position:49% 100%\" data-object-fit=\"cover\" data-object-position=\"49% 100%\" srcset=\"https:\/\/www.domaine-fromengal.com\/wp-content\/uploads\/2021\/12\/accueil-04.jpg 1500w, https:\/\/www.domaine-fromengal.com\/wp-content\/uploads\/2021\/12\/accueil-04-300x150.jpg 300w, https:\/\/www.domaine-fromengal.com\/wp-content\/uploads\/2021\/12\/accueil-04-1024x512.jpg 1024w, https:\/\/www.domaine-fromengal.com\/wp-content\/uploads\/2021\/12\/accueil-04-768x384.jpg 768w\" sizes=\"(max-width: 1500px) 100vw, 1500px\" \/><div class=\"wp-block-cover__inner-container\">\n<p class=\"has-text-align-center has-large-font-size\"><\/p>\n<\/div><\/div>\n\n\n\n<div class=\"wp-container-69f0e45878073 wp-block-group has-bg-principale-background-color has-background\"><div class=\"wp-block-group__inner-container\">\n<div class=\"wp-container-69f0e45877d29 wp-block-group boxage listing-locatifs\"><div class=\"wp-block-group__inner-container\">\n<div style=\"height:40px\" aria-hidden=\"true\" class=\"wp-block-spacer\"><\/div>\n\n\n\n<h2 class=\"has-text-align-center\">Entdecken Sie unsere H\u00fctten  <br\/><span>und buchen Sie Ihren Aufenthalt<\/span><\/h2>\n\n\n\n<div class=\"wp-block-columns\">\n<div class=\"wp-block-column\">\n<ctv-product data-product-id=\"72956\"><\/ctv-product>\n\n\n<div class=\"wp-container-69f0e4587757b wp-block-buttons\">\n<div class=\"wp-block-button blanc\"><a class=\"wp-block-button__link\" href=\"https:\/\/www.domaine-fromengal.com\/wp-content\/uploads\/2022\/03\/inventaire-cabane-Lodge-39-m&#xB2;.pdf\" target=\"_blank\" rel=\"noreferrer noopener\">Inventar<\/a><\/div>\n\n\n\n<div class=\"wp-block-button vert\"><a class=\"wp-block-button__link\" href=\"https:\/\/tourmkr.com\/F1YCjiqpT1\/40844545p&amp;55.08h&amp;96.19t\" target=\"_blank\" rel=\"noreferrer noopener\">Virtueller Rundgang<\/a><\/div>\n<\/div>\n<\/div>\n\n\n\n<div class=\"wp-block-column\">\n<ctv-product data-product-id=\"72946\"><\/ctv-product>\n\n\n<div class=\"wp-container-69f0e45877981 wp-block-buttons\">\n<div class=\"wp-block-button blanc\"><a class=\"wp-block-button__link\" href=\"https:\/\/www.domaine-fromengal.com\/wp-content\/uploads\/2022\/03\/inventaire-cabane-Lodge-23-m&#xB2;.pdf\" target=\"_blank\" rel=\"noreferrer noopener\">Inventar<\/a><\/div>\n\n\n\n<div class=\"wp-block-button vert\"><a class=\"wp-block-button__link\" href=\"https:\/\/tourmkr.com\/F1YCjiqpT1\/40844589p&amp;306.3h&amp;86.89t\" target=\"_blank\" rel=\"noreferrer noopener\">Virtueller Rundgang<\/a><\/div>\n<\/div>\n<\/div>\n<\/div>\n\n\n\n<div style=\"height:60px\" aria-hidden=\"true\" class=\"wp-block-spacer\"><\/div>\n<\/div><\/div>\n<\/div><\/div>\n<\/div><\/div>\n","protected":false},"excerpt":{"rendered":"<p>H\u00fctten mieten in der Dordogne Au\u00dfergew\u00f6hnlicher Blick auf den Wald Ausgestattete und komfortableH\u00fctten Plancha auf der Terrasse Ob Sie mit der Familie, mit Freunden oder als Paar in der Dordogne Urlaub machen m\u00f6chten, auf unserem 5-Sterne-Campingplatz Le Domaine de Fromengal finden Sie immer eine Unterkunft, die Ihren Bed\u00fcrfnissen entspricht: Chalets, Mobilheime oder Stoffzelte. F\u00fcr einen [&hellip;]<\/p>\n","protected":false},"author":1,"featured_media":0,"parent":0,"menu_order":0,"comment_status":"closed","ping_status":"closed","template":"","meta":[],"acf":[],"_links":{"self":[{"href":"https:\/\/www.domaine-fromengal.com\/de\/wp-json\/wp\/v2\/pages\/6102"}],"collection":[{"href":"https:\/\/www.domaine-fromengal.com\/de\/wp-json\/wp\/v2\/pages"}],"about":[{"href":"https:\/\/www.domaine-fromengal.com\/de\/wp-json\/wp\/v2\/types\/page"}],"author":[{"embeddable":true,"href":"https:\/\/www.domaine-fromengal.com\/de\/wp-json\/wp\/v2\/users\/1"}],"replies":[{"embeddable":true,"href":"https:\/\/www.domaine-fromengal.com\/de\/wp-json\/wp\/v2\/comments?post=6102"}],"version-history":[{"count":5,"href":"https:\/\/www.domaine-fromengal.com\/de\/wp-json\/wp\/v2\/pages\/6102\/revisions"}],"predecessor-version":[{"id":6696,"href":"https:\/\/www.domaine-fromengal.com\/de\/wp-json\/wp\/v2\/pages\/6102\/revisions\/6696"}],"wp:attachment":[{"href":"https:\/\/www.domaine-fromengal.com\/de\/wp-json\/wp\/v2\/media?parent=6102"}],"curies":[{"name":"wp","href":"https:\/\/api.w.org\/{rel}","templated":true}]}}