{"id":6108,"date":"2022-05-19T15:31:35","date_gmt":"2022-05-19T13:31:35","guid":{"rendered":"https:\/\/www.domaine-fromengal.com\/datenschutz-und-personliche-daten\/"},"modified":"2022-05-20T10:35:18","modified_gmt":"2022-05-20T08:35:18","slug":"datenschutz-und-personliche-daten","status":"publish","type":"page","link":"https:\/\/www.domaine-fromengal.com\/de\/datenschutz-und-personliche-daten\/","title":{"rendered":"Datenschutz und pers\u00f6nliche Daten"},"content":{"rendered":"\n<div class=\"wp-block-cover f-100-b\" style=\"padding-top:0px;padding-right:0px;padding-bottom:0px;padding-left:0px;min-height:429px\"><span aria-hidden=\"true\" class=\"has-background-dim-0 wp-block-cover__gradient-background has-background-dim\"><\/span><img width=\"1500\" height=\"450\" class=\"wp-block-cover__image-background wp-image-1238\" alt=\"\" src=\"https:\/\/www.domaine-fromengal.com\/wp-content\/uploads\/2022\/01\/allee-emplacement.jpg\" data-object-fit=\"cover\" srcset=\"https:\/\/www.domaine-fromengal.com\/wp-content\/uploads\/2022\/01\/allee-emplacement.jpg 1500w, https:\/\/www.domaine-fromengal.com\/wp-content\/uploads\/2022\/01\/allee-emplacement-300x90.jpg 300w, https:\/\/www.domaine-fromengal.com\/wp-content\/uploads\/2022\/01\/allee-emplacement-1024x307.jpg 1024w, https:\/\/www.domaine-fromengal.com\/wp-content\/uploads\/2022\/01\/allee-emplacement-768x230.jpg 768w\" sizes=\"(max-width: 1500px) 100vw, 1500px\" \/><div class=\"wp-block-cover__inner-container\">\n<p class=\"has-text-align-center has-large-font-size\"><\/p>\n<\/div><\/div>\n\n\n\n<div class=\"wp-container-69e1c394f249b wp-block-group boxage\"><div class=\"wp-block-group__inner-container\">\n<div style=\"height:40px\" aria-hidden=\"true\" class=\"wp-block-spacer\"><\/div>\n\n\n\n<h1 class=\"has-text-align-center\">Datenschutz und pers\u00f6nliche Daten<\/h1>\n\n\n\n<div class=\"wp-block-columns\">\n<div class=\"wp-block-column\">\n<h2 class=\"titreh3\">Sammeln von Informationen<\/h2>\n\n\n\n<p>Wir sammeln Informationen, wenn Sie auf der Website surfen, eine Bestellung aufgeben und eines der Formulare ausf\u00fcllen.<\/p>\n\n\n\n<p>Dar\u00fcber hinaus erhalten und speichern wir automatisch Informationen von Ihrem Computer und Browser, wie :<\/p>\n\n\n\n<ul><li>Ihre IP-Adresse<\/li><li>die Art der verwendeten Hardware und des Browsers<\/li><li>die Seite(n), die Sie aufrufen<\/li><\/ul>\n\n\n\n<h2 class=\"titreh3\">Verwendung von Informationen<\/h2>\n\n\n\n<p>Alle Informationen, die wir von Ihnen sammeln, k\u00f6nnen zu folgenden Zwecken verwendet werden:<\/p>\n\n\n\n<ul><li>Ihre Erfahrung personalisieren und auf Ihre individuellen Bed\u00fcrfnisse eingehen<\/li><li>Bereitstellung von personalisierten Werbeinhalten<\/li><li>Unsere Website zu verbessern<\/li><li>Verbesserung des Kundenservice und Ihrer Betreuungsbed\u00fcrfnisse<\/li><li>Sie per E-Mail kontaktieren<\/li><li>Einen Wettbewerb, eine Bef\u00f6rderung oder eine Umfrage verwalten<\/li><\/ul>\n\n\n\n<h2 class=\"titreh3\">Offenlegung gegen\u00fcber Dritten<\/h2>\n\n\n\n<p>Wir verkaufen, tauschen oder \u00fcbertragen Ihre pers\u00f6nlich identifizierbaren Informationen nicht an Dritte. Dies schlie\u00dft nicht vertrauensw\u00fcrdige Dritte ein, die uns beim Betrieb unserer Website helfen, solange diese Parteien vereinbaren, diese Informationen vertraulich zu behandeln.<\/p>\n\n\n\n<p>Nicht-private Informationen k\u00f6nnen jedoch anderen Parteien zu Marketing-, Werbe- oder anderen Zwecken zur Verf\u00fcgung gestellt werden.<\/p>\n<\/div>\n\n\n\n<div class=\"wp-block-column\">\n<h2 class=\"titreh3\">Schutz von Informationen und pers\u00f6nlichen Daten<\/h2>\n\n\n\n<p>Der Internetnutzer kann dazu veranlasst werden, bestimmte pers\u00f6nliche Daten zu hinterlegen, indem er auf die ihm angebotenen Formulare antwortet. Die Eingabe dieser Daten ist f\u00fcr die Bearbeitung der Anfrage des Internetnutzers durch <strong>Francecom<\/strong> erforderlich.<\/p>\n\n\n\n<p><strong>Francecom<\/strong> verpflichtet sich, die Bestimmungen des ge\u00e4nderten Gesetzes Nr. 78-17 vom 6. Januar 1978 \u00fcber Informatik, Dateien und Freiheiten einzuhalten und alle notwendigen Vorsichtsma\u00dfnahmen zu ergreifen, um die Sicherheit der anvertrauten namentlichen Informationen zu wahren. Ohne die vorherige informierte Zustimmung des Internetnutzers werden keine personenbezogenen Daten an Drittunternehmen weitergegeben.<\/p>\n\n\n\n<p>Wir setzen eine Vielzahl von Sicherheitsma\u00dfnahmen ein, um die Sicherheit Ihrer pers\u00f6nlichen Daten zu wahren:<\/p>\n\n\n\n<ul id=\"block-342f7f15-5b2e-452e-8c64-ef467007c504\"><li>SSL-Protokoll<\/li><li>Verwaltung des Zugangs durch Login\/Passwort<\/li><li>Software zur Netzwerk\u00fcberwachung<\/li><li>Mehrere Computer-Backups<\/li><li>Firewall<\/li><\/ul>\n\n\n\n<p>Wir sch\u00fctzen Ihre Informationen auch offline. Nur Mitarbeiter, die eine bestimmte Arbeit ausf\u00fchren m\u00fcssen (z. B. Rechnungsstellung oder Kundenservice), haben Zugang zu pers\u00f6nlich identifizierbaren Informationen. Die Computer und Server, die zur Speicherung von pers\u00f6nlich identifizierbaren Informationen verwendet werden, werden in einer sicheren Umgebung aufbewahrt.<\/p>\n\n\n\n<h2 class=\"titreh3\">Informationen zu Cookies auf unserer Seite<\/h2>\n\n\n\n<p>Detaillierte Informationen zu Cookies und wie sie auf der Website verwaltet werden, findest du hier: <a href=\"https:\/\/www.domaine-fromengal.com\/de\/politique-de-cookies-eu\/\" data-type=\"page\" data-id=\"6132\">Cookie-Richtlinie (EU)<\/a><\/p>\n<\/div>\n<\/div>\n\n\n\n<h2 class=\"has-text-align-center titreh3\">Recht auf Zugang, \u00c4nderung und L\u00f6schung Ihrer Daten<\/h2>\n\n\n\n<div class=\"wp-block-columns\">\n<div class=\"wp-block-column\">\n<p>Wir verpflichten uns, Ihnen ein Widerspruchs- und R\u00fccktrittsrecht in Bezug auf Ihre pers\u00f6nlichen Daten zu gew\u00e4hren. Das Widerspruchsrecht versteht sich als die M\u00f6glichkeit f\u00fcr Internetnutzer, die Verwendung ihrer pers\u00f6nlichen Daten zu bestimmten, bei der Erhebung genannten Zwecken abzulehnen.<\/p>\n\n\n\n<p>Wenn Sie zu irgendeinem Zeitpunkt Zugang zu Ihren pers\u00f6nlichen Informationen w\u00fcnschen oder diese \u00e4ndern oder l\u00f6schen m\u00f6chten, k\u00f6nnen Sie dies direkt \u00fcber die genannten Kontakte oder das folgende Formular beantragen<\/p>\n<\/div>\n\n\n\n<div class=\"wp-block-column\">\n<p><strong>Um diese Rechte aus\u00fcben zu k\u00f6nnen, k\u00f6nnen Sie uns kontaktieren<\/strong><\/p>\n\n\n\n<p><strong><span itemprop=\"name\">Campingplatz Domaine de Fromengal<\/span><\/strong><br><span class=\"wrp_adresse\"><span itemprop=\"address\">24480 Le Buisson de Cadouin<br \/>\r\nDordogne - P\u00e9rigord<br \/>\r\nNouvelle-Aquitaine<\/span><\/span><br><strong>Tel<\/strong>:  <a itemprop=\"telephone\" href=\"tel:+3333553631155\">+33 5 53 63 11 55<\/a><br><strong>E-Mail<\/strong>:  <a itemprop=\"email\" href=\"mailto:fromengal@domaine-fromengal.com\">fromengal@domaine-fromengal.com<\/a><\/p>\n<\/div>\n<\/div>\n\n\n\n<div style=\"height:26px\" aria-hidden=\"true\" class=\"wp-block-spacer\"><\/div>\n\n\n\n<p class=\"has-text-align-center\"><strong>Sie k\u00f6nnen Ihren Antrag direkt \u00fcber dieses Formular stellen :<\/strong><\/p>\n\n\n\n<div style=\"height:26px\" aria-hidden=\"true\" class=\"wp-block-spacer\"><\/div>\n\n\n\n<div class=\"wp-container-69e1c394f2117 wp-block-group gestion-form\"><div class=\"wp-block-group__inner-container\">\n<div class=\"wp-container-69e1c394f1dad wp-block-group boxage_medium card\"><div class=\"wp-block-group__inner-container\"><script type=\"text\/javascript\">var gform;gform||(document.addEventListener(\"gform_main_scripts_loaded\",function(){gform.scriptsLoaded=!0}),window.addEventListener(\"DOMContentLoaded\",function(){gform.domLoaded=!0}),gform={domLoaded:!1,scriptsLoaded:!1,initializeOnLoaded:function(o){gform.domLoaded&&gform.scriptsLoaded?o():!gform.domLoaded&&gform.scriptsLoaded?window.addEventListener(\"DOMContentLoaded\",o):document.addEventListener(\"gform_main_scripts_loaded\",o)},hooks:{action:{},filter:{}},addAction:function(o,n,r,t){gform.addHook(\"action\",o,n,r,t)},addFilter:function(o,n,r,t){gform.addHook(\"filter\",o,n,r,t)},doAction:function(o){gform.doHook(\"action\",o,arguments)},applyFilters:function(o){return gform.doHook(\"filter\",o,arguments)},removeAction:function(o,n){gform.removeHook(\"action\",o,n)},removeFilter:function(o,n,r){gform.removeHook(\"filter\",o,n,r)},addHook:function(o,n,r,t,i){null==gform.hooks[o][n]&&(gform.hooks[o][n]=[]);var e=gform.hooks[o][n];null==i&&(i=n+\"_\"+e.length),gform.hooks[o][n].push({tag:i,callable:r,priority:t=null==t?10:t})},doHook:function(n,o,r){var t;if(r=Array.prototype.slice.call(r,1),null!=gform.hooks[n][o]&&((o=gform.hooks[n][o]).sort(function(o,n){return o.priority-n.priority}),o.forEach(function(o){\"function\"!=typeof(t=o.callable)&&(t=window[t]),\"action\"==n?t.apply(null,r):r[0]=t.apply(null,r)})),\"filter\"==n)return r[0]},removeHook:function(o,n,t,i){var r;null!=gform.hooks[o][n]&&(r=(r=gform.hooks[o][n]).filter(function(o,n,r){return!!(null!=i&&i!=o.tag||null!=t&&t!=o.priority)}),gform.hooks[o][n]=r)}});<\/script>\n                <div class='gf_browser_gecko gform_wrapper gravity-theme' id='gform_wrapper_2' ><div id='gf_2' class='gform_anchor' tabindex='-1'><\/div><form method='post' enctype='multipart\/form-data' target='gform_ajax_frame_2' id='gform_2'  action='\/de\/wp-json\/wp\/v2\/pages\/6108#gf_2' novalidate>\n                        <div class='gform_body gform-body'><div id='gform_fields_2' class='gform_fields top_label form_sublabel_below description_below'><fieldset id=\"field_2_1\" class=\"gfield field_sublabel_below field_description_below gfield_visibility_visible\" ><legend class='gfield_label gfield_label_before_complex'  >Kontaktdaten<\/legend><div class='ginput_complex ginput_container no_prefix has_first_name no_middle_name has_last_name no_suffix gf_name_has_2 ginput_container_name' id='input_2_1'>\n                            \n                            <span id='input_2_1_3_container' class='name_first' >\n                                                    <input type='text' name='input_1.3' id='input_2_1_3' value=''   aria-required='false'     \/>\n                                                    <label for='input_2_1_3' >First<\/label>\n                                                <\/span>\n                            \n                            <span id='input_2_1_6_container' class='name_last' >\n                                                    <input type='text' name='input_1.6' id='input_2_1_6' value=''   aria-required='false'     \/>\n                                                    <label for='input_2_1_6' >Last<\/label>\n                                                <\/span>\n                            \n                        <\/div><\/fieldset><div id=\"field_2_2\" class=\"gfield gfield_contains_required field_sublabel_below field_description_below gfield_visibility_visible\" ><label class='gfield_label' for='input_2_2' >E-mail<span class=\"gfield_required\"><span class=\"gfield_required gfield_required_asterisk\">*<\/span><\/span><\/label><div class='ginput_container ginput_container_email'>\n                            <input name='input_2' id='input_2_2' type='email' value='' class='large'    aria-required=\"true\" aria-invalid=\"false\"  \/>\n                        <\/div><\/div><fieldset id=\"field_2_5\" class=\"gfield gfield--width-full field_sublabel_below field_description_below gfield_visibility_visible\" ><legend class='gfield_label gfield_label_before_complex'  >Auswahl:<\/legend><div class='ginput_container ginput_container_checkbox'><div class='gfield_checkbox' id='input_2_5'><div class='gchoice gchoice_2_5_1'>\n\t\t\t\t\t\t\t\t<input class='gfield-choice-input' name='input_5.1' type='checkbox'  value='Meine E-Mail-Adresse von Mailinglisten abmelden'  id='choice_2_5_1'   \/>\n\t\t\t\t\t\t\t\t<label for='choice_2_5_1' id='label_2_5_1'>Meine E-Mail-Adresse von Mailinglisten abmelden<\/label>\n\t\t\t\t\t\t\t<\/div><div class='gchoice gchoice_2_5_2'>\n\t\t\t\t\t\t\t\t<input class='gfield-choice-input' name='input_5.2' type='checkbox'  value='Zugriff auf meine pers\u00f6nlichen Informationen'  id='choice_2_5_2'   \/>\n\t\t\t\t\t\t\t\t<label for='choice_2_5_2' id='label_2_5_2'>Zugriff auf meine pers\u00f6nlichen Informationen<\/label>\n\t\t\t\t\t\t\t<\/div><div class='gchoice gchoice_2_5_3'>\n\t\t\t\t\t\t\t\t<input class='gfield-choice-input' name='input_5.3' type='checkbox'  value='Meine pers\u00f6nlichen Informationen \u00e4ndern'  id='choice_2_5_3'   \/>\n\t\t\t\t\t\t\t\t<label for='choice_2_5_3' id='label_2_5_3'>Meine pers\u00f6nlichen Informationen \u00e4ndern<\/label>\n\t\t\t\t\t\t\t<\/div><div class='gchoice gchoice_2_5_4'>\n\t\t\t\t\t\t\t\t<input class='gfield-choice-input' name='input_5.4' type='checkbox'  value='Meine pers\u00f6nlichen Informationen l\u00f6schen'  id='choice_2_5_4'   \/>\n\t\t\t\t\t\t\t\t<label for='choice_2_5_4' id='label_2_5_4'>Meine pers\u00f6nlichen Informationen l\u00f6schen<\/label>\n\t\t\t\t\t\t\t<\/div><div class='gchoice gchoice_2_5_5'>\n\t\t\t\t\t\t\t\t<input class='gfield-choice-input' name='input_5.5' type='checkbox'  value='Meine Zustimmung zur Verwendung meiner pers\u00f6nlichen Daten zur\u00fcckziehen'  id='choice_2_5_5'   \/>\n\t\t\t\t\t\t\t\t<label for='choice_2_5_5' id='label_2_5_5'>Meine Zustimmung zur Verwendung meiner pers\u00f6nlichen Daten zur\u00fcckziehen<\/label>\n\t\t\t\t\t\t\t<\/div><div class='gchoice gchoice_2_5_6'>\n\t\t\t\t\t\t\t\t<input class='gfield-choice-input' name='input_5.6' type='checkbox'  value='Meine pers\u00f6nlichen Daten an eine dritte Partei weitergeben'  id='choice_2_5_6'   \/>\n\t\t\t\t\t\t\t\t<label for='choice_2_5_6' id='label_2_5_6'>Meine pers\u00f6nlichen Daten an Dritte weitergeben<\/label>\n\t\t\t\t\t\t\t<\/div><\/div><\/div><\/fieldset><div id=\"field_2_4\" class=\"gfield gfield_contains_required field_sublabel_below field_description_below gfield_visibility_visible\" ><label class='gfield_label' for='input_2_4' >Beschreiben Sie Ihr Anliegen :<span class=\"gfield_required\"><span class=\"gfield_required gfield_required_asterisk\">*<\/span><\/span><\/label><div class='ginput_container ginput_container_textarea'><textarea name='input_4' id='input_2_4' class='textarea medium'     aria-required=\"true\" aria-invalid=\"false\"   rows='10' cols='50'><\/textarea><\/div><\/div><div id=\"field_2_6\" class=\"gfield field_sublabel_below field_description_below hidden_label gfield_visibility_visible\" ><label class='gfield_label' for='input_2_6' >CAPTCHA<\/label><div id='input_2_6' class='ginput_container ginput_recaptcha' data-sitekey='6LdC4SwfAAAAABQ6vJ2c01aKbeEf4TG6dhy1i0Wy'  data-theme='light' data-tabindex='-1' data-size='invisible' data-badge='bottomright'><\/div><\/div><\/div><\/div>\n        <div class='gform_footer top_label'> <input type='submit' id='gform_submit_button_2' class='gform_button button' value='Senden Sie'  onclick='if(window[\"gf_submitting_2\"]){return false;}  if( !jQuery(\"#gform_2\")[0].checkValidity || jQuery(\"#gform_2\")[0].checkValidity()){window[\"gf_submitting_2\"]=true;}  ' onkeypress='if( event.keyCode == 13 ){ if(window[\"gf_submitting_2\"]){return false;} if( !jQuery(\"#gform_2\")[0].checkValidity || jQuery(\"#gform_2\")[0].checkValidity()){window[\"gf_submitting_2\"]=true;}  jQuery(\"#gform_2\").trigger(\"submit\",[true]); }' \/> <input type='hidden' name='gform_ajax' value='form_id=2&amp;title=&amp;description=&amp;tabindex=0' \/>\n            <input type='hidden' class='gform_hidden' name='is_submit_2' value='1' \/>\n            <input type='hidden' class='gform_hidden' name='gform_submit' value='2' \/>\n            \n            <input type='hidden' class='gform_hidden' name='gform_unique_id' value='' \/>\n            <input type='hidden' class='gform_hidden' name='state_2' value='WyJbXSIsIjgzZDc1MTViYjcwMWE5MTBkYjc1ZGVmNDk0MWZiZDkxIl0=' \/>\n            <input type='hidden' class='gform_hidden' name='gform_target_page_number_2' id='gform_target_page_number_2' value='0' \/>\n            <input type='hidden' class='gform_hidden' name='gform_source_page_number_2' id='gform_source_page_number_2' value='1' \/>\n            <input type='hidden' name='gform_field_values' value='' \/>\n            \n        <\/div>\n                        <p style=\"display: none !important;\"><label>&#916;<textarea name=\"ak_hp_textarea\" cols=\"45\" rows=\"8\" maxlength=\"100\"><\/textarea><\/label><input type=\"hidden\" id=\"ak_js_1\" name=\"ak_js\" value=\"48\"\/><script>document.getElementById( \"ak_js_1\" ).setAttribute( \"value\", ( new Date() ).getTime() );<\/script><\/p><\/form>\n                        <\/div>\n                <iframe style='display:none;width:0px;height:0px;' src='about:blank' name='gform_ajax_frame_2' id='gform_ajax_frame_2' title='This iframe contains the logic required to handle Ajax powered Gravity Forms.'><\/iframe>\n                <script type=\"text\/javascript\">\ngform.initializeOnLoaded( function() {gformInitSpinner( 2, 'https:\/\/www.domaine-fromengal.com\/wp-content\/plugins\/gravityforms\/images\/spinner.svg' );jQuery('#gform_ajax_frame_2').on('load',function(){var contents = jQuery(this).contents().find('*').html();var is_postback = contents.indexOf('GF_AJAX_POSTBACK') >= 0;if(!is_postback){return;}var form_content = jQuery(this).contents().find('#gform_wrapper_2');var is_confirmation = jQuery(this).contents().find('#gform_confirmation_wrapper_2').length > 0;var is_redirect = contents.indexOf('gformRedirect(){') >= 0;var is_form = form_content.length > 0 && ! is_redirect && ! is_confirmation;var mt = parseInt(jQuery('html').css('margin-top'), 10) + parseInt(jQuery('body').css('margin-top'), 10) + 100;if(is_form){jQuery('#gform_wrapper_2').html(form_content.html());if(form_content.hasClass('gform_validation_error')){jQuery('#gform_wrapper_2').addClass('gform_validation_error');} else {jQuery('#gform_wrapper_2').removeClass('gform_validation_error');}setTimeout( function() { \/* delay the scroll by 50 milliseconds to fix a bug in chrome *\/ jQuery(document).scrollTop(jQuery('#gform_wrapper_2').offset().top - mt); }, 50 );if(window['gformInitDatepicker']) {gformInitDatepicker();}if(window['gformInitPriceFields']) {gformInitPriceFields();}var current_page = jQuery('#gform_source_page_number_2').val();gformInitSpinner( 2, 'https:\/\/www.domaine-fromengal.com\/wp-content\/plugins\/gravityforms\/images\/spinner.svg' );jQuery(document).trigger('gform_page_loaded', [2, current_page]);window['gf_submitting_2'] = false;}else if(!is_redirect){var confirmation_content = jQuery(this).contents().find('.GF_AJAX_POSTBACK').html();if(!confirmation_content){confirmation_content = contents;}setTimeout(function(){jQuery('#gform_wrapper_2').replaceWith(confirmation_content);jQuery(document).scrollTop(jQuery('#gf_2').offset().top - mt);jQuery(document).trigger('gform_confirmation_loaded', [2]);window['gf_submitting_2'] = false;wp.a11y.speak(jQuery('#gform_confirmation_message_2').text());}, 50);}else{jQuery('#gform_2').append(contents);if(window['gformRedirect']) {gformRedirect();}}jQuery(document).trigger('gform_post_render', [2, current_page]);} );} );\n<\/script>\n<\/div><\/div>\n<\/div><\/div>\n\n\n\n<div style=\"height:199px\" aria-hidden=\"true\" class=\"wp-block-spacer\"><\/div>\n<\/div><\/div>\n","protected":false},"excerpt":{"rendered":"<p>Datenschutz und pers\u00f6nliche Daten Sammeln von Informationen Wir sammeln Informationen, wenn Sie auf der Website surfen, eine Bestellung aufgeben und eines der Formulare ausf\u00fcllen. Dar\u00fcber hinaus erhalten und speichern wir automatisch Informationen von Ihrem Computer und Browser, wie : Ihre IP-Adresse die Art der verwendeten Hardware und des Browsers die Seite(n), die Sie aufrufen Verwendung [&hellip;]<\/p>\n","protected":false},"author":1,"featured_media":0,"parent":0,"menu_order":0,"comment_status":"closed","ping_status":"closed","template":"","meta":[],"acf":[],"_links":{"self":[{"href":"https:\/\/www.domaine-fromengal.com\/de\/wp-json\/wp\/v2\/pages\/6108"}],"collection":[{"href":"https:\/\/www.domaine-fromengal.com\/de\/wp-json\/wp\/v2\/pages"}],"about":[{"href":"https:\/\/www.domaine-fromengal.com\/de\/wp-json\/wp\/v2\/types\/page"}],"author":[{"embeddable":true,"href":"https:\/\/www.domaine-fromengal.com\/de\/wp-json\/wp\/v2\/users\/1"}],"replies":[{"embeddable":true,"href":"https:\/\/www.domaine-fromengal.com\/de\/wp-json\/wp\/v2\/comments?post=6108"}],"version-history":[{"count":4,"href":"https:\/\/www.domaine-fromengal.com\/de\/wp-json\/wp\/v2\/pages\/6108\/revisions"}],"predecessor-version":[{"id":6228,"href":"https:\/\/www.domaine-fromengal.com\/de\/wp-json\/wp\/v2\/pages\/6108\/revisions\/6228"}],"wp:attachment":[{"href":"https:\/\/www.domaine-fromengal.com\/de\/wp-json\/wp\/v2\/media?parent=6108"}],"curies":[{"name":"wp","href":"https:\/\/api.w.org\/{rel}","templated":true}]}}