{"id":6112,"date":"2022-05-19T15:32:08","date_gmt":"2022-05-19T13:32:08","guid":{"rendered":"https:\/\/www.domaine-fromengal.com\/kontakt\/"},"modified":"2023-10-12T11:24:53","modified_gmt":"2023-10-12T09:24:53","slug":"kontakt","status":"publish","type":"page","link":"https:\/\/www.domaine-fromengal.com\/de\/kontakt\/","title":{"rendered":"Kontakt"},"content":{"rendered":"\n<div class=\"wp-block-cover is-light f-100-b\" style=\"padding-top:0px;padding-right:0px;padding-bottom:0px;padding-left:0px;min-height:505px\"><span aria-hidden=\"true\" class=\"has-background-dim-0 wp-block-cover__gradient-background has-background-dim\"><\/span><img width=\"1500\" height=\"750\" class=\"wp-block-cover__image-background wp-image-325\" alt=\"\" src=\"https:\/\/www.domaine-fromengal.com\/wp-content\/uploads\/2021\/12\/accueil-04.jpg\" style=\"object-position:77% 52%\" data-object-fit=\"cover\" data-object-position=\"77% 52%\" srcset=\"https:\/\/www.domaine-fromengal.com\/wp-content\/uploads\/2021\/12\/accueil-04.jpg 1500w, https:\/\/www.domaine-fromengal.com\/wp-content\/uploads\/2021\/12\/accueil-04-300x150.jpg 300w, https:\/\/www.domaine-fromengal.com\/wp-content\/uploads\/2021\/12\/accueil-04-1024x512.jpg 1024w, https:\/\/www.domaine-fromengal.com\/wp-content\/uploads\/2021\/12\/accueil-04-768x384.jpg 768w\" sizes=\"(max-width: 1500px) 100vw, 1500px\" \/><div class=\"wp-block-cover__inner-container\">\n<p class=\"has-text-align-center has-large-font-size\"><\/p>\n<\/div><\/div>\n\n\n\n<div class=\"wp-container-69d18994ac5e8 wp-block-group f-80-b\"><div class=\"wp-block-group__inner-container\">\n<div class=\"wp-block-columns boxage\">\n<div class=\"wp-block-column galerie\">\n<figure class=\"wp-block-gallery has-nested-images columns-2 is-cropped\">\n<figure class=\"wp-block-image size-large\"><img width=\"1024\" height=\"603\" src=\"https:\/\/www.domaine-fromengal.com\/wp-content\/uploads\/2022\/02\/05-contact-et-acces-1024x603.jpg\" alt=\"\" class=\"wp-image-3789\" srcset=\"https:\/\/www.domaine-fromengal.com\/wp-content\/uploads\/2022\/02\/05-contact-et-acces-1024x603.jpg 1024w, https:\/\/www.domaine-fromengal.com\/wp-content\/uploads\/2022\/02\/05-contact-et-acces-300x177.jpg 300w, https:\/\/www.domaine-fromengal.com\/wp-content\/uploads\/2022\/02\/05-contact-et-acces-768x453.jpg 768w, https:\/\/www.domaine-fromengal.com\/wp-content\/uploads\/2022\/02\/05-contact-et-acces-1536x905.jpg 1536w, https:\/\/www.domaine-fromengal.com\/wp-content\/uploads\/2022\/02\/05-contact-et-acces-scaled.jpg 2048w\" sizes=\"(max-width: 1024px) 100vw, 1024px\" \/><\/figure>\n\n\n\n<figure class=\"wp-block-image size-large\"><img width=\"960\" height=\"640\" src=\"https:\/\/www.domaine-fromengal.com\/wp-content\/uploads\/2022\/01\/Diva-et-Lola.jpg\" alt=\"\" class=\"wp-image-1388\" srcset=\"https:\/\/www.domaine-fromengal.com\/wp-content\/uploads\/2022\/01\/Diva-et-Lola.jpg 960w, https:\/\/www.domaine-fromengal.com\/wp-content\/uploads\/2022\/01\/Diva-et-Lola-300x200.jpg 300w, https:\/\/www.domaine-fromengal.com\/wp-content\/uploads\/2022\/01\/Diva-et-Lola-768x512.jpg 768w\" sizes=\"(max-width: 960px) 100vw, 960px\" \/><\/figure>\n\n\n\n<figure class=\"wp-block-image size-large\"><img width=\"1024\" height=\"603\" src=\"https:\/\/www.domaine-fromengal.com\/wp-content\/uploads\/2022\/02\/02-contact-et-acces-1024x603.jpg\" alt=\"\" class=\"wp-image-3785\" srcset=\"https:\/\/www.domaine-fromengal.com\/wp-content\/uploads\/2022\/02\/02-contact-et-acces-1024x603.jpg 1024w, https:\/\/www.domaine-fromengal.com\/wp-content\/uploads\/2022\/02\/02-contact-et-acces-300x177.jpg 300w, https:\/\/www.domaine-fromengal.com\/wp-content\/uploads\/2022\/02\/02-contact-et-acces-768x452.jpg 768w, https:\/\/www.domaine-fromengal.com\/wp-content\/uploads\/2022\/02\/02-contact-et-acces-1536x904.jpg 1536w, https:\/\/www.domaine-fromengal.com\/wp-content\/uploads\/2022\/02\/02-contact-et-acces.jpg 1643w\" sizes=\"(max-width: 1024px) 100vw, 1024px\" \/><\/figure>\n<\/figure>\n\n\n\n<p class=\"lien\"><i class=\"fal fa-camera\"><\/i> <a href=\"https:\/\/www.domaine-fromengal.com\/de\/mediengalerie\/\" data-type=\"page\" data-id=\"6122\">Fotogalerie<\/a><\/p>\n\n\n\n<div style=\"height:100px\" aria-hidden=\"true\" class=\"wp-block-spacer\"><\/div>\n<\/div>\n\n\n\n<div class=\"wp-block-column redactionnel\">\n<div style=\"height:100px\" aria-hidden=\"true\" class=\"wp-block-spacer\"><\/div>\n\n\n\n<h1 class=\"titre_c\" id=\"notre-camping-4-etoiles-en-dordogne-contact-acces\">Unser 5-Sterne-Campingplatz in der Dordogne <span>Kontakt &amp; Anfahrt<\/span><\/h1>\n\n\n\n<h2 id=\"contactez-nous\">Kontaktieren Sie uns<\/h2>\n\n\n\n<p><strong><span itemprop=\"name\">Campingplatz Domaine de Fromengal<\/span><\/strong><br><a itemprop=\"telephone\" href=\"tel:+3333553631155\">+33 5 53 63 11 55<\/a>  <br><a itemprop=\"email\" href=\"mailto:fromengal@domaine-fromengal.com\">fromengal@domaine-fromengal.com<\/a><br><span class=\"wrp_adresse\"><span itemprop=\"address\">24480 Le Buisson de Cadouin<br \/>\r\nDordogne - P\u00e9rigord<br \/>\r\nNouvelle-Aquitaine<\/span><\/span><\/p>\n\n\n\n<div style=\"height:33px\" aria-hidden=\"true\" class=\"wp-block-spacer\"><\/div>\n\n\n\n<h3 id=\"horaires-d-ouverture\">\u00d6ffnungszeiten<\/h3>\n\n\n\n<p>Von September bis Juni k\u00f6nnen Sie uns von 9:00 bis 20:00 Uhr telefonisch erreichen.<br>Im Juli und August von 8.00 bis 20.00 Uhr.<\/p>\n\n\n\n<h3 id=\"formulaire-de-contact\">Kontaktformular<\/h3>\n\n\n\n<p>W\u00fcnschen Sie weitere Informationen, eine Anfrage zur Verf\u00fcgbarkeit?<br>Bitte f\u00fcllen Sie das Formular aus. Wir werden so schnell wie m\u00f6glich antworten.<\/p>\n\n\n\n<div style=\"height:100px\" aria-hidden=\"true\" class=\"wp-block-spacer\"><\/div>\n<\/div>\n<\/div>\n\n\n\n<div class=\"wp-block-cover is-light fond boxage\" style=\"padding-top:250px;padding-right:250px;padding-bottom:250px;padding-left:250px\"><span aria-hidden=\"true\" class=\"has-background-dim-60 wp-block-cover__gradient-background has-background-dim\" style=\"background-color:#d3ebd4\"><\/span><img width=\"1780\" height=\"513\" class=\"wp-block-cover__image-background wp-image-408\" alt=\"\" src=\"https:\/\/www.domaine-fromengal.com\/wp-content\/uploads\/2021\/12\/annie-spratt-8wUjniBSnpw-unsplash-1.jpg\" style=\"object-position:49% 100%\" data-object-fit=\"cover\" data-object-position=\"49% 100%\" srcset=\"https:\/\/www.domaine-fromengal.com\/wp-content\/uploads\/2021\/12\/annie-spratt-8wUjniBSnpw-unsplash-1.jpg 1780w, https:\/\/www.domaine-fromengal.com\/wp-content\/uploads\/2021\/12\/annie-spratt-8wUjniBSnpw-unsplash-1-300x86.jpg 300w, https:\/\/www.domaine-fromengal.com\/wp-content\/uploads\/2021\/12\/annie-spratt-8wUjniBSnpw-unsplash-1-1024x295.jpg 1024w, https:\/\/www.domaine-fromengal.com\/wp-content\/uploads\/2021\/12\/annie-spratt-8wUjniBSnpw-unsplash-1-768x221.jpg 768w, https:\/\/www.domaine-fromengal.com\/wp-content\/uploads\/2021\/12\/annie-spratt-8wUjniBSnpw-unsplash-1-1536x443.jpg 1536w\" sizes=\"(max-width: 1780px) 100vw, 1780px\" \/><div class=\"wp-block-cover__inner-container\">\n<p class=\"has-text-align-center has-large-font-size\"><\/p>\n<\/div><\/div>\n<\/div><\/div>\n\n\n\n<div class=\"wp-container-69d18994ac9b2 wp-block-group boxage_medium card\"><div class=\"wp-block-group__inner-container\">\n<h2 class=\"has-text-align-center\" id=\"formulaire-de-contact\"><span>Kontaktformular<\/span><\/h2>\n\n\n<div class=\"form_contact-container\"><iframe style=\"height:900px\" class=\"form_contact\" src=\"https:\/\/naxiresa.inaxel.com\/formulaire-contact.php?compte=fromengal\"><\/iframe><\/div>\n<\/div><\/div>\n\n\n\n<div style=\"height:100px\" aria-hidden=\"true\" class=\"wp-block-spacer\"><\/div>\n\n\n\n<div class=\"wp-container-69d18994ad4d2 wp-block-group boxage_medium\"><div class=\"wp-block-group__inner-container\">\n<h2 class=\"has-text-align-left\" id=\"acces\"><span>Zugang zur Domain<\/span><\/h2>\n\n\n\n<div class=\"wp-block-columns\">\n<div class=\"wp-block-column\">\n<h3 id=\"nos-coordonnees-gps\"><strong>Unsere GPS-Koordinaten<\/strong><\/h3>\n\n\n\n<p>Norden: 44\u00b0 49&#8242; 22.87&#8221; Osten: 0\u00b0 51&#8242; 39.53&#8221;<\/p>\n\n\n\n<p>Breitengrad: 44.822823 &#8211; L\u00e4ngengrad: 0.860541<\/p>\n\n\n\n<div style=\"height:100px\" aria-hidden=\"true\" class=\"wp-block-spacer\"><\/div>\n\n\n\n<div class=\"wp-container-69d18994ace0c wp-block-buttons\">\n<div class=\"wp-block-button vertclair\"><a class=\"wp-block-button__link\" href=\"https:\/\/www.domaine-fromengal.com\/wp-content\/uploads\/2022\/01\/Itineraire-Camping-Domaine-de-Fromengal.pdf\" target=\"_blank\" rel=\"noreferrer noopener\">Detaillierte Wegbeschreibung als PDF herunterladen  <i class=\"fas fa-search\"><\/i><\/a><\/div>\n<\/div>\n<\/div>\n\n\n\n<div class=\"wp-block-column\">\n<h3 id=\"nous-situer\"><strong>Uns verorten<\/strong><\/h3>\n\n\n\n<p>Die Domaine de Fromengal liegt 30 Minuten von Sarlat und Bergerac entfernt im Herzen des P\u00e9rigord Noir und des Pays des Bastides. Der Fluss Dordogne flie\u00dft an Le Buisson de Cadouin vorbei, das 5 km von der Domaine entfernt liegt.<\/p>\n\n\n\n<div style=\"height:100px\" aria-hidden=\"true\" class=\"wp-block-spacer\"><\/div>\n\n\n\n<div class=\"wp-container-69d18994ad1bc wp-block-buttons\">\n<div class=\"wp-block-button vertclair\"><a class=\"wp-block-button__link\" href=\"https:\/\/www.google.com\/maps\/place\/Domaine+de+Fromengal+-+Camping+Dordogne\/@44.8327204,0.8407661,13.5z\/data=!4m8!3m7!1s0x0:0xd552df2524e04b52!5m2!4m1!1i2!8m2!3d44.8233586!4d0.8601603\" target=\"_blank\" rel=\"noreferrer noopener\">Google Map-Route anzeigen<\/a><\/div>\n<\/div>\n<\/div>\n<\/div>\n<\/div><\/div>\n\n\n\n<div style=\"height:150px\" aria-hidden=\"true\" class=\"wp-block-spacer\"><\/div>\n\n\n\n<div class=\"wp-block-cover is-light f-60-a\"><span aria-hidden=\"true\" class=\"has-background-dim-0 wp-block-cover__gradient-background has-background-dim\"><\/span><img width=\"1920\" height=\"805\" class=\"wp-block-cover__image-background wp-image-454\" alt=\"\" src=\"https:\/\/www.domaine-fromengal.com\/wp-content\/uploads\/2021\/12\/map-fromengal.png\" data-object-fit=\"cover\" srcset=\"https:\/\/www.domaine-fromengal.com\/wp-content\/uploads\/2021\/12\/map-fromengal.png 1920w, https:\/\/www.domaine-fromengal.com\/wp-content\/uploads\/2021\/12\/map-fromengal-300x126.png 300w, https:\/\/www.domaine-fromengal.com\/wp-content\/uploads\/2021\/12\/map-fromengal-1024x429.png 1024w, https:\/\/www.domaine-fromengal.com\/wp-content\/uploads\/2021\/12\/map-fromengal-768x322.png 768w, https:\/\/www.domaine-fromengal.com\/wp-content\/uploads\/2021\/12\/map-fromengal-1536x644.png 1536w\" sizes=\"(max-width: 1920px) 100vw, 1920px\" \/><div class=\"wp-block-cover__inner-container\">\n<p class=\"has-text-align-center has-large-font-size\"><\/p>\n<\/div><\/div>\n","protected":false},"excerpt":{"rendered":"<p>Fotogalerie Unser 5-Sterne-Campingplatz in der Dordogne Kontakt &amp; Anfahrt Kontaktieren Sie uns \u00d6ffnungszeiten Von September bis Juni k\u00f6nnen Sie uns von 9:00 bis 20:00 Uhr telefonisch erreichen.Im Juli und August von 8.00 bis 20.00 Uhr. Kontaktformular W\u00fcnschen Sie weitere Informationen, eine Anfrage zur Verf\u00fcgbarkeit?Bitte f\u00fcllen Sie das Formular aus. Wir werden so schnell wie m\u00f6glich [&hellip;]<\/p>\n","protected":false},"author":1,"featured_media":0,"parent":0,"menu_order":0,"comment_status":"closed","ping_status":"closed","template":"","meta":[],"acf":[],"_links":{"self":[{"href":"https:\/\/www.domaine-fromengal.com\/de\/wp-json\/wp\/v2\/pages\/6112"}],"collection":[{"href":"https:\/\/www.domaine-fromengal.com\/de\/wp-json\/wp\/v2\/pages"}],"about":[{"href":"https:\/\/www.domaine-fromengal.com\/de\/wp-json\/wp\/v2\/types\/page"}],"author":[{"embeddable":true,"href":"https:\/\/www.domaine-fromengal.com\/de\/wp-json\/wp\/v2\/users\/1"}],"replies":[{"embeddable":true,"href":"https:\/\/www.domaine-fromengal.com\/de\/wp-json\/wp\/v2\/comments?post=6112"}],"version-history":[{"count":5,"href":"https:\/\/www.domaine-fromengal.com\/de\/wp-json\/wp\/v2\/pages\/6112\/revisions"}],"predecessor-version":[{"id":6732,"href":"https:\/\/www.domaine-fromengal.com\/de\/wp-json\/wp\/v2\/pages\/6112\/revisions\/6732"}],"wp:attachment":[{"href":"https:\/\/www.domaine-fromengal.com\/de\/wp-json\/wp\/v2\/media?parent=6112"}],"curies":[{"name":"wp","href":"https:\/\/api.w.org\/{rel}","templated":true}]}}