{"id":6118,"date":"2022-05-19T15:35:04","date_gmt":"2022-05-19T13:35:04","guid":{"rendered":"https:\/\/www.domaine-fromengal.com\/standorte\/"},"modified":"2024-03-08T10:06:55","modified_gmt":"2024-03-08T09:06:55","slug":"standorte","status":"publish","type":"page","link":"https:\/\/www.domaine-fromengal.com\/de\/standorte\/","title":{"rendered":"Standorte"},"content":{"rendered":"\n<div class=\"wp-block-cover f-100-b\" style=\"padding-top:0px;padding-right:0px;padding-bottom:0px;padding-left:0px;min-height:429px\"><span aria-hidden=\"true\" class=\"has-background-dim-0 wp-block-cover__gradient-background has-background-dim\"><\/span><img width=\"1500\" height=\"450\" class=\"wp-block-cover__image-background wp-image-1238\" alt=\"\" src=\"https:\/\/www.domaine-fromengal.com\/wp-content\/uploads\/2022\/01\/allee-emplacement.jpg\" data-object-fit=\"cover\" srcset=\"https:\/\/www.domaine-fromengal.com\/wp-content\/uploads\/2022\/01\/allee-emplacement.jpg 1500w, https:\/\/www.domaine-fromengal.com\/wp-content\/uploads\/2022\/01\/allee-emplacement-300x90.jpg 300w, https:\/\/www.domaine-fromengal.com\/wp-content\/uploads\/2022\/01\/allee-emplacement-1024x307.jpg 1024w, https:\/\/www.domaine-fromengal.com\/wp-content\/uploads\/2022\/01\/allee-emplacement-768x230.jpg 768w\" sizes=\"(max-width: 1500px) 100vw, 1500px\" \/><div class=\"wp-block-cover__inner-container\">\n<p class=\"has-text-align-center has-large-font-size\"><\/p>\n<\/div><\/div>\n\n\n\n<div style=\"height:51px\" aria-hidden=\"true\" class=\"wp-block-spacer\"><\/div>\n\n\n\n<div class=\"wp-block-columns boxage introduction\">\n<div class=\"wp-block-column is-vertically-aligned-center\" style=\"flex-basis:40%\">\n<h1 class=\"titre_a\" id=\"emplacementsde-camping-ombragesen-dordogne\">Standorte<br>schattige Campingpl\u00e4tze<br><span>in der Dordogne<\/span><\/h1>\n<\/div>\n\n\n\n<div class=\"wp-block-column is-vertically-aligned-center\" style=\"flex-basis:60%\">\n<div class=\"wp-block-columns points-forts\">\n<div class=\"wp-block-column\">\n<div class=\"wp-block-columns\">\n<div class=\"wp-block-column is-vertically-aligned-center\" style=\"flex-basis:20%\">\n<p class=\"picto rouge\"> <i class=\"fas fa-trees\"><\/i> <\/p>\n<\/div>\n\n\n\n<div class=\"wp-block-column\" style=\"flex-basis:80%\">\n<p class=\"legende\"> <strong>Ger\u00e4umige &amp; schattige<\/strong>Stellpl\u00e4tze<\/p>\n<\/div>\n<\/div>\n<\/div>\n\n\n\n<div class=\"wp-block-column\">\n<div class=\"wp-block-columns\">\n<div class=\"wp-block-column is-vertically-aligned-center\" style=\"flex-basis:20%\">\n<p class=\"picto bleu\"> <i class=\"fas fa-badge-check\"><\/i> <\/p>\n<\/div>\n\n\n\n<div class=\"wp-block-column\" style=\"flex-basis:80%\">\n<p class=\"legende\">Sanit\u00e4rblock<br><strong>und W\u00e4scherei  <\/strong><\/p>\n<\/div>\n<\/div>\n<\/div>\n\n\n\n<div class=\"wp-block-column\">\n<div class=\"wp-block-columns\">\n<div class=\"wp-block-column is-vertically-aligned-center\" style=\"flex-basis:20%\">\n<p class=\"picto vert\"> <i class=\"fas fa-key\"><\/i> <\/p>\n<\/div>\n\n\n\n<div class=\"wp-block-column\" style=\"flex-basis:80%\">\n<p class=\"legende\"> <strong>Mietservice f\u00fcr Ausr\u00fcstung<\/strong><\/p>\n<\/div>\n<\/div>\n<\/div>\n<\/div>\n<\/div>\n<\/div>\n\n\n\n<div class=\"wp-container-69f0f9d83780c wp-block-group boxage\"><div class=\"wp-block-group__inner-container\">\n<div class=\"wp-block-columns\">\n<div class=\"wp-block-column\">\n<ctv-product data-product-id=\"24087\"><\/ctv-product>\n<\/div>\n\n\n\n<div class=\"wp-block-column\">\n<ctv-product data-product-id=\"89231\"><\/ctv-product>\n<\/div>\n<\/div>\n<\/div><\/div>\n\n\n\n<div class=\"wp-container-69f0f9d8394d8 wp-block-group f-75-a\"><div class=\"wp-block-group__inner-container\">\n<div style=\"height:130px\" aria-hidden=\"true\" class=\"wp-block-spacer\"><\/div>\n\n\n\n<div class=\"wp-container-69f0f9d83877d wp-block-group boxage\"><div class=\"wp-block-group__inner-container\">\n<h2 id=\"des-emplacements-de-camping-en-perigord-noir-spacieux-et-ombrages\">Campingpl\u00e4tze im P\u00e9rigord Noir<br><span>ger\u00e4umig und schattig<\/span><\/h2>\n\n\n\n<div class=\"wp-block-columns\">\n<div class=\"wp-block-column\" style=\"flex-basis:40%\">\n<p><strong>Unsere Campingpl\u00e4tze <\/strong>sind<strong> ger\u00e4umig<\/strong>, zwischen 80 und 100 m2 gro\u00df, mit B\u00e4umen bewachsen, schattig, halbschattig oder sonnig und durch Hecken aus verschiedenen Str\u00e4uchern abgegrenzt.<br><strong>Die Komfortstellpl\u00e4tze <\/strong>sind alle mit Strom (6 oder 10 Ampere) und Wasseranschluss ausgestattet.  <\/p>\n\n\n\n<p><strong>Die Natur-Stellpl\u00e4tze<\/strong> sind ohne Strom und verf\u00fcgen \u00fcber eine Wasserversorgung.<\/p>\n\n\n\n<p>Wenn Sie bei der Buchung Pr\u00e4ferenzen f\u00fcr Ihren Standort haben, teilen Sie uns diese bitte mit.<\/p>\n\n\n\n<p>Von Ihrem<strong> schattigen<\/strong> Campingplatz aus k\u00f6nnen Sie die <a href=\"https:\/\/www.domaine-fromengal.com\/de\/dienste\/\" data-type=\"page\" data-id=\"6140\">zahlreichen Einrichtungen<\/a> nutzen, die <strong>unser 5-Sterne-Campingplatz in der Dordogne<\/strong> zu bieten hat, wie z. B. unseren <a rel=\"noreferrer noopener\" href=\"https:\/\/www.domaine-fromengal.com\/de\/swimmingpool\/\" data-type=\"page\" data-id=\"279\" target=\"_blank\">Wasserpark mit Schwimmb\u00e4dern und Rutschen<\/a>.<\/p>\n\n\n\n<div style=\"height:60px\" aria-hidden=\"true\" class=\"wp-block-spacer\"><\/div>\n\n\n\n<div class=\"wp-container-69f0f9d837d2f wp-block-buttons\">\n<div class=\"wp-block-button vert\"><a class=\"wp-block-button__link\" href=\"https:\/\/tourmkr.com\/F1cnchDTyK\/34163700p&amp;175.4h&amp;89.52t\" target=\"_blank\" rel=\"noreferrer noopener\">Entdecken Sie den virtuellen Rundgang durch die Standorte<\/a><\/div>\n<\/div>\n\n\n\n<div style=\"height:60px\" aria-hidden=\"true\" class=\"wp-block-spacer\"><\/div>\n\n\n\n<h2 id=\"un-bloc-sanitaire-propre-et-bien-equipe\">Ein Sanit\u00e4rblock  <br><span>sauber und gut ausgestattet<\/span><\/h2>\n\n\n\n<p>Unser <strong>Naturcampingplatz in der Dordogne<\/strong> liegt in der N\u00e4he von <a href=\"https:\/\/www.domaine-fromengal.com\/de\/umgebung\/\" data-type=\"page\" data-id=\"322\">Cadouin<\/a> und verf\u00fcgt \u00fcber einen gro\u00dfen, <strong>ausgestatteten Sanit\u00e4rblock <\/strong>(der au\u00dferhalb der Saison beheizt werden kann). Dieser umfasst 12 WCs, 10 Waschbecken in Kabinen mit Rasiereranschluss und 8 Duschen.  <\/p>\n\n\n\n<p>Ebenfalls zu Ihrer Verf\u00fcgung steht ein <strong>Babybadezimmer <\/strong>mit Badewanne, Waschbecken und Wickeltisch sowie ein Kinder-WC.<\/p>\n\n\n\n<p>Die Sanit\u00e4ranlagen werden zweimal t\u00e4glich, morgens und nachmittags, gereinigt.<\/p>\n\n\n\n<p>F\u00fcr Geschirr und W\u00e4sche: 8 Geschirrsp\u00fclbecken, 2 W\u00e4schewaschbecken.<\/p>\n\n\n\n<p>Der Waschsalon verf\u00fcgt \u00fcber 2 Waschmaschinen und 1 Trockner. Die Chips sind an der Rezeption erh\u00e4ltlich. Bereitstellung eines B\u00fcgelbretts, das B\u00fcgeleisen wird auf Anfrage ausgeliehen.  <\/p>\n\n\n\n<p>F\u00fcr Wohnmobile steht ein Abfluss zur Verf\u00fcgung.<\/p>\n<\/div>\n\n\n\n<div class=\"wp-block-column\" style=\"flex-basis:60%\">\n<figure class=\"wp-block-gallery has-nested-images columns-1 is-cropped\">\n<figure class=\"wp-block-image size-large\"><img width=\"1024\" height=\"683\" src=\"https:\/\/www.domaine-fromengal.com\/wp-content\/uploads\/2022\/01\/00000798838-1024x683.jpg\" alt=\"\" class=\"wp-image-1245\" srcset=\"https:\/\/www.domaine-fromengal.com\/wp-content\/uploads\/2022\/01\/00000798838-1024x683.jpg 1024w, https:\/\/www.domaine-fromengal.com\/wp-content\/uploads\/2022\/01\/00000798838-300x200.jpg 300w, https:\/\/www.domaine-fromengal.com\/wp-content\/uploads\/2022\/01\/00000798838-768x512.jpg 768w, https:\/\/www.domaine-fromengal.com\/wp-content\/uploads\/2022\/01\/00000798838-1536x1024.jpg 1536w, https:\/\/www.domaine-fromengal.com\/wp-content\/uploads\/2022\/01\/00000798838.jpg 1800w\" sizes=\"(max-width: 1024px) 100vw, 1024px\" \/><\/figure>\n<\/figure>\n\n\n\n<div class=\"wp-block-columns\">\n<div class=\"wp-block-column\">\n<div class=\"wp-container-69f0f9d83827d wp-block-buttons\">\n<div class=\"wp-block-button vert btn_resa_empl\"><a class=\"wp-block-button__link\">Buchen Sie einen Aufenthalt<\/a><\/div>\n<\/div>\n<\/div>\n\n\n\n<div class=\"wp-block-column\">\n<p class=\"lien\"> <i class=\"fal fa-camera\"><\/i> <a href=\"https:\/\/www.domaine-fromengal.com\/de\/mediengalerie\/\" data-type=\"page\" data-id=\"535\">Fotogalerie<\/a><\/p>\n<\/div>\n<\/div>\n\n\n\n<div class=\"wp-block-columns points-forts\">\n<div class=\"wp-block-column\">\n<div class=\"wp-block-columns\">\n<div class=\"wp-block-column is-vertically-aligned-center\" style=\"flex-basis:20%\">\n<p class=\"has-text-align-right picto bleu\"><i class=\"fas fa-wheelchair\"><\/i><\/p>\n<\/div>\n\n\n\n<div class=\"wp-block-column\" style=\"flex-basis:80%\">\n<p class=\"legende\"><strong><em>F\u00fcr Personen mit eingeschr\u00e4nkter Mobilit\u00e4t stehen Ihnen ein eigener Sanit\u00e4rbereich sowie eine speziell angepasste Dusch-\/Waschkabine zur Verf\u00fcgung.<\/em><\/strong><\/p>\n<\/div>\n<\/div>\n<\/div>\n<\/div>\n<\/div>\n<\/div>\n<\/div><\/div>\n\n\n\n<div style=\"height:49px\" aria-hidden=\"true\" class=\"wp-block-spacer\"><\/div>\n\n\n\n<div class=\"wp-container-69f0f9d83912a wp-block-group f-70-a\"><div class=\"wp-block-group__inner-container\">\n<div class=\"wp-block-columns boxage\">\n<div class=\"wp-block-column galerie\">\n<figure class=\"wp-block-gallery has-nested-images columns-2 is-cropped\">\n<figure class=\"wp-block-image size-large\"><img width=\"480\" height=\"560\" src=\"https:\/\/www.domaine-fromengal.com\/wp-content\/uploads\/2022\/01\/02-emplacements-IMG_4424.jpg\" alt=\"\" class=\"wp-image-1206\" srcset=\"https:\/\/www.domaine-fromengal.com\/wp-content\/uploads\/2022\/01\/02-emplacements-IMG_4424.jpg 480w, https:\/\/www.domaine-fromengal.com\/wp-content\/uploads\/2022\/01\/02-emplacements-IMG_4424-257x300.jpg 257w\" sizes=\"(max-width: 480px) 100vw, 480px\" \/><\/figure>\n\n\n\n<figure class=\"wp-block-image size-full\"><img width=\"960\" height=\"640\" src=\"https:\/\/www.domaine-fromengal.com\/wp-content\/uploads\/2022\/01\/emplacement-de-camping-Dordogne.jpg\" alt=\"Domaine De Fromengal: Stellplatz Camping Dordogne\" class=\"wp-image-2143\" srcset=\"https:\/\/www.domaine-fromengal.com\/wp-content\/uploads\/2022\/01\/emplacement-de-camping-Dordogne.jpg 960w, https:\/\/www.domaine-fromengal.com\/wp-content\/uploads\/2022\/01\/emplacement-de-camping-Dordogne-300x200.jpg 300w, https:\/\/www.domaine-fromengal.com\/wp-content\/uploads\/2022\/01\/emplacement-de-camping-Dordogne-768x512.jpg 768w\" sizes=\"(max-width: 960px) 100vw, 960px\" \/><\/figure>\n\n\n\n<figure class=\"wp-block-image size-large\"><img width=\"1024\" height=\"307\" src=\"https:\/\/www.domaine-fromengal.com\/wp-content\/uploads\/2022\/01\/06-emplacements-1024x307.jpg\" alt=\"Domaine De Fromengal : 06 Stellpl\u00e4tze\" class=\"wp-image-1251\" srcset=\"https:\/\/www.domaine-fromengal.com\/wp-content\/uploads\/2022\/01\/06-emplacements-1024x307.jpg 1024w, https:\/\/www.domaine-fromengal.com\/wp-content\/uploads\/2022\/01\/06-emplacements-300x90.jpg 300w, https:\/\/www.domaine-fromengal.com\/wp-content\/uploads\/2022\/01\/06-emplacements-768x230.jpg 768w, https:\/\/www.domaine-fromengal.com\/wp-content\/uploads\/2022\/01\/06-emplacements.jpg 1500w\" sizes=\"(max-width: 1024px) 100vw, 1024px\" \/><\/figure>\n<\/figure>\n\n\n\n<p class=\"has-text-align-center lien\"><i class=\"fal fa-camera\"><\/i> <a href=\"https:\/\/www.domaine-fromengal.com\/de\/mediengalerie\/\" data-type=\"page\" data-id=\"535\">Fotogalerie<\/a><\/p>\n\n\n\n<div style=\"height:50px\" aria-hidden=\"true\" class=\"wp-block-spacer\"><\/div>\n<\/div>\n\n\n\n<div class=\"wp-block-column redactionnel\">\n<h2 class=\"titre_b\" id=\"voyagez-leger-et-profitezde-notre-service-de-location\">Reisen Sie mit leichtem Gep\u00e4ck und genie\u00dfen Sie<br><span>von unserem Mietservice<\/span><\/h2>\n\n\n\n<p>Da man sich nicht unbedingt belasten m\u00f6chte, wenn man in den Urlaub f\u00e4hrt, bieten wir Ihnen die<strong> Vermietung von :<\/strong><\/p>\n\n\n\n<ul><li>K\u00fchlschrank<\/li><li>Holzkohlegrill<\/li><li>Campingtisch und -st\u00fchle<\/li><li>Liegest\u00fchle<\/li><li>Gartenlaube<\/li><\/ul>\n\n\n\n<p>Das gebuchte Material wird Ihnen direkt an Ihren Stellplatz geliefert. Denken Sie daran, diese zu bestellen, wenn Sie Ihre Buchung vornehmen. F\u00fcr das Ausleihen der einzelnen Materialien wird eine Kaution verlangt.<\/p>\n\n\n\n<div class=\"wp-block-group encart-alerte\"><div class=\"wp-block-group__inner-container\">\n<h3 class=\"has-text-align-center\" id=\"infos-pratiques-1\"><strong>Praktische Infos<\/strong><\/h3>\n\n\n\n<div class=\"wp-block-columns\">\n<div class=\"wp-block-column\" style=\"flex-basis:30%\"><i class=\"fal fa-garage-open\"><\/i>\n\n\n\n<p class=\"has-text-align-center\">Freie An- und Abreisetage die ganze Saison \u00fcber<\/p>\n<\/div>\n\n\n\n<div class=\"wp-block-column\" style=\"flex-basis:30%\"><i class=\"fal fa-campground\"><\/i>\n\n\n\n<p class=\"has-text-align-center\">Pl\u00e4tze, die bis 12 Uhr ger\u00e4umt werden m\u00fcssen &amp; ab 14 Uhr verf\u00fcgbar sind<\/p>\n<\/div>\n\n\n\n<div class=\"wp-block-column\" style=\"flex-basis:30%\"><i class=\"fal fa-dog-leashed\"><\/i>\n\n\n\n<p class=\"has-text-align-center\">Unsere Freunde, die Hunde, sind erlaubt  <br>mit Aufpreis<\/p>\n<\/div>\n<\/div>\n\n\n\n<div class=\"wp-block-columns\">\n<div class=\"wp-block-column\" style=\"flex-basis:30%\"><i class=\"fal fa-charging-station\"><\/i>\n\n\n\n<p class=\"has-text-align-center\">Denken Sie daran, einen europ\u00e4ischen Stecker f\u00fcr die Stroms\u00e4ule mitzubringen.<\/p>\n<\/div>\n\n\n\n<div class=\"wp-block-column\" style=\"flex-basis:30%\"><i class=\"fal fa-campfire\"><\/i>\n\n\n\n<p class=\"has-text-align-center\">Nur Holzkohlegrills sind erlaubt<\/p>\n<\/div>\n<\/div>\n<\/div><\/div>\n\n\n\n<p>Sind Sie eher <a href=\"https:\/\/www.domaine-fromengal.com\/de\/chalets\/\" data-type=\"page\" data-id=\"289\"><strong>chaletvermietung in Dordogne<\/strong> <\/a> ?<strong> Die Domaine de Fromengal,<\/strong> bietet Ihnen eine gro\u00dfe Auswahl an Unterk\u00fcnften. Entscheiden Sie sich f\u00fcr ein <strong>neues<\/strong> und geschmackvoll eingerichtetes <strong>Mobilheim<\/strong>, <strong>eine H\u00fctte<\/strong> oder auch einen <strong>Zeltbungalow<\/strong>.<\/p>\n\n\n\n<p>Entspannen Sie sich auf ihrer Terrasse, um die Sonne unserer Region in vollen Z\u00fcgen zu genie\u00dfen, und lassen Sie sich von der Umgebung unseres <strong>\n  <a href=\"https:\/\/www.domaine-fromengal.com\/de\/umgebung\/\" data-type=\"page\" data-id=\"322\">Campingplatz im schwarzen P\u00e9rigord<\/a>\n<\/strong>.<\/p>\n\n\n\n<div style=\"height:100px\" aria-hidden=\"true\" class=\"wp-block-spacer\"><\/div>\n<\/div>\n<\/div>\n<\/div><\/div>\n\n\n\n<div class=\"wp-block-cover is-light fond boxage\" style=\"padding-top:250px;padding-right:250px;padding-bottom:250px;padding-left:250px\"><span aria-hidden=\"true\" class=\"has-background-dim-90 wp-block-cover__gradient-background has-background-dim\" style=\"background-color:#d3ebd4\"><\/span><img width=\"1500\" height=\"750\" class=\"wp-block-cover__image-background wp-image-325\" alt=\"\" src=\"https:\/\/www.domaine-fromengal.com\/wp-content\/uploads\/2021\/12\/accueil-04.jpg\" style=\"object-position:49% 100%\" data-object-fit=\"cover\" data-object-position=\"49% 100%\" srcset=\"https:\/\/www.domaine-fromengal.com\/wp-content\/uploads\/2021\/12\/accueil-04.jpg 1500w, https:\/\/www.domaine-fromengal.com\/wp-content\/uploads\/2021\/12\/accueil-04-300x150.jpg 300w, https:\/\/www.domaine-fromengal.com\/wp-content\/uploads\/2021\/12\/accueil-04-1024x512.jpg 1024w, https:\/\/www.domaine-fromengal.com\/wp-content\/uploads\/2021\/12\/accueil-04-768x384.jpg 768w\" sizes=\"(max-width: 1500px) 100vw, 1500px\" \/><div class=\"wp-block-cover__inner-container\">\n<p class=\"has-text-align-center has-large-font-size\"><\/p>\n<\/div><\/div>\n<\/div><\/div>\n\n\n\n<div class=\"wp-block-cover alignfull banniere\"><span aria-hidden=\"true\" class=\"has-background-dim-0 wp-block-cover__gradient-background has-background-dim\"><\/span><img width=\"1500\" height=\"450\" class=\"wp-block-cover__image-background wp-image-1241\" alt=\"\" src=\"https:\/\/www.domaine-fromengal.com\/wp-content\/uploads\/2022\/01\/03-emplacements-IMG_5116.jpg\" style=\"object-position:75% 100%\" data-object-fit=\"cover\" data-object-position=\"75% 100%\" srcset=\"https:\/\/www.domaine-fromengal.com\/wp-content\/uploads\/2022\/01\/03-emplacements-IMG_5116.jpg 1500w, https:\/\/www.domaine-fromengal.com\/wp-content\/uploads\/2022\/01\/03-emplacements-IMG_5116-300x90.jpg 300w, https:\/\/www.domaine-fromengal.com\/wp-content\/uploads\/2022\/01\/03-emplacements-IMG_5116-1024x307.jpg 1024w, https:\/\/www.domaine-fromengal.com\/wp-content\/uploads\/2022\/01\/03-emplacements-IMG_5116-768x230.jpg 768w\" sizes=\"(max-width: 1500px) 100vw, 1500px\" \/><div class=\"wp-block-cover__inner-container\">\n<p class=\"has-text-align-center has-large-font-size\"><\/p>\n<\/div><\/div>\n","protected":false},"excerpt":{"rendered":"<p>Standorteschattige Campingpl\u00e4tzein der Dordogne Ger\u00e4umige &amp; schattigeStellpl\u00e4tze Sanit\u00e4rblockund W\u00e4scherei Mietservice f\u00fcr Ausr\u00fcstung Campingpl\u00e4tze im P\u00e9rigord Noirger\u00e4umig und schattig Unsere Campingpl\u00e4tze sind ger\u00e4umig, zwischen 80 und 100 m2 gro\u00df, mit B\u00e4umen bewachsen, schattig, halbschattig oder sonnig und durch Hecken aus verschiedenen Str\u00e4uchern abgegrenzt.Die Komfortstellpl\u00e4tze sind alle mit Strom (6 oder 10 Ampere) und Wasseranschluss ausgestattet. Die [&hellip;]<\/p>\n","protected":false},"author":1,"featured_media":0,"parent":0,"menu_order":0,"comment_status":"closed","ping_status":"closed","template":"","meta":[],"acf":[],"_links":{"self":[{"href":"https:\/\/www.domaine-fromengal.com\/de\/wp-json\/wp\/v2\/pages\/6118"}],"collection":[{"href":"https:\/\/www.domaine-fromengal.com\/de\/wp-json\/wp\/v2\/pages"}],"about":[{"href":"https:\/\/www.domaine-fromengal.com\/de\/wp-json\/wp\/v2\/types\/page"}],"author":[{"embeddable":true,"href":"https:\/\/www.domaine-fromengal.com\/de\/wp-json\/wp\/v2\/users\/1"}],"replies":[{"embeddable":true,"href":"https:\/\/www.domaine-fromengal.com\/de\/wp-json\/wp\/v2\/comments?post=6118"}],"version-history":[{"count":5,"href":"https:\/\/www.domaine-fromengal.com\/de\/wp-json\/wp\/v2\/pages\/6118\/revisions"}],"predecessor-version":[{"id":6989,"href":"https:\/\/www.domaine-fromengal.com\/de\/wp-json\/wp\/v2\/pages\/6118\/revisions\/6989"}],"wp:attachment":[{"href":"https:\/\/www.domaine-fromengal.com\/de\/wp-json\/wp\/v2\/media?parent=6118"}],"curies":[{"name":"wp","href":"https:\/\/api.w.org\/{rel}","templated":true}]}}