{"id":6126,"date":"2022-05-19T15:48:55","date_gmt":"2022-05-19T13:48:55","guid":{"rendered":"https:\/\/www.domaine-fromengal.com\/nuetzliche-infos\/"},"modified":"2025-03-24T12:20:37","modified_gmt":"2025-03-24T11:20:37","slug":"nuetzliche-infos","status":"publish","type":"page","link":"https:\/\/www.domaine-fromengal.com\/de\/nuetzliche-infos\/","title":{"rendered":"N\u00fctzliche Infos"},"content":{"rendered":"\n<div class=\"wp-block-cover is-light f-100-b\" style=\"padding-top:0px;padding-right:0px;padding-bottom:0px;padding-left:0px\"><span aria-hidden=\"true\" class=\"has-background-dim-0 wp-block-cover__gradient-background has-background-dim\"><\/span><img width=\"960\" height=\"640\" class=\"wp-block-cover__image-background wp-image-1328\" alt=\"Domaine De Fromengal : Chalets Dans La Prairie\" src=\"https:\/\/www.domaine-fromengal.com\/wp-content\/uploads\/2022\/01\/chalets-dans-la-prairie.jpg\" style=\"object-position:32% 61%\" data-object-fit=\"cover\" data-object-position=\"32% 61%\" srcset=\"https:\/\/www.domaine-fromengal.com\/wp-content\/uploads\/2022\/01\/chalets-dans-la-prairie.jpg 960w, https:\/\/www.domaine-fromengal.com\/wp-content\/uploads\/2022\/01\/chalets-dans-la-prairie-300x200.jpg 300w, https:\/\/www.domaine-fromengal.com\/wp-content\/uploads\/2022\/01\/chalets-dans-la-prairie-768x512.jpg 768w\" sizes=\"(max-width: 960px) 100vw, 960px\" \/><div class=\"wp-block-cover__inner-container\">\n<p class=\"has-text-align-center has-large-font-size\"><\/p>\n<\/div><\/div>\n\n\n\n<div style=\"height:100px\" aria-hidden=\"true\" class=\"wp-block-spacer\"><\/div>\n\n\n\n<div class=\"wp-block-columns boxage introduction\">\n<div class=\"wp-block-column\" style=\"flex-basis:40%\">\n<h1 class=\"titre_c\" id=\"toutes-les-infos-pourbien-preparer-votre-sejour\">Alle Infos zu<br><span>Ihren Aufenthalt gut vorbereiten<\/span><\/h1>\n<\/div>\n\n\n\n<div class=\"wp-block-column is-vertically-aligned-center\" style=\"flex-basis:60%\">\n<div class=\"wp-block-columns points-forts\">\n<div class=\"wp-block-column\">\n<div class=\"wp-block-columns\">\n<div class=\"wp-block-column is-vertically-aligned-center\" style=\"flex-basis:20%\">\n<p class=\"picto rouge\"> <i class=\"fas fa-file-download\"><\/i> <\/p>\n<\/div>\n\n\n\n<div class=\"wp-block-column\" style=\"flex-basis:80%\">\n<p class=\"legende\">Alle <strong>relevanten Dokumente<\/strong>herunterladen oder ansehen<\/p>\n<\/div>\n<\/div>\n<\/div>\n\n\n\n<div class=\"wp-block-column\">\n<div class=\"wp-block-columns\">\n<div class=\"wp-block-column is-vertically-aligned-center\" style=\"flex-basis:20%\">\n<p class=\"picto bleu\"> <i class=\"fas fa-play\"><\/i> <\/p>\n<\/div>\n\n\n\n<div class=\"wp-block-column\" style=\"flex-basis:80%\">\n<p class=\"legende\">Entdecken Sie <strong><a href=\"https:\/\/tourmkr.com\/F1cnchDTyK\" target=\"_blank\" rel=\"noreferrer noopener\">den virtuellen Rundgang<\/a><\/strong> durch den Campingplatz und seine Einrichtungen<\/p>\n<\/div>\n<\/div>\n<\/div>\n\n\n\n<div class=\"wp-block-column\">\n<div class=\"wp-block-columns\">\n<div class=\"wp-block-column is-vertically-aligned-center\" style=\"flex-basis:20%\">\n<p class=\"picto vert\"> <i class=\"fal fa-mobile\"><\/i> <\/p>\n<\/div>\n\n\n\n<div class=\"wp-block-column\" style=\"flex-basis:80%\">\n<p class=\"legende\">Installieren Sie <strong>unsere App <\/strong>, um Ihren Aufenthalt vorzubereiten und erfolgreich zu gestalten.<\/p>\n<\/div>\n<\/div>\n<\/div>\n<\/div>\n<\/div>\n<\/div>\n\n\n\n<div style=\"height:40px\" aria-hidden=\"true\" class=\"wp-block-spacer\"><\/div>\n\n\n\n<div class=\"wp-container-69f9d21d42e03 wp-block-group boxage\"><div class=\"wp-block-group__inner-container\">\n<div class=\"wp-block-columns infos\">\n<div class=\"wp-block-column listpdf card\" style=\"flex-basis:30%\">\n<h2 id=\"documents-a-telecharger\">Dokumente  <br><span>zum Herunterladen<\/span><\/h2>\n\n\n\n<ul><li><a href=\"https:\/\/www.domaine-fromengal.com\/wp-content\/uploads\/2022\/01\/Brochure-Domaine-de-Fromengal-2017.pdf\" target=\"_blank\">Brosch\u00fcre der Domain<\/a><\/li><li><a href=\"https:\/\/www.domaine-fromengal.com\/wp-content\/uploads\/2022\/01\/Charte-engagement-Camping-Qualite.pdf\" target=\"_blank\">Charta f\u00fcr das Engagement von Camping Qualit\u00e9<\/a><\/li><li><a href=\"https:\/\/www.domaine-fromengal.com\/wp-content\/uploads\/2022\/01\/Reglement-Interieur-Camping-Domaine-de-Fromengal.pdf\" target=\"_blank\">Gesch\u00e4ftsordnung<\/a><\/li><li><a href=\"https:\/\/www.domaine-fromengal.com\/wp-content\/uploads\/2022\/01\/Itineraire-Camping-Domaine-de-Fromengal.pdf\" target=\"_blank\">Route<\/a><\/li><li><a href=\"https:\/\/www.domaine-fromengal.com\/wp-content\/uploads\/2024\/03\/Download-the-campsite-application-1.pdf\" target=\"_blank\">Installationsanleitung f\u00fcr die Cool'n Camp-App<\/a><\/li><\/ul>\n\n\n\n<div style=\"height:100px\" aria-hidden=\"true\" class=\"wp-block-spacer\"><\/div>\n\n\n\n<h2 id=\"avis-clients-1\">Kundenmeinungen<\/h2>\n\n\n\n<div class=\"wp-container-69f9d21d41db4 wp-block-group avis-clients\"><div class=\"wp-block-group__inner-container\">\n<ctv-reviews data-modal-position=\"bottom\"><\/ctv-reviews>\n<\/div><\/div>\n<\/div>\n\n\n\n<div class=\"wp-block-column\">\n<h2 class=\"has-text-align-left titre_a\" id=\"visite-virtuelledu-camping\">Entdecken Sie das<span> Camping<\/span>noch mehr<\/h2>\n\n\n\n<div class=\"wp-block-columns has-bg-principale-background-color has-background\">\n<div class=\"wp-block-column is-vertically-aligned-center\">\n<h3 class=\"has-text-align-center\">Eine App, die alles wei\u00df!<\/h3>\n\n\n\n<div style=\"height:29px\" aria-hidden=\"true\" class=\"wp-block-spacer\"><\/div>\n\n\n\n<p class=\"has-text-align-center boxage\"><strong><strong>Denken Sie daran, unsere App herunterzuladen<\/strong><\/strong><br>um Ihren Aufenthalt vorzubereiten und Ihren Urlaub in vollen Z\u00fcgen zu genie\u00dfen.<\/p>\n\n\n\n<div style=\"height:29px\" aria-hidden=\"true\" class=\"wp-block-spacer\"><\/div>\n\n\n\n<div class=\"wp-block-columns app\">\n<div class=\"wp-block-column is-vertically-aligned-center\" style=\"flex-basis:50%\">\n<div class=\"wp-block-image\"><figure class=\"alignright size-full\"><a href=\"https:\/\/apps.apple.com\/us\/app\/cooln-camp\/id970396480?ign-mpt=uo%3D2\" target=\"_blank\" rel=\"noopener\"><img width=\"200\" height=\"69\" src=\"https:\/\/www.domaine-fromengal.com\/wp-content\/uploads\/2022\/03\/appstore.png\" alt=\"\" class=\"wp-image-4311\"\/><\/a><\/figure><\/div>\n<\/div>\n\n\n\n<div class=\"wp-block-column is-vertically-aligned-center\" style=\"flex-basis:50%\">\n<div class=\"wp-block-image\"><figure class=\"alignleft size-full\"><a href=\"https:\/\/play.google.com\/store\/apps\/details?id=com.pcb.coolncamp\" target=\"_blank\" rel=\"noopener\"><img width=\"200\" height=\"68\" src=\"https:\/\/www.domaine-fromengal.com\/wp-content\/uploads\/2022\/03\/googleplay.png\" alt=\"\" class=\"wp-image-4314\"\/><\/a><\/figure><\/div>\n<\/div>\n<\/div>\n\n\n\n<div style=\"height:30px\" aria-hidden=\"true\" class=\"wp-block-spacer\"><\/div>\n\n\n\n<div class=\"wp-block-columns\">\n<div class=\"wp-block-column\">\n<p class=\"has-text-align-left has-principale-color has-text-color\"><strong>Vor dem Aufenthalt :<\/strong><\/p>\n\n\n\n<ul><li>Hier finden Sie alle praktischen Infos \u00fcber den Campingplatz: \u00d6ffnungszeiten der Dienstleistungen und Aktivit\u00e4ten.<\/li><li>Profitieren Sie von zus\u00e4tzlichen Dienstleistungen (Vermietung von Bettw\u00e4sche, Reinigungspauschale, Babyausstattung, &#8230;)<\/li><li>Planen Sie Ihren Einzug vor, indem Sie der Rezeption Ihre Ankunftszeit mitteilen.<\/li><\/ul>\n<\/div>\n\n\n\n<div class=\"wp-block-column\">\n<p class=\"has-text-align-left has-principale-color has-text-color\"><strong>W\u00e4hrend des Aufenthalts :<\/strong><\/p>\n\n\n\n<ul><li>Verwalten Sie Ihre Ankunftssituation<\/li><li>Sehen Sie sich den Veranstaltungsplan direkt auf Ihrem Smartphone an<\/li><li>Entdecken Sie die Umgebung und m\u00f6gliche Aktivit\u00e4ten<\/li><li>Ein Problem an unser technisches Team melden<\/li><\/ul>\n<\/div>\n<\/div>\n<\/div>\n<\/div>\n\n\n\n<div style=\"height:44px\" aria-hidden=\"true\" class=\"wp-block-spacer\"><\/div>\n\n\n\n<div class=\"wp-container-69f9d21d42a73 wp-block-group partenaires\"><div class=\"wp-block-group__inner-container\">\n<h2 class=\"has-text-align-left\" id=\"nos-partenaires\"><span>Unsere Partner<\/span><\/h2>\n\n\n\n<h3 class=\"has-text-align-left\" id=\"partenaires-touristiques\">Tourismuspartner<\/h3>\n\n\n\n<div class=\"wp-block-columns\">\n<div class=\"wp-block-column is-vertically-aligned-center\">\n<figure class=\"wp-block-image size-full\"><a href=\"https:\/\/www.ferme-du-portdenveaux.com\/location-canoe-dordogne-canoe-detente\/\" target=\"_blank\" rel=\"noopener\"><img width=\"276\" height=\"183\" src=\"https:\/\/www.domaine-fromengal.com\/wp-content\/uploads\/2022\/01\/canoe-detente-1.jpg\" alt=\"\" class=\"wp-image-1637\"\/><\/a><\/figure>\n<\/div>\n\n\n\n<div class=\"wp-block-column is-vertically-aligned-center\">\n<figure class=\"wp-block-image size-full\"><a href=\"http:\/\/www.cyclhope-dordogne.fr\/\" target=\"_blank\" rel=\"noopener\"><img width=\"150\" height=\"80\" src=\"https:\/\/www.domaine-fromengal.com\/wp-content\/uploads\/2022\/01\/cyclhope-e1491926250389.png\" alt=\"\" class=\"wp-image-1640\"\/><\/a><\/figure>\n<\/div>\n\n\n\n<div class=\"wp-block-column is-vertically-aligned-center\">\n<figure class=\"wp-block-image size-full\"><a href=\"http:\/\/lesgrottesdemaxange.com\/\" target=\"_blank\" rel=\"noopener\"><img width=\"400\" height=\"52\" src=\"https:\/\/www.domaine-fromengal.com\/wp-content\/uploads\/2022\/01\/logo-grotte-maxange-2016-1-e1491926518154.png\" alt=\"\" class=\"wp-image-1643\" srcset=\"https:\/\/www.domaine-fromengal.com\/wp-content\/uploads\/2022\/01\/logo-grotte-maxange-2016-1-e1491926518154.png 400w, https:\/\/www.domaine-fromengal.com\/wp-content\/uploads\/2022\/01\/logo-grotte-maxange-2016-1-e1491926518154-300x39.png 300w\" sizes=\"(max-width: 400px) 100vw, 400px\" \/><\/a><\/figure>\n<\/div>\n<\/div>\n\n\n\n<h3 class=\"has-text-align-left\" id=\"partenaires-institutionnels\">Institutionelle Partner<\/h3>\n\n\n\n<div style=\"height:10px\" aria-hidden=\"true\" class=\"wp-block-spacer\"><\/div>\n\n\n\n<div class=\"wp-block-columns\">\n<div class=\"wp-block-column is-vertically-aligned-center\">\n<div class=\"wp-block-image\"><figure class=\"alignleft size-full\"><a href=\"https:\/\/www.campingsdordogneperigord.com\/\" target=\"_blank\" rel=\"noopener\"><img width=\"197\" height=\"50\" src=\"https:\/\/www.domaine-fromengal.com\/wp-content\/uploads\/2022\/01\/campingdordogneperigord.png\" alt=\"\" class=\"wp-image-1652\"\/><\/a><\/figure><\/div>\n<\/div>\n\n\n\n<div class=\"wp-block-column is-vertically-aligned-center\">\n<div class=\"wp-block-image\"><figure class=\"alignleft size-full\"><a href=\"https:\/\/www.nouvelle-aquitaine.fr\/\" target=\"_blank\" rel=\"noopener\"><img width=\"139\" height=\"50\" src=\"https:\/\/www.domaine-fromengal.com\/wp-content\/uploads\/2022\/01\/region_nouvelle_aquitaine.png\" alt=\"\" class=\"wp-image-1655\"\/><\/a><\/figure><\/div>\n<\/div>\n<\/div>\n\n\n\n<div style=\"height:100px\" aria-hidden=\"true\" class=\"wp-block-spacer\"><\/div>\n\n\n\n<h2 class=\"has-text-align-left\" id=\"liens-utiles\"><span>N\u00fctzliche Links<\/span><\/h2>\n\n\n\n<div class=\"wp-block-columns\">\n<div class=\"wp-block-column is-vertically-aligned-center\">\n<figure class=\"wp-block-image size-full\"><a href=\"https:\/\/www.dordogne-perigord-tourisme.fr\/\" target=\"_blank\" rel=\"noopener\"><img width=\"150\" height=\"44\" src=\"https:\/\/www.domaine-fromengal.com\/wp-content\/uploads\/2022\/01\/toursime-dordogne-e1491925829235.png\" alt=\"\" class=\"wp-image-1663\"\/><\/a><\/figure>\n<\/div>\n\n\n\n<div class=\"wp-block-column is-vertically-aligned-center\">\n<figure class=\"wp-block-image size-full\"><a href=\"https:\/\/www.pays-bergerac-tourisme.com\/fr\" target=\"_blank\" rel=\"noopener\"><img width=\"150\" height=\"84\" src=\"https:\/\/www.domaine-fromengal.com\/wp-content\/uploads\/2022\/01\/pays-bergerac-e1491925735249.png\" alt=\"\" class=\"wp-image-1666\"\/><\/a><\/figure>\n<\/div>\n\n\n\n<div class=\"wp-block-column is-vertically-aligned-center\">\n<figure class=\"wp-block-image size-full\"><a href=\"https:\/\/www.lascaux-dordogne.com\/\" target=\"_blank\" rel=\"noopener\"><img width=\"187\" height=\"50\" src=\"https:\/\/www.domaine-fromengal.com\/wp-content\/uploads\/2022\/01\/logo_vallee_vezere.jpg\" alt=\"\" class=\"wp-image-1669\"\/><\/a><\/figure>\n<\/div>\n\n\n\n<div class=\"wp-block-column is-vertically-aligned-center\">\n<figure class=\"wp-block-image size-full\"><a href=\"https:\/\/www.sarlat-tourisme.com\/\" target=\"_blank\" rel=\"noopener\"><img width=\"148\" height=\"50\" src=\"https:\/\/www.domaine-fromengal.com\/wp-content\/uploads\/2022\/01\/sarlattourisme_logo.png\" alt=\"\" class=\"wp-image-1672\"\/><\/a><\/figure>\n<\/div>\n<\/div>\n\n\n\n<div class=\"wp-block-columns\">\n<div class=\"wp-block-column is-vertically-aligned-center\">\n<figure class=\"wp-block-image size-full\"><a href=\"https:\/\/www.lebuissondecadouin.fr\/\" target=\"_blank\" rel=\"noopener\"><img width=\"166\" height=\"80\" src=\"https:\/\/www.domaine-fromengal.com\/wp-content\/uploads\/2022\/01\/buisson-cadouin-e1491925969827.jpg\" alt=\"\" class=\"wp-image-1675\"\/><\/a><\/figure>\n<\/div>\n\n\n\n<div class=\"wp-block-column is-vertically-aligned-center\">\n<figure class=\"wp-block-image size-full\"><a href=\"https:\/\/www.guide-du-perigord.com\/fr\/\" target=\"_blank\" rel=\"noopener\"><img width=\"100\" height=\"90\" src=\"https:\/\/www.domaine-fromengal.com\/wp-content\/uploads\/2022\/01\/guide-perigord-e1491926178626.png\" alt=\"\" class=\"wp-image-1678\"\/><\/a><\/figure>\n<\/div>\n\n\n\n<div class=\"wp-block-column is-vertically-aligned-center\">\n<figure class=\"wp-block-image size-full\"><a href=\"https:\/\/www.perigorddecouverte.com\/\" target=\"_blank\" rel=\"noopener\"><img width=\"159\" height=\"50\" src=\"https:\/\/www.domaine-fromengal.com\/wp-content\/uploads\/2022\/01\/perigorddecouverte.jpg\" alt=\"\" class=\"wp-image-1681\"\/><\/a><\/figure>\n<\/div>\n\n\n\n<div class=\"wp-block-column\">\n<figure class=\"wp-block-image size-full\"><a href=\"https:\/\/www.anwb.nl\/\" target=\"_blank\" rel=\"noopener\"><img width=\"400\" height=\"210\" src=\"https:\/\/www.domaine-fromengal.com\/wp-content\/uploads\/2022\/02\/anwb.png\" alt=\"Domaine De Fromengal: Anwb\" class=\"wp-image-2854\" srcset=\"https:\/\/www.domaine-fromengal.com\/wp-content\/uploads\/2022\/02\/anwb.png 400w, https:\/\/www.domaine-fromengal.com\/wp-content\/uploads\/2022\/02\/anwb-300x158.png 300w\" sizes=\"(max-width: 400px) 100vw, 400px\" \/><\/a><\/figure>\n<\/div>\n<\/div>\n\n\n\n<div style=\"height:100px\" aria-hidden=\"true\" class=\"wp-block-spacer\"><\/div>\n<\/div><\/div>\n<\/div>\n<\/div>\n<\/div><\/div>\n\n\n\n<div style=\"height:100px\" aria-hidden=\"true\" class=\"wp-block-spacer\"><\/div>\n","protected":false},"excerpt":{"rendered":"<p>Alle Infos zuIhren Aufenthalt gut vorbereiten Alle relevanten Dokumenteherunterladen oder ansehen Entdecken Sie den virtuellen Rundgang durch den Campingplatz und seine Einrichtungen Installieren Sie unsere App , um Ihren Aufenthalt vorzubereiten und erfolgreich zu gestalten. Dokumente zum Herunterladen Kundenmeinungen Entdecken Sie das Campingnoch mehr Eine App, die alles wei\u00df! Denken Sie daran, unsere App herunterzuladenum [&hellip;]<\/p>\n","protected":false},"author":1,"featured_media":0,"parent":0,"menu_order":0,"comment_status":"closed","ping_status":"closed","template":"","meta":[],"acf":[],"_links":{"self":[{"href":"https:\/\/www.domaine-fromengal.com\/de\/wp-json\/wp\/v2\/pages\/6126"}],"collection":[{"href":"https:\/\/www.domaine-fromengal.com\/de\/wp-json\/wp\/v2\/pages"}],"about":[{"href":"https:\/\/www.domaine-fromengal.com\/de\/wp-json\/wp\/v2\/types\/page"}],"author":[{"embeddable":true,"href":"https:\/\/www.domaine-fromengal.com\/de\/wp-json\/wp\/v2\/users\/1"}],"replies":[{"embeddable":true,"href":"https:\/\/www.domaine-fromengal.com\/de\/wp-json\/wp\/v2\/comments?post=6126"}],"version-history":[{"count":5,"href":"https:\/\/www.domaine-fromengal.com\/de\/wp-json\/wp\/v2\/pages\/6126\/revisions"}],"predecessor-version":[{"id":7447,"href":"https:\/\/www.domaine-fromengal.com\/de\/wp-json\/wp\/v2\/pages\/6126\/revisions\/7447"}],"wp:attachment":[{"href":"https:\/\/www.domaine-fromengal.com\/de\/wp-json\/wp\/v2\/media?parent=6126"}],"curies":[{"name":"wp","href":"https:\/\/api.w.org\/{rel}","templated":true}]}}