{"id":6128,"date":"2022-05-19T16:00:36","date_gmt":"2022-05-19T14:00:36","guid":{"rendered":"https:\/\/www.domaine-fromengal.com\/mobil-home\/"},"modified":"2022-12-20T12:29:47","modified_gmt":"2022-12-20T11:29:47","slug":"mobil-home","status":"publish","type":"page","link":"https:\/\/www.domaine-fromengal.com\/de\/mobil-home\/","title":{"rendered":"Mobil Home"},"content":{"rendered":"\n<div class=\"wp-block-cover f-100-b\" style=\"padding-top:0px;padding-right:0px;padding-bottom:0px;padding-left:0px\"><span aria-hidden=\"true\" class=\"has-background-dim-0 wp-block-cover__gradient-background has-background-dim\"><\/span><img width=\"1642\" height=\"907\" class=\"wp-block-cover__image-background wp-image-3723\" alt=\"\" src=\"https:\/\/www.domaine-fromengal.com\/wp-content\/uploads\/2022\/02\/Fromengale-2019-HD-129-1.jpg\" style=\"object-position:62% 84%\" data-object-fit=\"cover\" data-object-position=\"62% 84%\" srcset=\"https:\/\/www.domaine-fromengal.com\/wp-content\/uploads\/2022\/02\/Fromengale-2019-HD-129-1.jpg 1642w, https:\/\/www.domaine-fromengal.com\/wp-content\/uploads\/2022\/02\/Fromengale-2019-HD-129-1-300x166.jpg 300w, https:\/\/www.domaine-fromengal.com\/wp-content\/uploads\/2022\/02\/Fromengale-2019-HD-129-1-1024x566.jpg 1024w, https:\/\/www.domaine-fromengal.com\/wp-content\/uploads\/2022\/02\/Fromengale-2019-HD-129-1-768x424.jpg 768w, https:\/\/www.domaine-fromengal.com\/wp-content\/uploads\/2022\/02\/Fromengale-2019-HD-129-1-1536x848.jpg 1536w\" sizes=\"(max-width: 1642px) 100vw, 1642px\" \/><div class=\"wp-block-cover__inner-container\">\n<p class=\"has-text-align-center has-large-font-size\"><\/p>\n<\/div><\/div>\n\n<div style=\"height:51px\" aria-hidden=\"true\" class=\"wp-block-spacer\"><\/div>\n\n<div class=\"wp-block-columns boxage introduction\">\n<div class=\"wp-block-column is-vertically-aligned-center\" style=\"flex-basis:40%\">\n<h1 class=\"titre_c\" id=\"hebergementsen-mobil-home\">Vermietung von Mobilheimen<span> <\/span><br\/><span>in der Dordogne<\/span><\/h1>\n<\/div>\n\n\n\n<div class=\"wp-block-column is-vertically-aligned-center\" style=\"flex-basis:60%\">\n<div class=\"wp-block-columns points-forts\">\n<div class=\"wp-block-column\">\n<div class=\"wp-block-columns\">\n<div class=\"wp-block-column is-vertically-aligned-center\" style=\"flex-basis:20%\">\n<p class=\"picto rouge\"> <i class=\"fas fa-house-day\"><\/i> <\/p>\n<\/div>\n\n\n\n<div class=\"wp-block-column\" style=\"flex-basis:80%\">\n<p class=\"legende\"> <strong>Neue<\/strong> und <strong>moderne<\/strong>Unterk\u00fcnfte<\/p>\n<\/div>\n<\/div>\n<\/div>\n\n\n\n<div class=\"wp-block-column\">\n<div class=\"wp-block-columns\">\n<div class=\"wp-block-column is-vertically-aligned-center\" style=\"flex-basis:20%\">\n<p class=\"picto bleu\"> <i class=\"fas fa-sparkles\"><\/i> <\/p>\n<\/div>\n\n\n\n<div class=\"wp-block-column\" style=\"flex-basis:80%\">\n<p class=\"legende\"> <strong>High-End-Vermietungen<\/strong><\/p>\n<\/div>\n<\/div>\n<\/div>\n\n\n\n<div class=\"wp-block-column\">\n<div class=\"wp-block-columns\">\n<div class=\"wp-block-column is-vertically-aligned-center\" style=\"flex-basis:20%\">\n<p class=\"picto vert\"> <i class=\"fas fa-trees\"><\/i> <\/p>\n<\/div>\n\n\n\n<div class=\"wp-block-column\" style=\"flex-basis:80%\">\n<p class=\"legende\"><strong>Ger\u00e4umige, von B\u00e4umen ges\u00e4umte<\/strong> Stellpl\u00e4tze<\/p>\n<\/div>\n<\/div>\n<\/div>\n<\/div>\n<\/div>\n<\/div>\n\n<div class=\"wp-container-69f794ec7210f wp-block-group f-90-b\"><div class=\"wp-block-group__inner-container\">\n<div class=\"wp-block-columns boxage\">\n<div class=\"wp-block-column redactionnel\">\n<p>Im Herzen der Domaine de Fromengal, unserem 5-Sterne-Campingplatz in der Dordogne, finden Sie eine <strong>gro\u00dfe Auswahl an Mietunterk\u00fcnften<\/strong> (<strong>H\u00fctten, Chalets, Zelte und Mobilheime<\/strong>), die jedem Geschmack und Bedarf gerecht werden.<\/p>\n\n\n\n<p>Die der Vermietung gewidmeten Bereiche sind klug <strong>in die Natur<\/strong> integriert, um Ihnen ein <strong>H\u00f6chstma\u00df an Ruhe und Wohlbefinden<\/strong> auf unserem Campingplatz zu bieten. Die Parzellen sind in der Tat <strong>ger\u00e4umig und mit B\u00e4umen bepflanzt<\/strong>. Und die Hecken rundherum sorgen f\u00fcr eine Farbenvielfalt, die so angenehm zum Entspannen ist! So werden Sie bei Ihrem n\u00e4chsten Urlaub in der Dordogne das Gef\u00fchl haben, im Gr\u00fcnen zu baden, sobald Sie sich in Ihrer Unterkunft eingerichtet haben.<\/p>\n\n\n\n<p>Alle unsere Mobilheime haben <strong>zwei oder drei Schlafzimmer<\/strong> und sind mit <strong>Mikrowellenherd<\/strong> sowie <strong>Gartenm\u00f6beln<\/strong> ausgestattet. Die Ausstattung unterscheidet sich je nach gew\u00e4hlter Baureihe und Modell des Mobilheims; einige unserer Mobilheime zum Mieten verf\u00fcgen z. B. \u00fcber einen <strong>Grill<\/strong>, einen<strong> Fernseher<\/strong>, einen <strong>Geschirrsp\u00fcler<\/strong>, eine<strong>oder zwei Terrassen<\/strong> (\u00fcberdacht oder halb\u00fcberdacht) und eine <strong>Klimaanlage<\/strong>.  <\/p>\n\n\n\n<p class=\"mise-en-avant\">Ob Sie eine gro\u00dfe Familie oder ein Paar sind oder sich mit Freunden f\u00fcr einen Aufenthalt in der Dordogne entscheiden, <strong>auf unserem 5-Sterne-Campingplatz finden Sie mit Sicherheit die ideale Unterkunft<\/strong>.<\/p>\n\n\n\n<p><\/p>\n<\/div>\n\n\n\n<div class=\"wp-block-column is-vertically-aligned-center\">\n<div class=\"wp-block-columns points-forts\">\n<div class=\"wp-block-column col2\">\n<figure class=\"wp-block-image size-full\"><img width=\"427\" height=\"640\" src=\"https:\/\/www.domaine-fromengal.com\/wp-content\/uploads\/2022\/01\/1064-3CH-2S_2020_ZOOM-CUISINE.jpg\" alt=\"Domaine De Fromengal : 1064 3ch 2s 2020 Zoom Cuisine\" class=\"wp-image-2002\" srcset=\"https:\/\/www.domaine-fromengal.com\/wp-content\/uploads\/2022\/01\/1064-3CH-2S_2020_ZOOM-CUISINE.jpg 427w, https:\/\/www.domaine-fromengal.com\/wp-content\/uploads\/2022\/01\/1064-3CH-2S_2020_ZOOM-CUISINE-200x300.jpg 200w\" sizes=\"(max-width: 427px) 100vw, 427px\" \/><\/figure><\/div>\n\n\n\n<div class=\"wp-block-column col1\">\n<figure class=\"wp-block-image size-large\"><img width=\"683\" height=\"1024\" src=\"https:\/\/www.domaine-fromengal.com\/wp-content\/uploads\/2022\/02\/Luxe-Bois-sdb-2014_sdb-10-683x1024.jpg\" alt=\"Domaine De Fromengal: Luxe Bois Sdb 2014 Sdb 10\" class=\"wp-image-2460\" srcset=\"https:\/\/www.domaine-fromengal.com\/wp-content\/uploads\/2022\/02\/Luxe-Bois-sdb-2014_sdb-10-683x1024.jpg 683w, https:\/\/www.domaine-fromengal.com\/wp-content\/uploads\/2022\/02\/Luxe-Bois-sdb-2014_sdb-10-200x300.jpg 200w, https:\/\/www.domaine-fromengal.com\/wp-content\/uploads\/2022\/02\/Luxe-Bois-sdb-2014_sdb-10-768x1152.jpg 768w, https:\/\/www.domaine-fromengal.com\/wp-content\/uploads\/2022\/02\/Luxe-Bois-sdb-2014_sdb-10-1024x1536.jpg 1024w, https:\/\/www.domaine-fromengal.com\/wp-content\/uploads\/2022\/02\/Luxe-Bois-sdb-2014_sdb-10.jpg 1365w\" sizes=\"(max-width: 683px) 100vw, 683px\" \/><\/figure><\/div>\n\n\n\n<div class=\"wp-block-column col3\">\n<figure class=\"wp-block-image size-large\"><img width=\"1024\" height=\"683\" src=\"https:\/\/www.domaine-fromengal.com\/wp-content\/uploads\/2022\/02\/Camping-le-Fromagal-mobil-home-2-portrait-1024x683.jpg\" alt=\"\" class=\"wp-image-3711\" srcset=\"https:\/\/www.domaine-fromengal.com\/wp-content\/uploads\/2022\/02\/Camping-le-Fromagal-mobil-home-2-portrait-1024x683.jpg 1024w, https:\/\/www.domaine-fromengal.com\/wp-content\/uploads\/2022\/02\/Camping-le-Fromagal-mobil-home-2-portrait-300x200.jpg 300w, https:\/\/www.domaine-fromengal.com\/wp-content\/uploads\/2022\/02\/Camping-le-Fromagal-mobil-home-2-portrait-768x512.jpg 768w, https:\/\/www.domaine-fromengal.com\/wp-content\/uploads\/2022\/02\/Camping-le-Fromagal-mobil-home-2-portrait-1536x1024.jpg 1536w, https:\/\/www.domaine-fromengal.com\/wp-content\/uploads\/2022\/02\/Camping-le-Fromagal-mobil-home-2-portrait-scaled.jpg 2048w\" sizes=\"(max-width: 1024px) 100vw, 1024px\" \/><\/figure>\n\n\n<p class=\"lien\"> <i class=\"fal fa-camera\"><\/i> <a href=\"https:\/\/www.domaine-fromengal.com\/de\/mediengalerie\/\" data-type=\"page\" data-id=\"535\">Fotogalerie<\/a><\/p>\n<\/div>\n<\/div>\n<\/div>\n<\/div>\n<\/div><\/div>\n\n<div style=\"height:100px\" aria-hidden=\"true\" class=\"wp-block-spacer\"><\/div>\n\n<div class=\"wp-container-69f794ec72bf0 wp-block-group f-75-a\"><div class=\"wp-block-group__inner-container\">\n<div class=\"wp-container-69f794ec7284a wp-block-group boxage\"><div class=\"wp-block-group__inner-container\">\n<h2 id=\"un-camping-en-dordogne-avec-piscine-un-espace-aquatique-avec-toboggans-et-piscine-chauffee\">Unsere verschiedenen Modelle  <br\/>von <span>Mobilheimen in der Dordogne<\/span><\/h2>\n\n\n\n<div class=\"wp-block-columns\">\n<div class=\"wp-block-column\" style=\"flex-basis:40%\">\n<p>Das<strong> VIP-Mobilheim<\/strong> hat mit seinen <strong>3 Schlafzimmern<\/strong>, <strong>2 Badezimmer<\/strong>n, der <strong>gro\u00dfen halb\u00fcberdachten Terrasse<\/strong> sowie der nach au\u00dfen offenen<strong> Sommerk\u00fcche<\/strong> viele Vorteile. Im Inneren dieser hochwertigen Leistung finden Sie gro\u00dfe, perfekt eingerichtete R\u00e4ume, damit Sie einen angenehmen Aufenthalt in der Dordogne verbringen k\u00f6nnen.  <\/p>\n\n\n\n<p>Mit seiner <strong>Holzverkleidung<\/strong> und der modernen Inneneinrichtung bietet Ihnen das <strong>Mobilheim Luxe Bois<\/strong> <strong>drei Schlafzimmer<\/strong>, ein <strong>Badezimmer<\/strong> mit <strong>XXL-Dusche<\/strong> und <strong>integriertem Haartrockner<\/strong>. Diese Unterkunft ist mit<strong>einem Flachbildfernseher<\/strong>, einem <strong>Weber-Grill<\/strong> sowie einem<strong> Geschirrsp\u00fcler<\/strong> ausgestattet; eine <strong>halb\u00fcberdachte Terrasse<\/strong> vervollst\u00e4ndigt das Ganze und erm\u00f6glicht es Ihnen, in aller Ruhe die Sonne des P\u00e9rigord zu genie\u00dfen.<\/p>\n\n\n\n<p>Das <strong>28 m\u00b2<\/strong> gro\u00dfe <strong>Mobilheim Nature<\/strong> verf\u00fcgt \u00fcber <strong>zwei separate Schlafzimmer<\/strong>, darunter ein ger\u00e4umiges Elternschlafzimmer, in dem <strong>ein Babybett auf<\/strong>gestellt werden kann.  <\/p>\n\n\n\n<p>Wenn Sie w\u00e4hrend Ihres Aufenthalts von mehr Flexibilit\u00e4t profitieren m\u00f6chten, ist unser<strong> Mobilheim Evasion<\/strong> genau das Richtige f\u00fcr Sie! Dieses verf\u00fcgt n\u00e4mlich \u00fcber ein Wohnzimmer, das mit einem Vorhang als Trennwand in <strong>ein drittes Schlafzimmer<\/strong> umgewandelt werden kann. Au\u00dferdem verf\u00fcgt dieses Mobilheim f\u00fcr Nachrichtenjunkies \u00fcber einen <strong>Fernseher<\/strong>.<\/p>\n\n\n\n<p class=\"mise-en-avant\">Viele weitere Mobilheimvermietungen erwarten Sie auf unserem Campingplatz! Der Domaine de Fromengal liegt es am Herzen, komfortable und gesellige Unterk\u00fcnfte anzubieten. Zweifellos werden Sie in unserer gro\u00dfen Auswahl an Mobilheimen f\u00fcndig.<\/p>\n\n\n\n<div style=\"height:100px\" aria-hidden=\"true\" class=\"wp-block-spacer\"><\/div>\n<\/div>\n\n\n\n<div class=\"wp-block-column\" style=\"flex-basis:60%\">\n<figure class=\"wp-block-gallery has-nested-images columns-7 is-cropped section_diaporama\">\n<figure class=\"wp-block-image size-full\"><img width=\"1000\" height=\"667\" src=\"https:\/\/www.domaine-fromengal.com\/wp-content\/uploads\/2022\/02\/exterieur-mobil-home-nature.jpg\" alt=\"Domaine De Fromengal : Exterieur Mobil Home Natur\" class=\"wp-image-2400\" srcset=\"https:\/\/www.domaine-fromengal.com\/wp-content\/uploads\/2022\/02\/exterieur-mobil-home-nature.jpg 1000w, https:\/\/www.domaine-fromengal.com\/wp-content\/uploads\/2022\/02\/exterieur-mobil-home-nature-300x200.jpg 300w, https:\/\/www.domaine-fromengal.com\/wp-content\/uploads\/2022\/02\/exterieur-mobil-home-nature-768x512.jpg 768w\" sizes=\"(max-width: 1000px) 100vw, 1000px\" \/><\/figure>\n\n\n<figure class=\"wp-block-image size-large\"><img width=\"1642\" height=\"907\" src=\"https:\/\/www.domaine-fromengal.com\/wp-content\/uploads\/2022\/02\/Fromengale-2019-HD-129-1.jpg\" alt=\"\" class=\"wp-image-3723\" srcset=\"https:\/\/www.domaine-fromengal.com\/wp-content\/uploads\/2022\/02\/Fromengale-2019-HD-129-1.jpg 1642w, https:\/\/www.domaine-fromengal.com\/wp-content\/uploads\/2022\/02\/Fromengale-2019-HD-129-1-300x166.jpg 300w, https:\/\/www.domaine-fromengal.com\/wp-content\/uploads\/2022\/02\/Fromengale-2019-HD-129-1-1024x566.jpg 1024w, https:\/\/www.domaine-fromengal.com\/wp-content\/uploads\/2022\/02\/Fromengale-2019-HD-129-1-768x424.jpg 768w, https:\/\/www.domaine-fromengal.com\/wp-content\/uploads\/2022\/02\/Fromengale-2019-HD-129-1-1536x848.jpg 1536w\" sizes=\"(max-width: 1642px) 100vw, 1642px\" \/><\/figure>\n\n\n<figure class=\"wp-block-image size-large\"><img width=\"1969\" height=\"1313\" src=\"https:\/\/www.domaine-fromengal.com\/wp-content\/uploads\/2022\/02\/terrasse-et-rose-MH-22-m2-Fromengale-2019-HD-221.jpg\" alt=\"Domaine De Fromengal: Terrasse Und Ros&#xE9; Mh 22 M2 Fromengale 2019 Hd 221\" class=\"wp-image-2664\" srcset=\"https:\/\/www.domaine-fromengal.com\/wp-content\/uploads\/2022\/02\/terrasse-et-rose-MH-22-m2-Fromengale-2019-HD-221.jpg 1969w, https:\/\/www.domaine-fromengal.com\/wp-content\/uploads\/2022\/02\/terrasse-et-rose-MH-22-m2-Fromengale-2019-HD-221-300x200.jpg 300w, https:\/\/www.domaine-fromengal.com\/wp-content\/uploads\/2022\/02\/terrasse-et-rose-MH-22-m2-Fromengale-2019-HD-221-1024x683.jpg 1024w, https:\/\/www.domaine-fromengal.com\/wp-content\/uploads\/2022\/02\/terrasse-et-rose-MH-22-m2-Fromengale-2019-HD-221-768x512.jpg 768w, https:\/\/www.domaine-fromengal.com\/wp-content\/uploads\/2022\/02\/terrasse-et-rose-MH-22-m2-Fromengale-2019-HD-221-1536x1024.jpg 1536w\" sizes=\"(max-width: 1969px) 100vw, 1969px\" \/><\/figure>\n\n\n<figure class=\"wp-block-image size-full\"><img width=\"534\" height=\"800\" src=\"https:\/\/www.domaine-fromengal.com\/wp-content\/uploads\/2022\/01\/884_2020_SDB.jpg\" alt=\"Domaine De Fromengal: 884 2020 Badezimmer\" class=\"wp-image-1981\" srcset=\"https:\/\/www.domaine-fromengal.com\/wp-content\/uploads\/2022\/01\/884_2020_SDB.jpg 534w, https:\/\/www.domaine-fromengal.com\/wp-content\/uploads\/2022\/01\/884_2020_SDB-200x300.jpg 200w\" sizes=\"(max-width: 534px) 100vw, 534px\" \/><\/figure>\n\n\n<figure class=\"wp-block-image size-large\"><img width=\"800\" height=\"534\" src=\"https:\/\/www.domaine-fromengal.com\/wp-content\/uploads\/2022\/01\/884_3CH_2020_CHAMBRE-PARENTS_RANGEMENTS.jpg\" alt=\"Domaine De Fromengal : 884 3Zi 2020 Elternschlafzimmer Aufbewahrung\" class=\"wp-image-1954\" srcset=\"https:\/\/www.domaine-fromengal.com\/wp-content\/uploads\/2022\/01\/884_3CH_2020_CHAMBRE-PARENTS_RANGEMENTS.jpg 800w, https:\/\/www.domaine-fromengal.com\/wp-content\/uploads\/2022\/01\/884_3CH_2020_CHAMBRE-PARENTS_RANGEMENTS-300x200.jpg 300w, https:\/\/www.domaine-fromengal.com\/wp-content\/uploads\/2022\/01\/884_3CH_2020_CHAMBRE-PARENTS_RANGEMENTS-768x513.jpg 768w\" sizes=\"(max-width: 800px) 100vw, 800px\" \/><\/figure>\n\n\n<figure class=\"wp-block-image size-large\"><img width=\"800\" height=\"534\" src=\"https:\/\/www.domaine-fromengal.com\/wp-content\/uploads\/2022\/01\/884_2020_CUSINE-1.jpg\" alt=\"Domaine De Fromengal: 884 2020 Cusine\" class=\"wp-image-1972\" srcset=\"https:\/\/www.domaine-fromengal.com\/wp-content\/uploads\/2022\/01\/884_2020_CUSINE-1.jpg 800w, https:\/\/www.domaine-fromengal.com\/wp-content\/uploads\/2022\/01\/884_2020_CUSINE-1-300x200.jpg 300w, https:\/\/www.domaine-fromengal.com\/wp-content\/uploads\/2022\/01\/884_2020_CUSINE-1-768x513.jpg 768w\" sizes=\"(max-width: 800px) 100vw, 800px\" \/><\/figure><\/figure>\n<\/div>\n<\/div>\n<\/div><\/div>\n\n\n\n<div class=\"wp-block-cover is-light fond boxage\" style=\"padding-top:250px;padding-right:250px;padding-bottom:250px;padding-left:250px\"><span aria-hidden=\"true\" class=\"has-background-dim-90 wp-block-cover__gradient-background has-background-dim\" style=\"background-color:#d3ebd4\"><\/span><img width=\"1500\" height=\"750\" class=\"wp-block-cover__image-background wp-image-325\" alt=\"\" src=\"https:\/\/www.domaine-fromengal.com\/wp-content\/uploads\/2021\/12\/accueil-04.jpg\" style=\"object-position:49% 100%\" data-object-fit=\"cover\" data-object-position=\"49% 100%\" srcset=\"https:\/\/www.domaine-fromengal.com\/wp-content\/uploads\/2021\/12\/accueil-04.jpg 1500w, https:\/\/www.domaine-fromengal.com\/wp-content\/uploads\/2021\/12\/accueil-04-300x150.jpg 300w, https:\/\/www.domaine-fromengal.com\/wp-content\/uploads\/2021\/12\/accueil-04-1024x512.jpg 1024w, https:\/\/www.domaine-fromengal.com\/wp-content\/uploads\/2021\/12\/accueil-04-768x384.jpg 768w\" sizes=\"(max-width: 1500px) 100vw, 1500px\" \/><div class=\"wp-block-cover__inner-container\">\n<p class=\"has-text-align-center has-large-font-size\"><\/p>\n<\/div><\/div>\n<\/div><\/div>\n\n<div class=\"wp-container-69f794ec74a99 wp-block-group has-bg-principale-background-color has-background\"><div class=\"wp-block-group__inner-container\">\n<div class=\"wp-container-69f794ec74721 wp-block-group boxage listing-locatifs\"><div class=\"wp-block-group__inner-container\">\n<div style=\"height:40px\" aria-hidden=\"true\" class=\"wp-block-spacer\"><\/div>\n\n\n\n<h2 class=\"has-text-align-center\">Entdecken Sie unsere Mobilheime  <br\/><span>und buchen Sie Ihren Aufenthalt<\/span><\/h2>\n\n\n\n<div class=\"wp-block-columns\">\n<div class=\"wp-block-column\">\n<ctv-product data-product-id=\"59564\"><\/ctv-product>\n\n\n<div class=\"wp-container-69f794ec73053 wp-block-buttons\">\n<div class=\"wp-block-button blanc\"><a class=\"wp-block-button__link\" href=\"https:\/\/www.domaine-fromengal.com\/wp-content\/uploads\/2022\/03\/Inventaire-mobil-home-Luxe-Bois-33-m&#xB2;.pdf\" target=\"_blank\" rel=\"noreferrer noopener\">Inventar<\/a><\/div>\n\n\n\n<div class=\"wp-block-button vert\"><a class=\"wp-block-button__link\" href=\"https:\/\/tourmkr.com\/F1cnchDTyK\/39462278p&amp;70.83h&amp;90.94t\" target=\"_blank\" rel=\"noreferrer noopener\">Virtueller Rundgang<\/a><\/div>\n<\/div>\n<\/div>\n\n\n\n<div class=\"wp-block-column\">\n<ctv-product data-product-id=\"105155\"><\/ctv-product>\n\n\n<div class=\"wp-container-69f794ec7343e wp-block-buttons\">\n<div class=\"wp-block-button blanc\"><a class=\"wp-block-button__link\" href=\"https:\/\/www.domaine-fromengal.com\/wp-content\/uploads\/2022\/03\/Inventaire-mobil-home-Premium.pdf\" target=\"_blank\" rel=\"noreferrer noopener\">Inventar<\/a><\/div>\n\n\n\n<div class=\"wp-block-button vert\"><a class=\"wp-block-button__link\" href=\"https:\/\/tourmkr.com\/F1cnchDTyK\/34685501p&amp;276.64h&amp;90.27t\" target=\"_blank\" rel=\"noreferrer noopener\">Virtueller Rundgang<\/a><\/div>\n<\/div>\n<\/div>\n\n\n\n<div class=\"wp-block-column\">\n<ctv-product data-product-id=\"105159\"><\/ctv-product>\n\n\n<div class=\"wp-container-69f794ec7380d wp-block-buttons\">\n<div class=\"wp-block-button blanc\"><a class=\"wp-block-button__link\" href=\"https:\/\/www.domaine-fromengal.com\/wp-content\/uploads\/2022\/03\/Inventaire-mobil-home-VIP.pdf\" target=\"_blank\" rel=\"noreferrer noopener\">Inventar<\/a><\/div>\n\n\n\n<div class=\"wp-block-button vert\"><a class=\"wp-block-button__link\" href=\"https:\/\/tourmkr.com\/F1cnchDTyK\/34650852p&amp;157.82h&amp;89.78t\" target=\"_blank\" rel=\"noreferrer noopener\">Virtueller Rundgang<\/a><\/div>\n<\/div>\n<\/div>\n<\/div>\n\n\n\n<div style=\"height:60px\" aria-hidden=\"true\" class=\"wp-block-spacer\"><\/div>\n\n\n\n<div class=\"wp-block-columns\">\n<div class=\"wp-block-column\">\n<ctv-product data-product-id=\"73557\"><\/ctv-product>\n\n\n<div class=\"wp-container-69f794ec73c17 wp-block-buttons\">\n<div class=\"wp-block-button blanc\"><a class=\"wp-block-button__link\" href=\"https:\/\/www.domaine-fromengal.com\/wp-content\/uploads\/2022\/03\/Inventaire-mobil-home-28-m&#xB2;-Nature.pdf\" target=\"_blank\" rel=\"noreferrer noopener\">Inventar<\/a><\/div>\n\n\n\n<div class=\"wp-block-button vert\"><a class=\"wp-block-button__link\" href=\"https:\/\/tourmkr.com\/F1cnchDTyK\/39419451p&amp;87.81h&amp;90.24t\" target=\"_blank\" rel=\"noreferrer noopener\">Virtueller Rundgang<\/a><\/div>\n<\/div>\n<\/div>\n\n\n\n<div class=\"wp-block-column\">\n<ctv-product data-product-id=\"24446\"><\/ctv-product>\n\n\n<div class=\"wp-container-69f794ec73fe7 wp-block-buttons\">\n<div class=\"wp-block-button blanc\"><a class=\"wp-block-button__link\" href=\"https:\/\/www.domaine-fromengal.com\/wp-content\/uploads\/2022\/03\/Inventaire-mobil-home-22-m2.pdf\" target=\"_blank\" rel=\"noreferrer noopener\">Inventar<\/a><\/div>\n\n\n\n<div class=\"wp-block-button vert\"><a class=\"wp-block-button__link\" href=\"https:\/\/tourmkr.com\/F1cnchDTyK\/39367404p&amp;185.36h&amp;89.97t\" target=\"_blank\" rel=\"noreferrer noopener\">Virtueller Rundgang<\/a><\/div>\n<\/div>\n<\/div>\n\n\n\n<div class=\"wp-block-column\">\n<ctv-product data-product-id=\"105152\"><\/ctv-product>\n\n\n<div class=\"wp-container-69f794ec743ac wp-block-buttons\">\n<div class=\"wp-block-button blanc\"><a class=\"wp-block-button__link\" href=\"https:\/\/www.domaine-fromengal.com\/wp-content\/uploads\/2022\/03\/Inventaire-mobil-home-30-m&#xB2;-Evasion.pdf\" target=\"_blank\" rel=\"noreferrer noopener\">Inventar<\/a><\/div>\n\n\n\n<div class=\"wp-block-button vert\"><a class=\"wp-block-button__link\" href=\"https:\/\/tourmkr.com\/F1cnchDTyK\/34682830p&amp;204.11h&amp;90.57t\" target=\"_blank\" rel=\"noreferrer noopener\">Virtueller Rundgang<\/a><\/div>\n<\/div>\n<\/div>\n<\/div>\n\n\n\n<div style=\"height:60px\" aria-hidden=\"true\" class=\"wp-block-spacer\"><\/div>\n<\/div><\/div>\n<\/div><\/div>\n","protected":false},"excerpt":{"rendered":"<p>Vermietung von Mobilheimen in der Dordogne Neue und moderneUnterk\u00fcnfte High-End-Vermietungen Ger\u00e4umige, von B\u00e4umen ges\u00e4umte Stellpl\u00e4tze Im Herzen der Domaine de Fromengal, unserem 5-Sterne-Campingplatz in der Dordogne, finden Sie eine gro\u00dfe Auswahl an Mietunterk\u00fcnften (H\u00fctten, Chalets, Zelte und Mobilheime), die jedem Geschmack und Bedarf gerecht werden. Die der Vermietung gewidmeten Bereiche sind klug in die Natur [&hellip;]<\/p>\n","protected":false},"author":1,"featured_media":0,"parent":0,"menu_order":0,"comment_status":"closed","ping_status":"closed","template":"","meta":[],"acf":[],"_links":{"self":[{"href":"https:\/\/www.domaine-fromengal.com\/de\/wp-json\/wp\/v2\/pages\/6128"}],"collection":[{"href":"https:\/\/www.domaine-fromengal.com\/de\/wp-json\/wp\/v2\/pages"}],"about":[{"href":"https:\/\/www.domaine-fromengal.com\/de\/wp-json\/wp\/v2\/types\/page"}],"author":[{"embeddable":true,"href":"https:\/\/www.domaine-fromengal.com\/de\/wp-json\/wp\/v2\/users\/1"}],"replies":[{"embeddable":true,"href":"https:\/\/www.domaine-fromengal.com\/de\/wp-json\/wp\/v2\/comments?post=6128"}],"version-history":[{"count":4,"href":"https:\/\/www.domaine-fromengal.com\/de\/wp-json\/wp\/v2\/pages\/6128\/revisions"}],"predecessor-version":[{"id":6418,"href":"https:\/\/www.domaine-fromengal.com\/de\/wp-json\/wp\/v2\/pages\/6128\/revisions\/6418"}],"wp:attachment":[{"href":"https:\/\/www.domaine-fromengal.com\/de\/wp-json\/wp\/v2\/media?parent=6128"}],"curies":[{"name":"wp","href":"https:\/\/api.w.org\/{rel}","templated":true}]}}