{"id":6136,"date":"2022-05-19T16:05:50","date_gmt":"2022-05-19T14:05:50","guid":{"rendered":"https:\/\/www.domaine-fromengal.com\/verpflegung\/"},"modified":"2022-05-20T11:04:35","modified_gmt":"2022-05-20T09:04:35","slug":"verpflegung","status":"publish","type":"page","link":"https:\/\/www.domaine-fromengal.com\/de\/verpflegung\/","title":{"rendered":"Verpflegung"},"content":{"rendered":"\n<div class=\"wp-block-cover is-light f-100-b\" style=\"padding-top:0px;padding-right:0px;padding-bottom:0px;padding-left:0px\"><span aria-hidden=\"true\" class=\"has-background-dim-0 wp-block-cover__gradient-background has-background-dim\"><\/span><img width=\"1500\" height=\"450\" class=\"wp-block-cover__image-background wp-image-1374\" alt=\"\" src=\"https:\/\/www.domaine-fromengal.com\/wp-content\/uploads\/2022\/01\/06-restaurant-IMG_2877.jpg\" data-object-fit=\"cover\" srcset=\"https:\/\/www.domaine-fromengal.com\/wp-content\/uploads\/2022\/01\/06-restaurant-IMG_2877.jpg 1500w, https:\/\/www.domaine-fromengal.com\/wp-content\/uploads\/2022\/01\/06-restaurant-IMG_2877-300x90.jpg 300w, https:\/\/www.domaine-fromengal.com\/wp-content\/uploads\/2022\/01\/06-restaurant-IMG_2877-1024x307.jpg 1024w, https:\/\/www.domaine-fromengal.com\/wp-content\/uploads\/2022\/01\/06-restaurant-IMG_2877-768x230.jpg 768w\" sizes=\"(max-width: 1500px) 100vw, 1500px\" \/><div class=\"wp-block-cover__inner-container\">\n<p class=\"has-text-align-center has-large-font-size\"><\/p>\n<\/div><\/div>\n\n\n\n<div style=\"height:50px\" aria-hidden=\"true\" class=\"wp-block-spacer\"><\/div>\n\n\n\n<div class=\"wp-block-columns boxage introduction\">\n<div class=\"wp-block-column\" style=\"flex-basis:40%\">\n<h1 class=\"titre_a\" id=\"camping-en-dordogne-avecrestaurant-et-plats-a-emporter\">Campingplatz in der Dordogne mit<br><span>Restaurant und Gerichte zum Mitnehmen<\/span><\/h1>\n\n\n\n<p class=\"has-text-align-left has-principale-color has-text-color\"><em>\n  <strong>Das Restaurant ist ge\u00f6ffnet <strong itemprop=\"openingHoursSpecification\">von Mai bis September<\/strong><\/strong>\n<\/em>.<br>W\u00f6chentliche Schlie\u00dfung am Montag.<\/p>\n<\/div>\n\n\n\n<div class=\"wp-block-column is-vertically-aligned-center\" style=\"flex-basis:60%\">\n<div class=\"wp-block-columns points-forts\">\n<div class=\"wp-block-column\">\n<div class=\"wp-block-columns\">\n<div class=\"wp-block-column is-vertically-aligned-center\" style=\"flex-basis:20%\">\n<p class=\"picto rouge\"><i class=\"fas fa-utensils-alt\"><\/i> <\/p>\n<\/div>\n\n\n\n<div class=\"wp-block-column\" style=\"flex-basis:80%\">\n<p class=\"legende\"><strong>Panorama-Terrasse<\/strong><\/p>\n<\/div>\n<\/div>\n<\/div>\n\n\n\n<div class=\"wp-block-column\">\n<div class=\"wp-block-columns\">\n<div class=\"wp-block-column is-vertically-aligned-center\" style=\"flex-basis:20%\">\n<p class=\"picto vert\"><i class=\"fas fa-carrot\"><\/i> <\/p>\n<\/div>\n\n\n\n<div class=\"wp-block-column\" style=\"flex-basis:80%\">\n<p class=\"legende\"><strong>Gem\u00fcse aus dem Garten  <\/strong><\/p>\n<\/div>\n<\/div>\n<\/div>\n<\/div>\n\n\n\n<div style=\"height:30px\" aria-hidden=\"true\" class=\"wp-block-spacer\"><\/div>\n\n\n\n<div class=\"wp-block-columns points-forts\">\n<div class=\"wp-block-column\">\n<div class=\"wp-block-columns\">\n<div class=\"wp-block-column is-vertically-aligned-center\" style=\"flex-basis:20%\">\n<p class=\"picto bleu\"><i class=\"fas fa-concierge-bell\"><\/i> <\/p>\n<\/div>\n\n\n\n<div class=\"wp-block-column\" style=\"flex-basis:80%\">\n<p class=\"legende\"><strong>Pizzas<\/strong> <strong>Haus<\/strong> <strong>und Gerichte zum Mitnehmen<\/strong><\/p>\n<\/div>\n<\/div>\n<\/div>\n\n\n\n<div class=\"wp-block-column\">\n<div class=\"wp-block-columns\">\n<div class=\"wp-block-column is-vertically-aligned-center\" style=\"flex-basis:20%\">\n<p class=\"picto violet\"><i class=\"fas fa-flag-alt\"><\/i> <\/p>\n<\/div>\n\n\n\n<div class=\"wp-block-column\" style=\"flex-basis:80%\">\n<p class=\"legende\"><strong>Thematische Mahlzeiten<\/strong> <strong>in der Saison<\/strong><\/p>\n<\/div>\n<\/div>\n<\/div>\n<\/div>\n\n\n\n<div style=\"height:25px\" aria-hidden=\"true\" class=\"wp-block-spacer\"><\/div>\n\n\n\n<div class=\"wp-container-69f3cb2adc2a6 wp-block-buttons\">\n<div class=\"wp-block-button vertclair\"><a class=\"wp-block-button__link\" href=\"https:\/\/tourmkr.com\/F1cnchDTyK\/34159601p&amp;313.29h&amp;90.53t\" target=\"_blank\" rel=\"noreferrer noopener\">Virtuelle Tour ansehen<\/a><\/div>\n<\/div>\n<\/div>\n<\/div>\n\n\n\n<div style=\"height:100px\" aria-hidden=\"true\" class=\"wp-block-spacer\"><\/div>\n\n\n\n<div class=\"wp-container-69f3cb2adc9a6 wp-block-group f-80-a\"><div class=\"wp-block-group__inner-container\">\n<div class=\"wp-block-columns boxage\">\n<div class=\"wp-block-column galerie\">\n<figure class=\"wp-block-gallery has-nested-images columns-2 is-cropped\">\n<figure class=\"wp-block-image size-large\"><img width=\"640\" height=\"960\" src=\"https:\/\/www.domaine-fromengal.com\/wp-content\/uploads\/2022\/01\/spe\u0301cialite\u0301s-du-Pe\u0301rigord.jpg\" alt=\"\" class=\"wp-image-1377\" srcset=\"https:\/\/www.domaine-fromengal.com\/wp-content\/uploads\/2022\/01\/spe\u0301cialite\u0301s-du-Pe\u0301rigord.jpg 640w, https:\/\/www.domaine-fromengal.com\/wp-content\/uploads\/2022\/01\/spe\u0301cialite\u0301s-du-Pe\u0301rigord-200x300.jpg 200w\" sizes=\"(max-width: 640px) 100vw, 640px\" \/><\/figure>\n\n\n\n<figure class=\"wp-block-image size-full\"><img width=\"600\" height=\"900\" src=\"https:\/\/www.domaine-fromengal.com\/wp-content\/uploads\/2022\/02\/img-une-valeurs-e1495114509613.jpg\" alt=\"Domaine De Fromengal: Bild Ein Wert E1495114509613\" class=\"wp-image-2421\" srcset=\"https:\/\/www.domaine-fromengal.com\/wp-content\/uploads\/2022\/02\/img-une-valeurs-e1495114509613.jpg 600w, https:\/\/www.domaine-fromengal.com\/wp-content\/uploads\/2022\/02\/img-une-valeurs-e1495114509613-200x300.jpg 200w\" sizes=\"(max-width: 600px) 100vw, 600px\" \/><\/figure>\n\n\n\n<figure class=\"wp-block-image size-large\"><img width=\"1024\" height=\"307\" src=\"https:\/\/www.domaine-fromengal.com\/wp-content\/uploads\/2022\/02\/03-restaurant-En-couleurs-soir\u00aees-4-1024x307.jpg\" alt=\"Domaine De Fromengal : 03 Restaurant En Couleurs Soir\u00aees 4\" class=\"wp-image-2283\" srcset=\"https:\/\/www.domaine-fromengal.com\/wp-content\/uploads\/2022\/02\/03-restaurant-En-couleurs-soir\u00aees-4-1024x307.jpg 1024w, https:\/\/www.domaine-fromengal.com\/wp-content\/uploads\/2022\/02\/03-restaurant-En-couleurs-soir\u00aees-4-300x90.jpg 300w, https:\/\/www.domaine-fromengal.com\/wp-content\/uploads\/2022\/02\/03-restaurant-En-couleurs-soir\u00aees-4-768x230.jpg 768w, https:\/\/www.domaine-fromengal.com\/wp-content\/uploads\/2022\/02\/03-restaurant-En-couleurs-soir\u00aees-4.jpg 1500w\" sizes=\"(max-width: 1024px) 100vw, 1024px\" \/><\/figure>\n<\/figure>\n\n\n\n<p class=\"lien\"><i class=\"fal fa-camera\"><\/i> <a href=\"https:\/\/www.domaine-fromengal.com\/de\/mediengalerie\/\" data-type=\"page\" data-id=\"535\">Fotogalerie<\/a><\/p>\n\n\n\n<div style=\"height:50px\" aria-hidden=\"true\" class=\"wp-block-spacer\"><\/div>\n<\/div>\n\n\n\n<div class=\"wp-block-column redactionnel\">\n<h2 id=\"un-restaurant-de-qualite\">Ein <span>erstklassiges<\/span>Restaurant<\/h2>\n\n\n\n<p>Unser <strong>Restaurant<\/strong> &#8220;La Terrasse de Fromengal&#8221; empf\u00e4ngt Sie auf seiner gro\u00dfen <strong>Panoramaterrasse<\/strong> vor einer herrlichen Naturkulisse. Wir bieten Ihnen die M\u00f6glichkeit, die <a href=\"https:\/\/www.domaine-fromengal.com\/de\/umgebung\/\" data-type=\"page\" data-id=\"322\">K\u00fcche des P\u00e9rigord<\/a> zu entdecken (G\u00e4nseleberpastete, Salat mit Bl\u00e4ttermagen, Confit, Kartoffeln aus Sarladais, Nusskuchen &#8230;) sowie eine traditionelle K\u00fcche mit einer abwechslungsreichen Speisekarte und einem &#8220;Tagesgericht&#8221;.<\/p>\n\n\n\n<p>Der Gro\u00dfteil des gekochten Gem\u00fcses stammt aus dem <strong>Gem\u00fcsegarten des Campingplatzes<\/strong>, was den Geschmack und die Qualit\u00e4t der Gerichte sicherstellt. Die Foie gras wird mit einem Hausrezept zubereitet, die Nusskuchen und -t\u00f6rtchen mit den N\u00fcssen der Domaine. Wir bevorzugen lokale Produzenten.<br>Das Restaurant bereitet Ihnen auch<strong>ausgezeichnete hausgemachte Pizzen, Salate, Gegrilltes, Pommes frites<\/strong>&#8230; und nicht zu vergessen die Freilandh\u00fchner aus dem P\u00e9rigord.<\/p>\n\n\n\n<p>F\u00fcr den Aperitif unter den Sonnenschirmen auf der Terrasse werden Ihnen auch Tapas-Formeln angeboten.<\/p>\n\n\n\n<p>In der Saison bieten wir Ihnen am Abend <strong>Themenessen<\/strong> an. Mittwochs: Muscheln mit Pommes frites, Paella, Couscous, Gegrilltes. Am Freitag: <strong>typisches Essen aus dem P\u00e9rigord<\/strong>.<\/p>\n\n\n\n<div class=\"wp-block-group encart-alerte\"><div class=\"wp-block-group__inner-container\">\n<p class=\"has-secondaire-color has-text-color\"><span>Sie m\u00f6chten buchen<br>aber Sie halten sich nicht auf dem Campingplatz auf?<\/span><\/p>\n\n\n\n<p><strong>Unser Restaurant ist auch nach au\u00dfen hin ge\u00f6ffnet. Wenn Sie nicht auf unserem Campingplatz \u00fcbernachten, sind Sie dort herzlich willkommen.  <\/strong><\/p>\n\n\n\n<p><strong>Denken Sie daran, Ihren Tisch zu reservieren oder Ihre Speisen zum Mitnehmen zu bestellen.<\/strong><\/p>\n\n\n\n<p>Reservierung :  <strong><a itemprop=\"telephone\" href=\"tel:+3333553631155\">+33 5 53 63 11 55<\/a><\/strong><\/p>\n<\/div><\/div>\n<\/div>\n<\/div>\n\n\n\n<div class=\"wp-block-cover is-light fond boxage\" style=\"padding-top:250px;padding-right:250px;padding-bottom:250px;padding-left:250px\"><span aria-hidden=\"true\" class=\"has-background-dim-60 wp-block-cover__gradient-background has-background-dim\" style=\"background-color:#d3ebd4\"><\/span><img width=\"1780\" height=\"513\" class=\"wp-block-cover__image-background wp-image-408\" alt=\"\" src=\"https:\/\/www.domaine-fromengal.com\/wp-content\/uploads\/2021\/12\/annie-spratt-8wUjniBSnpw-unsplash-1.jpg\" style=\"object-position:49% 100%\" data-object-fit=\"cover\" data-object-position=\"49% 100%\" srcset=\"https:\/\/www.domaine-fromengal.com\/wp-content\/uploads\/2021\/12\/annie-spratt-8wUjniBSnpw-unsplash-1.jpg 1780w, https:\/\/www.domaine-fromengal.com\/wp-content\/uploads\/2021\/12\/annie-spratt-8wUjniBSnpw-unsplash-1-300x86.jpg 300w, https:\/\/www.domaine-fromengal.com\/wp-content\/uploads\/2021\/12\/annie-spratt-8wUjniBSnpw-unsplash-1-1024x295.jpg 1024w, https:\/\/www.domaine-fromengal.com\/wp-content\/uploads\/2021\/12\/annie-spratt-8wUjniBSnpw-unsplash-1-768x221.jpg 768w, https:\/\/www.domaine-fromengal.com\/wp-content\/uploads\/2021\/12\/annie-spratt-8wUjniBSnpw-unsplash-1-1536x443.jpg 1536w\" sizes=\"(max-width: 1780px) 100vw, 1780px\" \/><div class=\"wp-block-cover__inner-container\">\n<p class=\"has-text-align-center has-large-font-size\"><\/p>\n<\/div><\/div>\n<\/div><\/div>\n\n\n\n<div style=\"height:25px\" aria-hidden=\"true\" class=\"wp-block-spacer\"><\/div>\n\n\n\n<div class=\"wp-container-69f3cb2add449 wp-block-group f-90-a boxage\"><div class=\"wp-block-group__inner-container\">\n<div class=\"wp-block-columns alignfull points-forts\">\n<div class=\"wp-block-column col1\">\n<figure class=\"wp-block-image size-large\"><img width=\"1024\" height=\"555\" src=\"https:\/\/www.domaine-fromengal.com\/wp-content\/uploads\/2022\/02\/01-OK-04072016-_MG_0232-1024x555.jpg\" alt=\"\" class=\"wp-image-3174\" srcset=\"https:\/\/www.domaine-fromengal.com\/wp-content\/uploads\/2022\/02\/01-OK-04072016-_MG_0232-1024x555.jpg 1024w, https:\/\/www.domaine-fromengal.com\/wp-content\/uploads\/2022\/02\/01-OK-04072016-_MG_0232-300x163.jpg 300w, https:\/\/www.domaine-fromengal.com\/wp-content\/uploads\/2022\/02\/01-OK-04072016-_MG_0232-768x416.jpg 768w, https:\/\/www.domaine-fromengal.com\/wp-content\/uploads\/2022\/02\/01-OK-04072016-_MG_0232-1536x833.jpg 1536w, https:\/\/www.domaine-fromengal.com\/wp-content\/uploads\/2022\/02\/01-OK-04072016-_MG_0232.jpg 2035w\" sizes=\"(max-width: 1024px) 100vw, 1024px\" \/><\/figure>\n<\/div>\n\n\n\n<div class=\"wp-block-column col2\">\n<figure class=\"wp-block-image size-full\"><img width=\"1024\" height=\"683\" src=\"https:\/\/www.domaine-fromengal.com\/wp-content\/uploads\/2022\/02\/02-OK-restaurant-8.jpg\" alt=\"\" class=\"wp-image-3178\" srcset=\"https:\/\/www.domaine-fromengal.com\/wp-content\/uploads\/2022\/02\/02-OK-restaurant-8.jpg 1024w, https:\/\/www.domaine-fromengal.com\/wp-content\/uploads\/2022\/02\/02-OK-restaurant-8-300x200.jpg 300w, https:\/\/www.domaine-fromengal.com\/wp-content\/uploads\/2022\/02\/02-OK-restaurant-8-768x512.jpg 768w\" sizes=\"(max-width: 1024px) 100vw, 1024px\" \/><\/figure>\n<\/div>\n\n\n\n<div class=\"wp-block-column col3\">\n<figure class=\"wp-block-image size-large\"><img width=\"1024\" height=\"683\" src=\"https:\/\/www.domaine-fromengal.com\/wp-content\/uploads\/2022\/02\/01-restaurant-04072016-_MG_0187-1024x683.jpg\" alt=\"\" class=\"wp-image-3182\" srcset=\"https:\/\/www.domaine-fromengal.com\/wp-content\/uploads\/2022\/02\/01-restaurant-04072016-_MG_0187-1024x683.jpg 1024w, https:\/\/www.domaine-fromengal.com\/wp-content\/uploads\/2022\/02\/01-restaurant-04072016-_MG_0187-300x200.jpg 300w, https:\/\/www.domaine-fromengal.com\/wp-content\/uploads\/2022\/02\/01-restaurant-04072016-_MG_0187-768x512.jpg 768w, https:\/\/www.domaine-fromengal.com\/wp-content\/uploads\/2022\/02\/01-restaurant-04072016-_MG_0187.jpg 1368w\" sizes=\"(max-width: 1024px) 100vw, 1024px\" \/><\/figure>\n<\/div>\n<\/div>\n\n\n\n<div style=\"height:50px\" aria-hidden=\"true\" class=\"wp-block-spacer\"><\/div>\n\n\n\n<div class=\"wp-block-columns\">\n<div class=\"wp-block-column\">\n<h1 class=\"titre_b\" id=\"snack-et-plats-a-emporter-1\">Snacks und Gerichte <span>zum Mitnehmen<\/span><\/h1>\n\n\n\n<p>Egal, ob Sie sich f\u00fcr <a href=\"https:\/\/www.domaine-fromengal.com\/de\/standorte\/\" data-type=\"page\" data-id=\"295\">einen Stellplatz auf einem Campingplatz in der Dordogne<\/a> oder <a href=\"https:\/\/www.domaine-fromengal.com\/de\/unterkuenfte\/\" data-type=\"page\" data-id=\"283\">f\u00fcr eine Mietunterkunft<\/a> entschieden haben, um Ihnen das Leben <strong>zu<\/strong> erleichtern, bietet Ihnen das Restaurant du Fromengal <strong>Gerichte zum Mitnehmen, hausgemachte Pizzas, Pommes frites, hausgemachte Hamburger<\/strong>, gebratenes <strong>Huhn vom Bauernhof<\/strong> aus dem P\u00e9rigord&#8230;<\/p>\n\n\n\n<p>F\u00fcr Ihre Spazierg\u00e4nge oder Ausfl\u00fcge besteht die M\u00f6glichkeit, Picknickk\u00f6rbe oder Sandwiches zu bestellen.  <\/p>\n\n\n\n<p>Im Juli und August nachmittags von 16:00 bis 17:00 Uhr f\u00fcr den kleinen Hunger oder als Snack: Verkauf von Cr\u00eapes im Petit Creux.<\/p>\n<\/div>\n\n\n\n<div class=\"wp-block-column is-vertically-aligned-bottom\">\n<div class=\"wp-block-columns are-vertically-aligned-center points-forts points\">\n<div class=\"wp-block-column is-vertically-aligned-center\" style=\"flex-basis:50%\">\n<div class=\"wp-block-columns\">\n<div class=\"wp-block-column is-vertically-aligned-center\" style=\"flex-basis:20%\">\n<p class=\"picto bleu\"><i class=\"fas fa-eye\"><\/i> <\/p>\n<\/div>\n\n\n\n<div class=\"wp-block-column\" style=\"flex-basis:80%\">\n<p class=\"legende has-principale-color has-text-color\">Das<strong> Restaurant<\/strong> und seine <strong>Panoramaterrasse<\/strong><\/p>\n<\/div>\n<\/div>\n<\/div>\n\n\n\n<div class=\"wp-block-column is-vertically-aligned-center\" style=\"flex-basis:50%\">\n<div class=\"wp-container-69f3cb2add069 wp-block-buttons align-right\">\n<div class=\"wp-block-button vert\"><a class=\"wp-block-button__link\" href=\"https:\/\/www.domaine-fromengal.com\/de\/kontakt\/\">Kontaktieren Sie uns  <i class=\"fas fa-utensils-alt\"><\/i><\/a><\/div>\n<\/div>\n<\/div>\n<\/div>\n\n\n\n<div style=\"height:40px\" aria-hidden=\"true\" class=\"wp-block-spacer\"><\/div>\n\n\n\n<div class=\"wp-block-group encart-information\"><div class=\"wp-block-group__inner-container\">\n<p id=\"formules-pension-ou-demi-pension-1\">Damit Sie Ihren Urlaub in vollen Z\u00fcgen genie\u00dfen k\u00f6nnen, bieten wir <strong>Halb-<\/strong> oder <strong>Vollpension<\/strong> an. Fragen Sie uns nach den Preisen.<\/p>\n<\/div><\/div>\n<\/div>\n<\/div>\n<\/div><\/div>\n\n\n\n<div style=\"height:50px\" aria-hidden=\"true\" class=\"wp-block-spacer\"><\/div>\n\n\n\n<div class=\"wp-container-69f3cb2addaee wp-block-group noMarginB\"><div class=\"wp-block-group__inner-container\">\n<div class=\"wp-block-group encart-alerte\"><div class=\"wp-block-group__inner-container\">\n<h3 class=\"has-text-align-center\" id=\"infos-pratiques-1\"><strong><strong>Die Pluspunkte des Restaurants<\/strong><\/strong><\/h3>\n\n\n\n<div class=\"wp-block-columns boxage_medium\">\n<div class=\"wp-block-column\" style=\"flex-basis:23%\"><i class=\"fal fa-futbol\"><\/i>\n\n\n\n<p class=\"has-text-align-center\">Von der Terrasse des Restaurants aus k\u00f6nnen Sie <strong>die Kinder im Auge behalten<\/strong>, der Spielplatz ist gleich nebenan!<\/p>\n<\/div>\n\n\n\n<div class=\"wp-block-column\" style=\"flex-basis:23%\"><i class=\"fal fa-birthday-cake\"><\/i>\n\n\n\n<p class=\"has-text-align-center\">Ein Geburtstag, der w\u00e4hrend Ihres Aufenthalts gefeiert werden soll, <strong>Sie k\u00f6nnen Ihren pers\u00f6nlichen Kuchen bestellen<\/strong>.<\/p>\n<\/div>\n\n\n\n<div class=\"wp-block-column\" style=\"flex-basis:23%\"><i class=\"fal fa-cheeseburger\"><\/i>\n\n\n\n<p class=\"has-text-align-center\">Pizzas, Hamburger, Pommes frites, H\u00e4hnchen:<strong> Mittags und abends zum<\/strong> Mitnehmen, um Ihnen das Leben zu erleichtern und Ihren Urlaub zu genie\u00dfen.<\/p>\n<\/div>\n\n\n\n<div class=\"wp-block-column\" style=\"flex-basis:23%\"><i class=\"fal fa-turkey\"><\/i>\n\n\n\n<p class=\"has-text-align-center\">Das<strong>ausgezeichnete perigourdinische Essen<\/strong> am Freitagabend mit Foie gras, das vom Chefkoch zubereitet wurde!  <br>Denken Sie an eine Reservierung.<\/p>\n<\/div>\n<\/div>\n<\/div><\/div>\n<\/div><\/div>\n\n\n\n<div class=\"wp-block-cover is-light banniere\"><span aria-hidden=\"true\" class=\"has-background-dim-0 wp-block-cover__gradient-background has-background-dim\"><\/span><img width=\"1368\" height=\"912\" class=\"wp-block-cover__image-background wp-image-3182\" alt=\"\" src=\"https:\/\/www.domaine-fromengal.com\/wp-content\/uploads\/2022\/02\/01-restaurant-04072016-_MG_0187.jpg\" style=\"object-position:40% 67%\" data-object-fit=\"cover\" data-object-position=\"40% 67%\" srcset=\"https:\/\/www.domaine-fromengal.com\/wp-content\/uploads\/2022\/02\/01-restaurant-04072016-_MG_0187.jpg 1368w, https:\/\/www.domaine-fromengal.com\/wp-content\/uploads\/2022\/02\/01-restaurant-04072016-_MG_0187-300x200.jpg 300w, https:\/\/www.domaine-fromengal.com\/wp-content\/uploads\/2022\/02\/01-restaurant-04072016-_MG_0187-1024x683.jpg 1024w, https:\/\/www.domaine-fromengal.com\/wp-content\/uploads\/2022\/02\/01-restaurant-04072016-_MG_0187-768x512.jpg 768w\" sizes=\"(max-width: 1368px) 100vw, 1368px\" \/><div class=\"wp-block-cover__inner-container\">\n<p class=\"has-text-align-center has-large-font-size\"><\/p>\n<\/div><\/div>\n\n\n\n<div style=\"height:100px\" aria-hidden=\"true\" class=\"wp-block-spacer\"><\/div>\n\n\n\n<div class=\"wp-container-69f3cb2ade0de wp-block-group f-90-a\"><div class=\"wp-block-group__inner-container\">\n<div class=\"wp-block-columns boxage\">\n<div class=\"wp-block-column redactionnel\">\n<h1 class=\"titre_a\" id=\"cousinades-evenements-seminairesou-location-de-salle\">Cousinaden, Veranstaltungen, Seminare<br><span>oder Raumvermietung<\/span><\/h1>\n\n\n\n<p>Die <strong>Domaine de Fromengal<\/strong> erf\u00fcllt zwar alle Ihre W\u00fcnsche, wir k\u00f6nnen Ihnen aber auch <strong>spezielle Angebote mit Unterkunft, Verpflegung, <a href=\"https:\/\/www.domaine-fromengal.com\/de\/animationen\/\">Aktivit\u00e4ten<\/a><\/strong> (Kanu, Baumklettern &#8230;) oder Animationen anbieten.<\/p>\n\n\n\n<p>In der N\u00e4he der Domaine de Fromengal sind n\u00e4mlich <strong>zahlreiche Aktivit\u00e4ten<\/strong> <strong>in der freien Natur <\/strong>(Kanu, Wanderungen) &amp; <strong>kulturelle Besichtigungen <\/strong>m\u00f6glich (Kloster von Cadouin, befestigte Abtei von Saint Avit Senieur, H\u00f6hlen von Maxange, Bastide von Moli\u00e8res).<br>Wir k\u00f6nnen Sie bei Ihren Besuchen beraten.<\/p>\n<\/div>\n\n\n\n<div class=\"wp-block-column\">\n<div class=\"wp-block-columns points-forts\">\n<div class=\"wp-block-column col2\">\n<figure class=\"wp-block-image size-large\"><img width=\"813\" height=\"1024\" src=\"https:\/\/www.domaine-fromengal.com\/wp-content\/uploads\/2022\/02\/table-70-ans-rotated-e1645026305269-813x1024.jpg\" alt=\"Domaine De Fromengal : Tisch 70 Jahre\" class=\"wp-image-3135\" srcset=\"https:\/\/www.domaine-fromengal.com\/wp-content\/uploads\/2022\/02\/table-70-ans-rotated-e1645026305269-813x1024.jpg 813w, https:\/\/www.domaine-fromengal.com\/wp-content\/uploads\/2022\/02\/table-70-ans-rotated-e1645026305269-238x300.jpg 238w, https:\/\/www.domaine-fromengal.com\/wp-content\/uploads\/2022\/02\/table-70-ans-rotated-e1645026305269-768x967.jpg 768w, https:\/\/www.domaine-fromengal.com\/wp-content\/uploads\/2022\/02\/table-70-ans-rotated-e1645026305269-1219x1536.jpg 1219w, https:\/\/www.domaine-fromengal.com\/wp-content\/uploads\/2022\/02\/table-70-ans-rotated-e1645026305269.jpg 1440w\" sizes=\"(max-width: 813px) 100vw, 813px\" \/><\/figure>\n<\/div>\n\n\n\n<div class=\"wp-block-column col3\">\n<figure class=\"wp-block-image size-large\"><img width=\"682\" height=\"1024\" src=\"https:\/\/www.domaine-fromengal.com\/wp-content\/uploads\/2022\/02\/12-restaurant-04072016-_MG_0184-682x1024.jpg\" alt=\"\" class=\"wp-image-3193\" srcset=\"https:\/\/www.domaine-fromengal.com\/wp-content\/uploads\/2022\/02\/12-restaurant-04072016-_MG_0184-682x1024.jpg 682w, https:\/\/www.domaine-fromengal.com\/wp-content\/uploads\/2022\/02\/12-restaurant-04072016-_MG_0184-200x300.jpg 200w, https:\/\/www.domaine-fromengal.com\/wp-content\/uploads\/2022\/02\/12-restaurant-04072016-_MG_0184-768x1153.jpg 768w, https:\/\/www.domaine-fromengal.com\/wp-content\/uploads\/2022\/02\/12-restaurant-04072016-_MG_0184-1023x1536.jpg 1023w, https:\/\/www.domaine-fromengal.com\/wp-content\/uploads\/2022\/02\/12-restaurant-04072016-_MG_0184.jpg 1244w\" sizes=\"(max-width: 682px) 100vw, 682px\" \/><\/figure>\n<\/div>\n\n\n\n<div class=\"wp-block-column col1\">\n<figure class=\"wp-block-image size-large\"><img width=\"737\" height=\"1024\" src=\"https:\/\/www.domaine-fromengal.com\/wp-content\/uploads\/2022\/02\/04-groupes-evenements-table-bapteme-737x1024.jpg\" alt=\"Domaine De Fromengal : 04 Gruppen Events Tisch Taufe\" class=\"wp-image-3144\" srcset=\"https:\/\/www.domaine-fromengal.com\/wp-content\/uploads\/2022\/02\/04-groupes-evenements-table-bapteme-737x1024.jpg 737w, https:\/\/www.domaine-fromengal.com\/wp-content\/uploads\/2022\/02\/04-groupes-evenements-table-bapteme-216x300.jpg 216w, https:\/\/www.domaine-fromengal.com\/wp-content\/uploads\/2022\/02\/04-groupes-evenements-table-bapteme-768x1067.jpg 768w, https:\/\/www.domaine-fromengal.com\/wp-content\/uploads\/2022\/02\/04-groupes-evenements-table-bapteme-1106x1536.jpg 1106w, https:\/\/www.domaine-fromengal.com\/wp-content\/uploads\/2022\/02\/04-groupes-evenements-table-bapteme.jpg 1175w\" sizes=\"(max-width: 737px) 100vw, 737px\" \/><\/figure>\n<\/div>\n<\/div>\n<\/div>\n<\/div>\n<\/div><\/div>\n\n\n\n<div style=\"height:50px\" aria-hidden=\"true\" class=\"wp-block-spacer\"><\/div>\n","protected":false},"excerpt":{"rendered":"<p>Campingplatz in der Dordogne mitRestaurant und Gerichte zum Mitnehmen Das Restaurant ist ge\u00f6ffnet .W\u00f6chentliche Schlie\u00dfung am Montag. Panorama-Terrasse Gem\u00fcse aus dem Garten Pizzas Haus und Gerichte zum Mitnehmen Thematische Mahlzeiten in der Saison Fotogalerie Ein erstklassigesRestaurant Unser Restaurant &#8220;La Terrasse de Fromengal&#8221; empf\u00e4ngt Sie auf seiner gro\u00dfen Panoramaterrasse vor einer herrlichen Naturkulisse. Wir bieten Ihnen [&hellip;]<\/p>\n","protected":false},"author":1,"featured_media":0,"parent":0,"menu_order":0,"comment_status":"closed","ping_status":"closed","template":"","meta":[],"acf":[],"_links":{"self":[{"href":"https:\/\/www.domaine-fromengal.com\/de\/wp-json\/wp\/v2\/pages\/6136"}],"collection":[{"href":"https:\/\/www.domaine-fromengal.com\/de\/wp-json\/wp\/v2\/pages"}],"about":[{"href":"https:\/\/www.domaine-fromengal.com\/de\/wp-json\/wp\/v2\/types\/page"}],"author":[{"embeddable":true,"href":"https:\/\/www.domaine-fromengal.com\/de\/wp-json\/wp\/v2\/users\/1"}],"replies":[{"embeddable":true,"href":"https:\/\/www.domaine-fromengal.com\/de\/wp-json\/wp\/v2\/comments?post=6136"}],"version-history":[{"count":2,"href":"https:\/\/www.domaine-fromengal.com\/de\/wp-json\/wp\/v2\/pages\/6136\/revisions"}],"predecessor-version":[{"id":6241,"href":"https:\/\/www.domaine-fromengal.com\/de\/wp-json\/wp\/v2\/pages\/6136\/revisions\/6241"}],"wp:attachment":[{"href":"https:\/\/www.domaine-fromengal.com\/de\/wp-json\/wp\/v2\/media?parent=6136"}],"curies":[{"name":"wp","href":"https:\/\/api.w.org\/{rel}","templated":true}]}}