{"id":6138,"date":"2022-05-19T16:09:55","date_gmt":"2022-05-19T14:09:55","guid":{"rendered":"https:\/\/www.domaine-fromengal.com\/seminare\/"},"modified":"2023-10-12T11:35:15","modified_gmt":"2023-10-12T09:35:15","slug":"seminare","status":"publish","type":"page","link":"https:\/\/www.domaine-fromengal.com\/de\/seminare\/","title":{"rendered":"Seminare"},"content":{"rendered":"\n<div class=\"wp-block-cover is-light f-100-b\" style=\"padding-top:0px;padding-right:0px;padding-bottom:0px;padding-left:0px\"><span aria-hidden=\"true\" class=\"has-background-dim-0 wp-block-cover__gradient-background has-background-dim\"><\/span><img width=\"1500\" height=\"450\" class=\"wp-block-cover__image-background wp-image-1257\" alt=\"\" src=\"https:\/\/www.domaine-fromengal.com\/wp-content\/uploads\/2022\/01\/location-01.jpg\" data-object-fit=\"cover\" srcset=\"https:\/\/www.domaine-fromengal.com\/wp-content\/uploads\/2022\/01\/location-01.jpg 1500w, https:\/\/www.domaine-fromengal.com\/wp-content\/uploads\/2022\/01\/location-01-300x90.jpg 300w, https:\/\/www.domaine-fromengal.com\/wp-content\/uploads\/2022\/01\/location-01-1024x307.jpg 1024w, https:\/\/www.domaine-fromengal.com\/wp-content\/uploads\/2022\/01\/location-01-768x230.jpg 768w\" sizes=\"(max-width: 1500px) 100vw, 1500px\" \/><div class=\"wp-block-cover__inner-container\">\n<p class=\"has-text-align-center has-large-font-size\"><\/p>\n<\/div><\/div>\n\n\n\n<div style=\"height:49px\" aria-hidden=\"true\" class=\"wp-block-spacer\"><\/div>\n\n\n\n<div class=\"wp-block-columns boxage introduction\">\n<div class=\"wp-block-column\" style=\"flex-basis:40%\">\n<h1 id=\"accueil-de-groupesen-dordogne-cousinades-evenements-seminaires\">Empfang von Gruppen<br>in der Dordogne<br><span>Cousinaden, Veranstaltungen, Seminare<\/span><\/h1>\n<\/div>\n\n\n\n<div class=\"wp-block-column is-vertically-aligned-top\" style=\"flex-basis:60%\">\n<div style=\"height:25px\" aria-hidden=\"true\" class=\"wp-block-spacer\"><\/div>\n\n\n\n<div class=\"wp-block-columns are-vertically-aligned-top points-forts\">\n<div class=\"wp-block-column is-vertically-aligned-top\">\n<div class=\"wp-block-columns\">\n<div class=\"wp-block-column is-vertically-aligned-center\" style=\"flex-basis:20%\">\n<p class=\"picto rouge\"> <i class=\"fas fa-birthday-cake\"><\/i> <\/p>\n<\/div>\n\n\n\n<div class=\"wp-block-column\" style=\"flex-basis:80%\">\n<p class=\"legende\"><strong>Struktur f\u00fcr jede<\/strong> Veranstaltung geeignet<\/p>\n<\/div>\n<\/div>\n<\/div>\n\n\n\n<div class=\"wp-block-column is-vertically-aligned-top\">\n<div class=\"wp-block-columns\">\n<div class=\"wp-block-column is-vertically-aligned-center\" style=\"flex-basis:20%\">\n<p class=\"picto vert\"> <i class=\"fas fa-utensils-alt\"><\/i> <\/p>\n<\/div>\n\n\n\n<div class=\"wp-block-column\" style=\"flex-basis:80%\">\n<p class=\"legende\"><strong>Restaurant<\/strong>mit <strong>\u00fcberdachter<\/strong><strong>Terrasse<\/strong> <\/p>\n<\/div>\n<\/div>\n<\/div>\n\n\n\n<div class=\"wp-block-column is-vertically-aligned-top\">\n<div class=\"wp-block-columns\">\n<div class=\"wp-block-column is-vertically-aligned-center\" style=\"flex-basis:20%\">\n<p class=\"picto bleu\"> <i class=\"fas fa-key\"><\/i> <\/p>\n<\/div>\n\n\n\n<div class=\"wp-block-column\" style=\"flex-basis:80%\">\n<p class=\"legende\">Formeln f\u00fcr die <strong>Pension <\/strong> <br>oder<strong> Halbpension<\/strong><\/p>\n<\/div>\n<\/div>\n<\/div>\n<\/div>\n<\/div>\n<\/div>\n\n\n\n<div class=\"wp-container-69e201c171d03 wp-block-group f-90-a boxage\"><div class=\"wp-block-group__inner-container\">\n<div class=\"wp-block-columns alignfull points-forts\">\n<div class=\"wp-block-column col1\">\n<figure class=\"wp-block-image size-large\"><img width=\"813\" height=\"1024\" src=\"https:\/\/www.domaine-fromengal.com\/wp-content\/uploads\/2022\/02\/table-70-ans-1-813x1024.jpg\" alt=\"Domaine De Fromengal : Tisch 70 Jahre\" class=\"wp-image-3817\" srcset=\"https:\/\/www.domaine-fromengal.com\/wp-content\/uploads\/2022\/02\/table-70-ans-1-813x1024.jpg 813w, https:\/\/www.domaine-fromengal.com\/wp-content\/uploads\/2022\/02\/table-70-ans-1-238x300.jpg 238w, https:\/\/www.domaine-fromengal.com\/wp-content\/uploads\/2022\/02\/table-70-ans-1-768x967.jpg 768w, https:\/\/www.domaine-fromengal.com\/wp-content\/uploads\/2022\/02\/table-70-ans-1-1219x1536.jpg 1219w, https:\/\/www.domaine-fromengal.com\/wp-content\/uploads\/2022\/02\/table-70-ans-1.jpg 1440w\" sizes=\"(max-width: 813px) 100vw, 813px\" \/><\/figure>\n<\/div>\n\n\n\n<div class=\"wp-block-column col2\">\n<figure class=\"wp-block-image size-full\"><img width=\"1024\" height=\"469\" src=\"https:\/\/www.domaine-fromengal.com\/wp-content\/uploads\/2022\/02\/plateau-fromage-1.jpg\" alt=\"Domaine De Fromengal : Plateau Fromage\" class=\"wp-image-3820\" srcset=\"https:\/\/www.domaine-fromengal.com\/wp-content\/uploads\/2022\/02\/plateau-fromage-1.jpg 1024w, https:\/\/www.domaine-fromengal.com\/wp-content\/uploads\/2022\/02\/plateau-fromage-1-300x137.jpg 300w, https:\/\/www.domaine-fromengal.com\/wp-content\/uploads\/2022\/02\/plateau-fromage-1-768x352.jpg 768w\" sizes=\"(max-width: 1024px) 100vw, 1024px\" \/><\/figure>\n<\/div>\n\n\n\n<div class=\"wp-block-column col3\">\n<figure class=\"wp-block-image size-large\"><img width=\"1024\" height=\"705\" src=\"https:\/\/www.domaine-fromengal.com\/wp-content\/uploads\/2022\/03\/IMG_2197-1024x705.jpg\" alt=\"\" class=\"wp-image-5103\" srcset=\"https:\/\/www.domaine-fromengal.com\/wp-content\/uploads\/2022\/03\/IMG_2197-1024x705.jpg 1024w, https:\/\/www.domaine-fromengal.com\/wp-content\/uploads\/2022\/03\/IMG_2197-300x206.jpg 300w, https:\/\/www.domaine-fromengal.com\/wp-content\/uploads\/2022\/03\/IMG_2197-768x528.jpg 768w, https:\/\/www.domaine-fromengal.com\/wp-content\/uploads\/2022\/03\/IMG_2197.jpg 1093w\" sizes=\"(max-width: 1024px) 100vw, 1024px\" \/><\/figure>\n<\/div>\n<\/div>\n\n\n\n<div style=\"height:50px\" aria-hidden=\"true\" class=\"wp-block-spacer\"><\/div>\n\n\n\n<div class=\"wp-block-columns\">\n<div class=\"wp-block-column\">\n<h1 class=\"titre_b\" id=\"accueil-de-groupes-dans-un-camping-en-dordogne\">Empfang von Gruppen  <br><span>auf einem Campingplatz in der Dordogne<\/span><\/h1>\n\n\n\n<p>Cousinade, Geburtstag, Familientreffen, Wanderer, Radtouristen, Motorradfahrer, unser 5-Sterne-Campingplatz in der Dordogne erf\u00fcllt Ihre W\u00fcnsche f\u00fcr den Empfang von Gruppen in der Dordogne und von <a href=\"https:\/\/www.domaine-fromengal.com\/de\/unterkuenfte\/\" data-type=\"page\" data-id=\"283\">   <strong>Vermietung von Unterk\u00fcnften in 2 oder 3 Zimmern.<\/strong> <\/a> <\/p>\n\n\n\n<p>Sie haben Zugang zu den Einrichtungen der Domaine: Wasserpark mit <a href=\"https:\/\/www.domaine-fromengal.com\/de\/swimmingpool\/\" data-type=\"page\" data-id=\"279\">Schwimmbad<\/a> und Rutschen, Multisportplatz, Boule-Pl\u00e4tze, Orientierungslauf, Kinderspielpl\u00e4tze. Mietservice f\u00fcr Bettw\u00e4sche und Handtuchsets.<\/p>\n\n\n\n<p>Was die <a href=\"https:\/\/www.domaine-fromengal.com\/de\/verpflegung\/\" data-type=\"page\" data-id=\"301\">Verpflegung<\/a> angeht, k\u00f6nnen wir Ihnen Halbpension, Vollpension oder \u00e0 la carte, typische Gerichte aus dem P\u00e9rigord, Fr\u00fchst\u00fcck und Picknickk\u00f6rbe zum Mitnehmen anbieten. Mit dem Gem\u00fcse aus dem Gem\u00fcsegarten des Campingplatzes bereitet unser Koch ausgezeichnete Mahlzeiten f\u00fcr Sie zu.  <\/p>\n\n\n\n<p>Unser 5-Sterne-Campingplatz in der Dordogne,  <strong>ideal zwischen Sarlat und Bergerac gelegen<\/strong>, kann der Ausgangspunkt sein f\u00fcr  <a href=\"https:\/\/www.domaine-fromengal.com\/de\/umgebung\/\" data-type=\"URL\" data-id=\"https:\/\/www.domaine-fromengal.com\/camping-perigord\/\">zahlreiche Aktivit\u00e4ten<\/a> (Wanderungen zu Fu\u00df oder mit dem Fahrrad, Kanufahren auf der Dordogne, Baumklettern) oder touristische und kulturelle Besichtigungen (Besuch der Abtei und des mittelalterlichen Dorfes Cadouin, Entdeckung der H\u00f6hlen von Maxange oder der mittelalterlichen Bastide von Monpazier).<\/p>\n<\/div>\n\n\n\n<div class=\"wp-block-column is-vertically-aligned-bottom\">\n<div class=\"wp-container-69e201c171441 wp-block-buttons\">\n<div class=\"wp-block-button vert\"><a class=\"wp-block-button__link\" href=\"https:\/\/tourmkr.com\/F1cnchDTyK\/34159601p&amp;313.29h&amp;90.53t\" target=\"_blank\" rel=\"noreferrer noopener\">Sehen Sie sich den virtuellen Rundgang durch das Restaurant an<\/a><\/div>\n<\/div>\n\n\n\n<div style=\"height:30px\" aria-hidden=\"true\" class=\"wp-block-spacer\"><\/div>\n\n\n\n<div class=\"wp-block-columns are-vertically-aligned-center points-forts points\">\n<div class=\"wp-block-column is-vertically-aligned-center\" style=\"flex-basis:50%\">\n<div class=\"wp-block-columns\">\n<div class=\"wp-block-column is-vertically-aligned-center\" style=\"flex-basis:20%\">\n<p class=\"picto bleu\"><i class=\"fas fa-eye\"><\/i> <\/p>\n<\/div>\n\n\n\n<div class=\"wp-block-column\" style=\"flex-basis:80%\">\n<p class=\"legende has-principale-color has-text-color\">Das<strong> Restaurant<\/strong> und seine <strong>Panoramaterrasse<\/strong><\/p>\n<\/div>\n<\/div>\n<\/div>\n\n\n\n<div class=\"wp-block-column is-vertically-aligned-center\" style=\"flex-basis:50%\">\n<div class=\"wp-container-69e201c1718e7 wp-block-buttons align-right\">\n<div class=\"wp-block-button vert\"><a class=\"wp-block-button__link\" href=\"https:\/\/www.domaine-fromengal.com\/de\/kontakt\/\">Kontaktieren Sie uns  <i class=\"fas fa-paper-plane\"><\/i><\/a><\/div>\n<\/div>\n<\/div>\n<\/div>\n\n\n\n<div style=\"height:40px\" aria-hidden=\"true\" class=\"wp-block-spacer\"><\/div>\n\n\n\n<div class=\"wp-block-group encart-information\"><div class=\"wp-block-group__inner-container\">\n<p class=\"has-typo-principale-color has-text-color\"><strong>Auf Anfrage k\u00f6nnen wir Ihnen &#8220;schl\u00fcsselfertige&#8221; Angebote mit Unterkunft, Verpflegung, <a href=\"https:\/\/www.domaine-fromengal.com\/de\/animationen\/\">Aktivit\u00e4ten<\/a><\/strong> (Kanu, Baumklettern &#8230;) oder Animationen anbieten.<br>Beispiele f\u00fcr Gruppen, die bereits in der Domaine de Fromengal untergebracht waren: Fahrradtouristen, Wanderer, Motorradfahrer, Cousinaden, Studenten f\u00fcr Koh\u00e4sionswochenenden, Hotelfachschule.<\/p>\n<\/div><\/div>\n<\/div>\n<\/div>\n<\/div><\/div>\n\n\n\n<div style=\"height:75px\" aria-hidden=\"true\" class=\"wp-block-spacer\"><\/div>\n\n\n\n<div class=\"wp-block-columns boxage\">\n<div class=\"wp-block-column\">\n<div class=\"wp-block-image\"><figure class=\"aligncenter size-400x400\"><img width=\"400\" height=\"400\" src=\"https:\/\/www.domaine-fromengal.com\/wp-content\/uploads\/2022\/02\/04-groupes-evenements-table-bapteme-1-400x400.jpg\" alt=\"Domaine De Fromengal : 04 Gruppen Events Tisch Taufe\" class=\"wp-image-3826\" srcset=\"https:\/\/www.domaine-fromengal.com\/wp-content\/uploads\/2022\/02\/04-groupes-evenements-table-bapteme-1-400x400.jpg 400w, https:\/\/www.domaine-fromengal.com\/wp-content\/uploads\/2022\/02\/04-groupes-evenements-table-bapteme-1-150x150.jpg 150w, https:\/\/www.domaine-fromengal.com\/wp-content\/uploads\/2022\/02\/04-groupes-evenements-table-bapteme-1-200x200.jpg 200w, https:\/\/www.domaine-fromengal.com\/wp-content\/uploads\/2022\/02\/04-groupes-evenements-table-bapteme-1-300x300.jpg 300w, https:\/\/www.domaine-fromengal.com\/wp-content\/uploads\/2022\/02\/04-groupes-evenements-table-bapteme-1-500x500.jpg 500w, https:\/\/www.domaine-fromengal.com\/wp-content\/uploads\/2022\/02\/04-groupes-evenements-table-bapteme-1-600x600.jpg 600w, https:\/\/www.domaine-fromengal.com\/wp-content\/uploads\/2022\/02\/04-groupes-evenements-table-bapteme-1-700x700.jpg 700w, https:\/\/www.domaine-fromengal.com\/wp-content\/uploads\/2022\/02\/04-groupes-evenements-table-bapteme-1-800x800.jpg 800w, https:\/\/www.domaine-fromengal.com\/wp-content\/uploads\/2022\/02\/04-groupes-evenements-table-bapteme-1-1024x1024.jpg 1024w\" sizes=\"(max-width: 400px) 100vw, 400px\" \/><\/figure><\/div>\n<\/div>\n\n\n\n<div class=\"wp-block-column\">\n<h2 class=\"has-text-align-left\" id=\"locationde-salle-ou-terrasse\">Vermietung<br><span>von Raum oder Terrasse<\/span><\/h2>\n\n\n\n<p class=\"has-text-align-left\">Wir bieten die Vermietung von R\u00e4umen oder der Panoramaterrasse f\u00fcr Familientreffen oder Seminare, Veranstaltungen, Partys. Der Raum ist mit einer Leinwand und einem Beamer ausgestattet. F\u00fcr Abendveranstaltungen verf\u00fcgt sie \u00fcber eine Ton- und Lichtanlage.  <\/p>\n\n\n\n<p class=\"has-text-align-left\">Es<strong>gibt mehrere Optionen<\/strong>: Miete der K\u00fcche, der Terrasse, Restaurant vor Ort oder Catering.<\/p>\n\n\n\n<p class=\"has-text-align-left\"><em>F\u00fcr weitere Informationen oder ein individuelles Angebot kontaktieren Sie uns bitte unter  <\/em><br><em><strong><a itemprop=\"telephone\" href=\"tel:+3333553631155\">+33 5 53 63 11 55<\/a><\/strong>  oder per E-Mail an  <a href=\"mailto:fromengal@domaine-fromengal.com\"><a itemprop=\"email\" href=\"mailto:fromengal@domaine-fromengal.com\">fromengal@domaine-fromengal.com<\/a><\/a><\/em><\/p>\n\n\n\n<div style=\"height:10px\" aria-hidden=\"true\" class=\"wp-block-spacer\"><\/div>\n\n\n\n<div class=\"wp-container-69e201c172259 wp-block-buttons\">\n<div class=\"wp-block-button vert\"><a class=\"wp-block-button__link\" href=\"https:\/\/tourmkr.com\/F1cnchDTyK\" target=\"_blank\" rel=\"noreferrer noopener\">Sehen Sie sich den virtuellen Rundgang durch den Campingplatz an<\/a><\/div>\n<\/div>\n<\/div>\n<\/div>\n\n\n\n<div style=\"height:55px\" aria-hidden=\"true\" class=\"wp-block-spacer\"><\/div>\n\n\n\n<div class=\"wp-block-cover alignfull is-light banniere\"><span aria-hidden=\"true\" class=\"has-background-dim-0 wp-block-cover__gradient-background has-background-dim\"><\/span><img width=\"960\" height=\"640\" class=\"wp-block-cover__image-background wp-image-2634\" alt=\"Domaine De Fromengal : Soire\u0301ee Paella Restaurant\" src=\"https:\/\/www.domaine-fromengal.com\/wp-content\/uploads\/2022\/02\/soire\u0301ee-paella-restaurant.jpg\" style=\"object-position:23% 60%\" data-object-fit=\"cover\" data-object-position=\"23% 60%\" srcset=\"https:\/\/www.domaine-fromengal.com\/wp-content\/uploads\/2022\/02\/soire\u0301ee-paella-restaurant.jpg 960w, https:\/\/www.domaine-fromengal.com\/wp-content\/uploads\/2022\/02\/soire\u0301ee-paella-restaurant-300x200.jpg 300w, https:\/\/www.domaine-fromengal.com\/wp-content\/uploads\/2022\/02\/soire\u0301ee-paella-restaurant-768x512.jpg 768w\" sizes=\"(max-width: 960px) 100vw, 960px\" \/><div class=\"wp-block-cover__inner-container\">\n<p class=\"has-text-align-center has-large-font-size\"><\/p>\n<\/div><\/div>\n","protected":false},"excerpt":{"rendered":"<p>Empfang von Gruppenin der DordogneCousinaden, Veranstaltungen, Seminare Struktur f\u00fcr jede Veranstaltung geeignet Restaurantmit \u00fcberdachterTerrasse Formeln f\u00fcr die Pension oder Halbpension Empfang von Gruppen auf einem Campingplatz in der Dordogne Cousinade, Geburtstag, Familientreffen, Wanderer, Radtouristen, Motorradfahrer, unser 5-Sterne-Campingplatz in der Dordogne erf\u00fcllt Ihre W\u00fcnsche f\u00fcr den Empfang von Gruppen in der Dordogne und von Vermietung von [&hellip;]<\/p>\n","protected":false},"author":1,"featured_media":0,"parent":0,"menu_order":0,"comment_status":"closed","ping_status":"closed","template":"","meta":[],"acf":[],"_links":{"self":[{"href":"https:\/\/www.domaine-fromengal.com\/de\/wp-json\/wp\/v2\/pages\/6138"}],"collection":[{"href":"https:\/\/www.domaine-fromengal.com\/de\/wp-json\/wp\/v2\/pages"}],"about":[{"href":"https:\/\/www.domaine-fromengal.com\/de\/wp-json\/wp\/v2\/types\/page"}],"author":[{"embeddable":true,"href":"https:\/\/www.domaine-fromengal.com\/de\/wp-json\/wp\/v2\/users\/1"}],"replies":[{"embeddable":true,"href":"https:\/\/www.domaine-fromengal.com\/de\/wp-json\/wp\/v2\/comments?post=6138"}],"version-history":[{"count":3,"href":"https:\/\/www.domaine-fromengal.com\/de\/wp-json\/wp\/v2\/pages\/6138\/revisions"}],"predecessor-version":[{"id":6739,"href":"https:\/\/www.domaine-fromengal.com\/de\/wp-json\/wp\/v2\/pages\/6138\/revisions\/6739"}],"wp:attachment":[{"href":"https:\/\/www.domaine-fromengal.com\/de\/wp-json\/wp\/v2\/media?parent=6138"}],"curies":[{"name":"wp","href":"https:\/\/api.w.org\/{rel}","templated":true}]}}