{"id":6140,"date":"2022-05-19T16:17:01","date_gmt":"2022-05-19T14:17:01","guid":{"rendered":"https:\/\/www.domaine-fromengal.com\/dienste\/"},"modified":"2023-10-12T11:31:47","modified_gmt":"2023-10-12T09:31:47","slug":"dienste","status":"publish","type":"page","link":"https:\/\/www.domaine-fromengal.com\/de\/dienste\/","title":{"rendered":"Dienste"},"content":{"rendered":"\n<div class=\"wp-block-cover f-100-b\" style=\"padding-top:0px;padding-right:0px;padding-bottom:0px;padding-left:0px\"><span aria-hidden=\"true\" class=\"has-background-dim-0 wp-block-cover__gradient-background has-background-dim\"><\/span><img width=\"1962\" height=\"1129\" class=\"wp-block-cover__image-background wp-image-2976\" alt=\"\" src=\"https:\/\/www.domaine-fromengal.com\/wp-content\/uploads\/2022\/02\/Camping-le-Fromagal-terrasse-Claire-Macnamara-3.jpg\" style=\"object-position:42% 76%\" data-object-fit=\"cover\" data-object-position=\"42% 76%\" srcset=\"https:\/\/www.domaine-fromengal.com\/wp-content\/uploads\/2022\/02\/Camping-le-Fromagal-terrasse-Claire-Macnamara-3.jpg 1962w, https:\/\/www.domaine-fromengal.com\/wp-content\/uploads\/2022\/02\/Camping-le-Fromagal-terrasse-Claire-Macnamara-3-300x173.jpg 300w, https:\/\/www.domaine-fromengal.com\/wp-content\/uploads\/2022\/02\/Camping-le-Fromagal-terrasse-Claire-Macnamara-3-1024x589.jpg 1024w, https:\/\/www.domaine-fromengal.com\/wp-content\/uploads\/2022\/02\/Camping-le-Fromagal-terrasse-Claire-Macnamara-3-768x442.jpg 768w, https:\/\/www.domaine-fromengal.com\/wp-content\/uploads\/2022\/02\/Camping-le-Fromagal-terrasse-Claire-Macnamara-3-1536x884.jpg 1536w\" sizes=\"(max-width: 1962px) 100vw, 1962px\" \/><div class=\"wp-block-cover__inner-container\">\n<p class=\"has-text-align-center has-large-font-size\"><\/p>\n<\/div><\/div>\n\n\n\n<div style=\"height:70px\" aria-hidden=\"true\" class=\"wp-block-spacer\"><\/div>\n\n\n\n<div class=\"wp-container-69e202744c7a6 wp-block-group boxage introduction\"><div class=\"wp-block-group__inner-container\">\n<div class=\"wp-block-columns boxage\">\n<div class=\"wp-block-column redactionnel\" style=\"flex-basis:40%\">\n<h1 class=\"titre_b\" id=\"un-camping-en-dordogne-aux-services-4-etoiles\">Ein Campingplatz in der Dordogne <br><span>zu den 5-Sterne-Dienstleistungen<\/span><\/h1>\n<\/div>\n\n\n\n<div class=\"wp-block-column\" style=\"flex-basis:60%\">\n<div class=\"wp-block-columns points-forts\">\n<div class=\"wp-block-column is-vertically-aligned-center\">\n<div class=\"wp-block-columns\">\n<div class=\"wp-block-column is-vertically-aligned-center\" style=\"flex-basis:20%\">\n<p class=\"picto rouge\"><i class=\"fas fa-cocktail\"><\/i><\/p>\n<\/div>\n\n\n\n<div class=\"wp-block-column\" style=\"flex-basis:80%\">\n<p class=\"legende\"><strong>Bar<\/strong><strong>und Panorama-Terrasse<\/strong><\/p>\n<\/div>\n<\/div>\n<\/div>\n\n\n\n<div class=\"wp-block-column is-vertically-aligned-center\">\n<div class=\"wp-block-columns\">\n<div class=\"wp-block-column is-vertically-aligned-center\" style=\"flex-basis:20%\">\n<p class=\"picto bleu\"><i class=\"fas fa-shopping-cart\"><\/i><\/p>\n<\/div>\n\n\n\n<div class=\"wp-block-column\" style=\"flex-basis:80%\">\n<p class=\"legende\"><strong>Lebensmittelgesch\u00e4ft und B\u00e4ckerei<\/strong><\/p>\n<\/div>\n<\/div>\n<\/div>\n\n\n\n<div class=\"wp-block-column is-vertically-aligned-center\">\n<div class=\"wp-block-columns\">\n<div class=\"wp-block-column is-vertically-aligned-center\" style=\"flex-basis:20%\">\n<p class=\"picto vert\"><i class=\"fas fa-key\"><\/i><\/p>\n<\/div>\n\n\n\n<div class=\"wp-block-column\" style=\"flex-basis:80%\">\n<p class=\"legende\"><strong>Vermietung <\/strong><br><strong>von Material<\/strong><\/p>\n<\/div>\n<\/div>\n<\/div>\n<\/div>\n<\/div>\n<\/div>\n<\/div><\/div>\n\n\n\n<div class=\"wp-container-69e202744ccee wp-block-group f-90-a\"><div class=\"wp-block-group__inner-container\">\n<div class=\"wp-block-columns points-forts boxage\">\n<div class=\"wp-block-column col1\">\n<figure class=\"wp-block-image size-full\"><img width=\"960\" height=\"640\" src=\"https:\/\/www.domaine-fromengal.com\/wp-content\/uploads\/2022\/01\/confitures-du-Pe\u0301rigord.jpg\" alt=\"\" class=\"wp-image-1365\" srcset=\"https:\/\/www.domaine-fromengal.com\/wp-content\/uploads\/2022\/01\/confitures-du-Pe\u0301rigord.jpg 960w, https:\/\/www.domaine-fromengal.com\/wp-content\/uploads\/2022\/01\/confitures-du-Pe\u0301rigord-300x200.jpg 300w, https:\/\/www.domaine-fromengal.com\/wp-content\/uploads\/2022\/01\/confitures-du-Pe\u0301rigord-768x512.jpg 768w\" sizes=\"(max-width: 960px) 100vw, 960px\" \/><\/figure>\n\n\n\n<p>Kleiner Lebensmittelladen und lokale Produkte<\/p>\n<\/div>\n\n\n\n<div class=\"wp-block-column col2\">\n<figure class=\"wp-block-image size-large\"><img width=\"1024\" height=\"765\" src=\"https:\/\/www.domaine-fromengal.com\/wp-content\/uploads\/2022\/02\/billard-1024x765.jpg\" alt=\"\" class=\"wp-image-3700\" srcset=\"https:\/\/www.domaine-fromengal.com\/wp-content\/uploads\/2022\/02\/billard-1024x765.jpg 1024w, https:\/\/www.domaine-fromengal.com\/wp-content\/uploads\/2022\/02\/billard-300x224.jpg 300w, https:\/\/www.domaine-fromengal.com\/wp-content\/uploads\/2022\/02\/billard-768x574.jpg 768w, https:\/\/www.domaine-fromengal.com\/wp-content\/uploads\/2022\/02\/billard-1536x1148.jpg 1536w, https:\/\/www.domaine-fromengal.com\/wp-content\/uploads\/2022\/02\/billard-scaled.jpg 2048w\" sizes=\"(max-width: 1024px) 100vw, 1024px\" \/><\/figure>\n\n\n\n<p>Billard und Tischfu\u00dfball<\/p>\n<\/div>\n\n\n\n<div class=\"wp-block-column col3\">\n<figure class=\"wp-block-image size-large\"><img width=\"1024\" height=\"307\" src=\"https:\/\/www.domaine-fromengal.com\/wp-content\/uploads\/2022\/01\/01-bar-Journ\u00aee-activit\u00aes-76-1024x307.jpg\" alt=\"\" class=\"wp-image-1362\" srcset=\"https:\/\/www.domaine-fromengal.com\/wp-content\/uploads\/2022\/01\/01-bar-Journ\u00aee-activit\u00aes-76-1024x307.jpg 1024w, https:\/\/www.domaine-fromengal.com\/wp-content\/uploads\/2022\/01\/01-bar-Journ\u00aee-activit\u00aes-76-300x90.jpg 300w, https:\/\/www.domaine-fromengal.com\/wp-content\/uploads\/2022\/01\/01-bar-Journ\u00aee-activit\u00aes-76-768x230.jpg 768w, https:\/\/www.domaine-fromengal.com\/wp-content\/uploads\/2022\/01\/01-bar-Journ\u00aee-activit\u00aes-76.jpg 1500w\" sizes=\"(max-width: 1024px) 100vw, 1024px\" \/><\/figure>\n\n\n\n<p>Bar, Eis und Cocktails<\/p>\n<\/div>\n<\/div>\n<\/div><\/div>\n\n\n\n<div style=\"height:62px\" aria-hidden=\"true\" class=\"wp-block-spacer\"><\/div>\n\n\n\n<div class=\"wp-container-69e202744dfb0 wp-block-group f-75-a\"><div class=\"wp-block-group__inner-container\">\n<div class=\"wp-container-69e202744dbc8 wp-block-group\"><div class=\"wp-block-group__inner-container\">\n<div class=\"wp-block-columns boxage f-70-a\">\n<div class=\"wp-block-column galerie\">\n<figure class=\"wp-block-gallery has-nested-images columns-2 is-cropped\">\n<figure class=\"wp-block-image size-full\"><img width=\"712\" height=\"942\" src=\"https:\/\/www.domaine-fromengal.com\/wp-content\/uploads\/2022\/03\/Camping-le-Fromagal-bar-Claire-Macnamara-13.jpg\" alt=\"\" class=\"wp-image-4919\" srcset=\"https:\/\/www.domaine-fromengal.com\/wp-content\/uploads\/2022\/03\/Camping-le-Fromagal-bar-Claire-Macnamara-13.jpg 712w, https:\/\/www.domaine-fromengal.com\/wp-content\/uploads\/2022\/03\/Camping-le-Fromagal-bar-Claire-Macnamara-13-227x300.jpg 227w\" sizes=\"(max-width: 712px) 100vw, 712px\" \/><\/figure>\n\n\n\n<figure class=\"wp-block-image size-large\"><img width=\"683\" height=\"1024\" src=\"https:\/\/www.domaine-fromengal.com\/wp-content\/uploads\/2022\/02\/Camping-le-Fromagal-bar-Claire-Macnamara-23-683x1024.jpg\" alt=\"Domaine De Fromengal : Camping Le Fromagal Bar Claire Macnamara 23\" class=\"wp-image-2876\" srcset=\"https:\/\/www.domaine-fromengal.com\/wp-content\/uploads\/2022\/02\/Camping-le-Fromagal-bar-Claire-Macnamara-23-683x1024.jpg 683w, https:\/\/www.domaine-fromengal.com\/wp-content\/uploads\/2022\/02\/Camping-le-Fromagal-bar-Claire-Macnamara-23-200x300.jpg 200w, https:\/\/www.domaine-fromengal.com\/wp-content\/uploads\/2022\/02\/Camping-le-Fromagal-bar-Claire-Macnamara-23-768x1152.jpg 768w, https:\/\/www.domaine-fromengal.com\/wp-content\/uploads\/2022\/02\/Camping-le-Fromagal-bar-Claire-Macnamara-23-1024x1536.jpg 1024w, https:\/\/www.domaine-fromengal.com\/wp-content\/uploads\/2022\/02\/Camping-le-Fromagal-bar-Claire-Macnamara-23-scaled.jpg 1365w\" sizes=\"(max-width: 683px) 100vw, 683px\" \/><\/figure>\n\n\n\n<figure class=\"wp-block-image size-large\"><img width=\"721\" height=\"1024\" src=\"https:\/\/www.domaine-fromengal.com\/wp-content\/uploads\/2022\/02\/IMG_6772-721x1024.jpg\" alt=\"\" class=\"wp-image-3655\" srcset=\"https:\/\/www.domaine-fromengal.com\/wp-content\/uploads\/2022\/02\/IMG_6772-721x1024.jpg 721w, https:\/\/www.domaine-fromengal.com\/wp-content\/uploads\/2022\/02\/IMG_6772-211x300.jpg 211w, https:\/\/www.domaine-fromengal.com\/wp-content\/uploads\/2022\/02\/IMG_6772-768x1091.jpg 768w, https:\/\/www.domaine-fromengal.com\/wp-content\/uploads\/2022\/02\/IMG_6772.jpg 860w\" sizes=\"(max-width: 721px) 100vw, 721px\" \/><\/figure>\n\n\n\n<figure class=\"wp-block-image size-full\"><img width=\"683\" height=\"1024\" src=\"https:\/\/www.domaine-fromengal.com\/wp-content\/uploads\/2022\/02\/Camping-le-Fromagal-terrasse-Claire-Macnamara-2.jpg\" alt=\"\" class=\"wp-image-2883\" srcset=\"https:\/\/www.domaine-fromengal.com\/wp-content\/uploads\/2022\/02\/Camping-le-Fromagal-terrasse-Claire-Macnamara-2.jpg 683w, https:\/\/www.domaine-fromengal.com\/wp-content\/uploads\/2022\/02\/Camping-le-Fromagal-terrasse-Claire-Macnamara-2-200x300.jpg 200w\" sizes=\"(max-width: 683px) 100vw, 683px\" \/><\/figure>\n<\/figure>\n\n\n\n<p class=\"has-text-align-right lien\"><i class=\"fal fa-camera\"><\/i> <a href=\"https:\/\/www.domaine-fromengal.com\/de\/mediengalerie\/\" data-type=\"page\" data-id=\"6122\">Fotogalerie<\/a><\/p>\n<\/div>\n\n\n\n<div class=\"wp-block-column redactionnel\">\n<h2 class=\"titre_c\" id=\"des-services-de-proximite\">Dienstleistungen <br><span>aus der N\u00e4he<\/span><\/h2>\n\n\n\n<p><strong>Ein Lebensmittelgesch\u00e4ft steht Ihnen<\/strong> zur Verf\u00fcgung, in dem Sie das N\u00f6tigste finden, um Ihren Aufenthalt zu beginnen oder sich zu behelfen.<\/p>\n\n\n\n<p><strong>T\u00e4glich Brot- und Geb\u00e4ckservice<\/strong> auf Bestellung. <strong>Verkauf von lokalen Produkten<\/strong> (Foie gras, Konserven, Marmeladen, Honig, Wein &#8230;). Briefkasten mit Postausgang, Verkauf von Briefmarken.<\/p>\n\n\n\n<p><strong>Tourismuspunkt<\/strong>mit zahlreichen Brosch\u00fcren und Faltbl\u00e4ttern.<br>Im Juli\/August: Pressepunkt mit der Zeitung Sud Ouest, Verkauf von Zeitschriften, Spiele und R\u00e4tsel. Auch: Truhe, Buchverleih.<\/p>\n\n\n\n<p><strong>Wifi ist auf allen<\/strong> Stellpl\u00e4tzen des Campingplatzes verf\u00fcgbar. Die Preise f\u00fcr die Pauschalangebote liegen an der Rezeption f\u00fcr Sie bereit. Ein Internetterminal ist an der Rezeption zug\u00e4nglich.<\/p>\n\n\n\n<p><strong>Ein Waschraum<\/strong> (Waschmaschinen, Trockner, B\u00fcgelbrett) steht zur Selbstbedienung zur Verf\u00fcgung. Waschmittelm\u00fcnzen und -dosen sind an der Rezeption erh\u00e4ltlich. Auf Anfrage k\u00f6nnen Sie ein B\u00fcgeleisen und einen Haartrockner ausleihen.<\/p>\n\n\n\n<p>Im Juli und August findet donnerstags am sp\u00e4ten Nachmittag unter den Nussb\u00e4umen des Campingplatzes <strong>ein Markt mit lokalen Erzeugern statt<\/strong>.<\/p>\n\n\n\n<p>Und nat\u00fcrlich genie\u00dfen Sie bei einem Aufenthalt bei uns einen <a href=\"https:\/\/www.domaine-fromengal.com\/de\/swimmingpool\/\" data-type=\"page\" data-id=\"279\">Campingplatz in der Dordogne mit Schwimmbad<\/a>und Rutschen!<\/p>\n\n\n\n<p><em>In Bezug auf die Gesundheit verf\u00fcgt der Campingplatz \u00fcber einen Rollstuhl und einen Defibrillator.<\/em><\/p>\n\n\n\n<div style=\"height:0px\" aria-hidden=\"true\" class=\"wp-block-spacer\"><\/div>\n\n\n\n<div class=\"wp-container-69e202744d3ba wp-block-buttons\">\n<div class=\"wp-block-button vert\"><a class=\"wp-block-button__link\" href=\"https:\/\/tourmkr.com\/F1cnchDTyK\/34650677p&amp;329.99h&amp;89.69t\" target=\"_blank\" rel=\"noreferrer noopener\">Virtuelle Tour ansehen<\/a><\/div>\n<\/div>\n\n\n\n<div style=\"height:30px\" aria-hidden=\"true\" class=\"wp-block-spacer\"><\/div>\n\n\n\n<h2 class=\"titre_a\" id=\"bar-et-salle-de-jeux\">Bar und <span>Spielzimmer<\/span><\/h2>\n\n\n\n<p><strong>An der Bar<\/strong>k\u00f6nnen Sie auch Eis und Cocktails auf unserer Panoramaterrasse genie\u00dfen. Und der kleine Kaffee in der Sonne auf der Terrasse &#8211; das ist Urlaub! <\/p>\n\n\n\n<p>Im Sommer: Zus\u00e4tzlich zu den <a href=\"https:\/\/www.domaine-fromengal.com\/de\/animationen\/\" data-type=\"page\" data-id=\"316\">zahlreichen Animationen<\/a> bietet Ihnen die Domaine de Fromengal auch einen amerikanischen Billardtisch und Tischfu\u00dfball, <strong>Abendunterhaltung<\/strong>bis 23 Uhr und anschlie\u00dfend Lounge-Atmosph\u00e4re bis Mitternacht.<\/p>\n\n\n\n<p><strong>Neu<\/strong>: die gro\u00dfe <strong><a href=\"https:\/\/www.domaine-fromengal.com\/de\/verpflegung\/\" data-type=\"page\" data-id=\"301\">Panorama-Terrasse der Bar<\/a><\/strong>, Entspannung am Tag oder Cocktails am Abend, ein guter Moment zum Leben!<\/p>\n\n\n\n<div style=\"height:0px\" aria-hidden=\"true\" class=\"wp-block-spacer\"><\/div>\n\n\n\n<div class=\"wp-container-69e202744d823 wp-block-buttons\">\n<div class=\"wp-block-button vert\"><a class=\"wp-block-button__link\" href=\"https:\/\/tourmkr.com\/F1cnchDTyK\/34650711p&amp;98.87h&amp;88.56t\" target=\"_blank\" rel=\"noreferrer noopener\">Virtuelle Tour ansehen<\/a><\/div>\n\n\n\n<div class=\"wp-block-button vertclair\"><a class=\"wp-block-button__link\" href=\"https:\/\/www.domaine-fromengal.com\/de\/verpflegung\/\">Entdecken Sie unser Restaurant<\/a><\/div>\n<\/div>\n<\/div>\n<\/div>\n<\/div><\/div>\n\n\n\n<div style=\"height:49px\" aria-hidden=\"true\" class=\"wp-block-spacer\"><\/div>\n\n\n\n<div class=\"wp-block-cover is-light fond boxage\" style=\"padding-top:250px;padding-right:250px;padding-bottom:250px;padding-left:250px\"><span aria-hidden=\"true\" class=\"has-background-dim-90 wp-block-cover__gradient-background has-background-dim\" style=\"background-color:#d3ebd4\"><\/span><img width=\"1500\" height=\"750\" class=\"wp-block-cover__image-background wp-image-325\" alt=\"\" src=\"https:\/\/www.domaine-fromengal.com\/wp-content\/uploads\/2021\/12\/accueil-04.jpg\" style=\"object-position:49% 100%\" data-object-fit=\"cover\" data-object-position=\"49% 100%\" srcset=\"https:\/\/www.domaine-fromengal.com\/wp-content\/uploads\/2021\/12\/accueil-04.jpg 1500w, https:\/\/www.domaine-fromengal.com\/wp-content\/uploads\/2021\/12\/accueil-04-300x150.jpg 300w, https:\/\/www.domaine-fromengal.com\/wp-content\/uploads\/2021\/12\/accueil-04-1024x512.jpg 1024w, https:\/\/www.domaine-fromengal.com\/wp-content\/uploads\/2021\/12\/accueil-04-768x384.jpg 768w\" sizes=\"(max-width: 1500px) 100vw, 1500px\" \/><div class=\"wp-block-cover__inner-container\">\n<p class=\"has-text-align-center has-large-font-size\"><\/p>\n<\/div><\/div>\n<\/div><\/div>\n\n\n\n<div class=\"wp-container-69e202744edee wp-block-group f-90-a\"><div class=\"wp-block-group__inner-container\">\n<div class=\"wp-block-columns boxage\">\n<div class=\"wp-block-column\">\n<div class=\"wp-block-columns points-forts\">\n<div class=\"wp-block-column col1\">\n<figure class=\"wp-block-image size-full\"><img width=\"612\" height=\"408\" src=\"https:\/\/www.domaine-fromengal.com\/wp-content\/uploads\/2022\/03\/istockphoto-1272194860-612x612-1.jpg\" alt=\"Domaine De Fromengal : Istockphoto 1272194860 612x612\" class=\"wp-image-4142\" srcset=\"https:\/\/www.domaine-fromengal.com\/wp-content\/uploads\/2022\/03\/istockphoto-1272194860-612x612-1.jpg 612w, https:\/\/www.domaine-fromengal.com\/wp-content\/uploads\/2022\/03\/istockphoto-1272194860-612x612-1-300x200.jpg 300w\" sizes=\"(max-width: 612px) 100vw, 612px\" \/><\/figure>\n\n\n\n<p><\/p>\n<\/div>\n\n\n\n<div class=\"wp-block-column col2\">\n<figure class=\"wp-block-image size-full\"><img width=\"612\" height=\"408\" src=\"https:\/\/www.domaine-fromengal.com\/wp-content\/uploads\/2022\/03\/istockphoto-939705570-612x612-1.jpg\" alt=\"Domaine De Fromengal : Istockphoto 939705570 612x612\" class=\"wp-image-4139\" srcset=\"https:\/\/www.domaine-fromengal.com\/wp-content\/uploads\/2022\/03\/istockphoto-939705570-612x612-1.jpg 612w, https:\/\/www.domaine-fromengal.com\/wp-content\/uploads\/2022\/03\/istockphoto-939705570-612x612-1-300x200.jpg 300w\" sizes=\"(max-width: 612px) 100vw, 612px\" \/><\/figure>\n\n\n\n<p><\/p>\n<\/div>\n\n\n\n<div class=\"wp-block-column col3\">\n<figure class=\"wp-block-image size-full\"><img width=\"612\" height=\"408\" src=\"https:\/\/www.domaine-fromengal.com\/wp-content\/uploads\/2022\/03\/istockphoto-1124750179-612x612-1.jpg\" alt=\"Domaine De Fromengal : Istockphoto 1124750179 612x612\" class=\"wp-image-4136\" srcset=\"https:\/\/www.domaine-fromengal.com\/wp-content\/uploads\/2022\/03\/istockphoto-1124750179-612x612-1.jpg 612w, https:\/\/www.domaine-fromengal.com\/wp-content\/uploads\/2022\/03\/istockphoto-1124750179-612x612-1-300x200.jpg 300w\" sizes=\"(max-width: 612px) 100vw, 612px\" \/><\/figure>\n\n\n\n<p><\/p>\n<\/div>\n<\/div>\n<\/div>\n\n\n\n<div class=\"wp-block-column redactionnel\">\n<h2 id=\"de-l-animation-pour-tous-en-ete\"><span>Unser <span>Vermietungsservice<\/span><\/span><\/h2>\n\n\n\n<p>Pour toute location de mat\u00e9riel, une caution vous sera demand\u00e9e, elle vous sera restitu\u00e9e apr\u00e8s \u00e9tat des lieux le jour de votre d\u00e9part. F\u00fcr jedes gemietete Material wird eine Kaution verlangt, die Sie nach einer Bestandsaufnahme am Tag Ihrer Abreise zur\u00fcckerhalten. <\/p>\n\n\n\n<p>Auf unserem 5-Sterne-Campingplatz in der Dordogne k\u00f6nnen Sie (je nach Verf\u00fcgbarkeit) :<\/p>\n\n\n\n<ul><li>Fernseher<\/li><li>Transat<\/li><li>Holzkohlegrill Weber<\/li><li>K\u00fchlschrank, Campingst\u00fchle und -tische<\/li><li>Babybett, Hochstuhl<\/li><li>Mountainbikes f\u00fcr Erwachsene und Kinderfahrr\u00e4der (Helm wird gestellt)<\/li><li>Bettw\u00e4sche und Handtuch-Sets (Baumwolle)<\/li><\/ul>\n<\/div>\n<\/div>\n\n\n\n<div style=\"height:35px\" aria-hidden=\"true\" class=\"wp-block-spacer\"><\/div>\n\n\n\n<div class=\"wp-block-columns boxage\">\n<div class=\"wp-block-column is-vertically-aligned-center\">\n<div class=\"wp-container-69e202744e9e2 wp-block-group boxage\"><div class=\"wp-block-group__inner-container\">\n<h2 class=\"has-text-align-center\" id=\"commerces-et-services-a-proximite-de-notre-camping-en-dordogne\">Gesch\u00e4fte und Dienstleistungen <br><span>in der N\u00e4he unseres Campingplatzes<\/span><br><span>in der Dordogne<\/span><\/h2>\n\n\n\n<p>Das <strong>Dorf Le Buisson de Cadouin<\/strong> ist 5 km vom Campingplatz entfernt. Dort stehen Ihnen zahlreiche Dienstleistungen zur Verf\u00fcgung: \u00c4rztehaus, Krankenpflegezentrum, Zahnarzt, Physiotherapeut, Tierarzt, Apotheke, Optiker, Friseur, Kosmetikerin, Geldautomat.<\/p>\n\n\n\n<p>Ebenfalls Gesch\u00e4fte, Gasth\u00e4user, Kino, Post, Taxi, SNCF-Bahnhof (M\u00f6glichkeit, Sie am Bahnhof abzuholen).<\/p>\n\n\n\n<p>Traditioneller Wochenmarkt jeden Freitagmorgen.<br>Superm\u00e4rkte in ca. 10 km Entfernung (Carrefour Market in Siorac-en-P\u00e9rigord oder Intermarch\u00e9 in Lalinde oder Le Bugue). Drive-In-M\u00f6glichkeiten f\u00fcr Intermarch\u00e9.<\/p>\n\n\n\n<div class=\"wp-container-69e202744e66e wp-block-buttons\">\n<div class=\"wp-block-button vertclair\"><a class=\"wp-block-button__link\" href=\"https:\/\/www.domaine-fromengal.com\/de\/umgebung\/\">Entdecken Sie die Region<\/a><\/div>\n<\/div>\n<\/div><\/div>\n\n\n\n<p><\/p>\n\n\n\n<p><\/p>\n<\/div>\n\n\n\n<div class=\"wp-block-column redactionnel\">\n<figure class=\"wp-block-image size-full\"><img width=\"754\" height=\"500\" src=\"https:\/\/www.domaine-fromengal.com\/wp-content\/uploads\/2022\/02\/cadouin-boucle.jpg\" alt=\"Domaine De Fromengal : Cadouin Boucle\" class=\"wp-image-3432\" srcset=\"https:\/\/www.domaine-fromengal.com\/wp-content\/uploads\/2022\/02\/cadouin-boucle.jpg 754w, https:\/\/www.domaine-fromengal.com\/wp-content\/uploads\/2022\/02\/cadouin-boucle-300x199.jpg 300w\" sizes=\"(max-width: 754px) 100vw, 754px\" \/><\/figure>\n<\/div>\n<\/div>\n<\/div><\/div>\n\n\n\n<div style=\"height:100px\" aria-hidden=\"true\" class=\"wp-block-spacer\"><\/div>\n\n\n\n<div class=\"wp-block-cover alignfull is-light banniere\"><span aria-hidden=\"true\" class=\"has-background-dim-0 wp-block-cover__gradient-background has-background-dim\"><\/span><img width=\"1500\" height=\"450\" class=\"wp-block-cover__image-background wp-image-1231\" alt=\"\" src=\"https:\/\/www.domaine-fromengal.com\/wp-content\/uploads\/2022\/01\/07-restaurant-04072016-_MG_0193.jpg\" style=\"object-position:25% 45%\" data-object-fit=\"cover\" data-object-position=\"25% 45%\" srcset=\"https:\/\/www.domaine-fromengal.com\/wp-content\/uploads\/2022\/01\/07-restaurant-04072016-_MG_0193.jpg 1500w, https:\/\/www.domaine-fromengal.com\/wp-content\/uploads\/2022\/01\/07-restaurant-04072016-_MG_0193-300x90.jpg 300w, https:\/\/www.domaine-fromengal.com\/wp-content\/uploads\/2022\/01\/07-restaurant-04072016-_MG_0193-1024x307.jpg 1024w, https:\/\/www.domaine-fromengal.com\/wp-content\/uploads\/2022\/01\/07-restaurant-04072016-_MG_0193-768x230.jpg 768w\" sizes=\"(max-width: 1500px) 100vw, 1500px\" \/><div class=\"wp-block-cover__inner-container\">\n<p class=\"has-text-align-center has-large-font-size\"><\/p>\n<\/div><\/div>\n","protected":false},"excerpt":{"rendered":"<p>Ein Campingplatz in der Dordogne zu den 5-Sterne-Dienstleistungen Barund Panorama-Terrasse Lebensmittelgesch\u00e4ft und B\u00e4ckerei Vermietung von Material Kleiner Lebensmittelladen und lokale Produkte Billard und Tischfu\u00dfball Bar, Eis und Cocktails Fotogalerie Dienstleistungen aus der N\u00e4he Ein Lebensmittelgesch\u00e4ft steht Ihnen zur Verf\u00fcgung, in dem Sie das N\u00f6tigste finden, um Ihren Aufenthalt zu beginnen oder sich zu behelfen. T\u00e4glich [&hellip;]<\/p>\n","protected":false},"author":1,"featured_media":0,"parent":0,"menu_order":0,"comment_status":"closed","ping_status":"closed","template":"","meta":[],"acf":[],"_links":{"self":[{"href":"https:\/\/www.domaine-fromengal.com\/de\/wp-json\/wp\/v2\/pages\/6140"}],"collection":[{"href":"https:\/\/www.domaine-fromengal.com\/de\/wp-json\/wp\/v2\/pages"}],"about":[{"href":"https:\/\/www.domaine-fromengal.com\/de\/wp-json\/wp\/v2\/types\/page"}],"author":[{"embeddable":true,"href":"https:\/\/www.domaine-fromengal.com\/de\/wp-json\/wp\/v2\/users\/1"}],"replies":[{"embeddable":true,"href":"https:\/\/www.domaine-fromengal.com\/de\/wp-json\/wp\/v2\/comments?post=6140"}],"version-history":[{"count":3,"href":"https:\/\/www.domaine-fromengal.com\/de\/wp-json\/wp\/v2\/pages\/6140\/revisions"}],"predecessor-version":[{"id":6737,"href":"https:\/\/www.domaine-fromengal.com\/de\/wp-json\/wp\/v2\/pages\/6140\/revisions\/6737"}],"wp:attachment":[{"href":"https:\/\/www.domaine-fromengal.com\/de\/wp-json\/wp\/v2\/media?parent=6140"}],"curies":[{"name":"wp","href":"https:\/\/api.w.org\/{rel}","templated":true}]}}