{"id":6142,"date":"2022-05-19T16:22:59","date_gmt":"2022-05-19T14:22:59","guid":{"rendered":"https:\/\/www.domaine-fromengal.com\/ausgestattete-zelte\/"},"modified":"2022-05-20T10:32:37","modified_gmt":"2022-05-20T08:32:37","slug":"ausgestattete-zelte","status":"publish","type":"page","link":"https:\/\/www.domaine-fromengal.com\/de\/ausgestattete-zelte\/","title":{"rendered":"Ausgestattete Zelte"},"content":{"rendered":"\n<div class=\"wp-block-cover f-100-b\" style=\"padding-top:0px;padding-right:0px;padding-bottom:0px;padding-left:0px\"><span aria-hidden=\"true\" class=\"has-background-dim-0 wp-block-cover__gradient-background has-background-dim\"><\/span><img width=\"1094\" height=\"730\" class=\"wp-block-cover__image-background wp-image-4813\" alt=\"\" src=\"https:\/\/www.domaine-fromengal.com\/wp-content\/uploads\/2022\/03\/Fromengale-2019-HD-149.jpg\" style=\"object-position:67% 91%\" data-object-fit=\"cover\" data-object-position=\"67% 91%\" srcset=\"https:\/\/www.domaine-fromengal.com\/wp-content\/uploads\/2022\/03\/Fromengale-2019-HD-149.jpg 1094w, https:\/\/www.domaine-fromengal.com\/wp-content\/uploads\/2022\/03\/Fromengale-2019-HD-149-300x200.jpg 300w, https:\/\/www.domaine-fromengal.com\/wp-content\/uploads\/2022\/03\/Fromengale-2019-HD-149-1024x683.jpg 1024w, https:\/\/www.domaine-fromengal.com\/wp-content\/uploads\/2022\/03\/Fromengale-2019-HD-149-768x512.jpg 768w\" sizes=\"(max-width: 1094px) 100vw, 1094px\" \/><div class=\"wp-block-cover__inner-container\">\n<p class=\"has-text-align-center has-large-font-size\"><\/p>\n<\/div><\/div>\n\n\n\n<div style=\"height:51px\" aria-hidden=\"true\" class=\"wp-block-spacer\"><\/div>\n\n\n\n<div class=\"wp-block-columns boxage introduction\">\n<div class=\"wp-block-column is-vertically-aligned-center\" style=\"flex-basis:40%\">\n<h1 class=\"titre_a\">Miete eines <span>ausgestatteten Zeltes<\/span><br>in der Dordogne<\/h1>\n<\/div>\n\n\n\n<div class=\"wp-block-column is-vertically-aligned-center\" style=\"flex-basis:60%\">\n<div class=\"wp-block-columns points-forts\">\n<div class=\"wp-block-column\">\n<div class=\"wp-block-columns\">\n<div class=\"wp-block-column is-vertically-aligned-center\" style=\"flex-basis:20%\">\n<p class=\"picto rouge\"> <i class=\"fas fa-trees\"><\/i> <\/p>\n<\/div>\n\n\n\n<div class=\"wp-block-column\" style=\"flex-basis:80%\">\n<p class=\"legende\"><strong>Stellpl\u00e4tze mit <strong>B\u00e4umen<\/strong><\/strong>und <strong>Schatten<\/strong><\/p>\n<\/div>\n<\/div>\n<\/div>\n\n\n\n<div class=\"wp-block-column\">\n<div class=\"wp-block-columns\">\n<div class=\"wp-block-column is-vertically-aligned-center\" style=\"flex-basis:20%\">\n<p class=\"picto bleu\"> <i class=\"fas fa-campground\"><\/i> <\/p>\n<\/div>\n\n\n\n<div class=\"wp-block-column\" style=\"flex-basis:80%\">\n<p class=\"legende\"><strong>Ein fertiges Zelt<\/strong><br><strong>zu zelten<\/strong><\/p>\n<\/div>\n<\/div>\n<\/div>\n\n\n\n<div class=\"wp-block-column\">\n<div class=\"wp-block-columns\">\n<div class=\"wp-block-column is-vertically-aligned-center\" style=\"flex-basis:20%\">\n<p class=\"picto vert\"> <i class=\"fas fa-bed-alt\"><\/i> <\/p>\n<\/div>\n\n\n\n<div class=\"wp-block-column\" style=\"flex-basis:80%\">\n<p class=\"legende\"><strong><strong>Campinggeist mit Komfort<\/strong><\/strong><\/p>\n<\/div>\n<\/div>\n<\/div>\n<\/div>\n<\/div>\n<\/div>\n\n\n\n<div class=\"wp-container-69e1412b64c28 wp-block-group boxage_medium\"><div class=\"wp-block-group__inner-container\">\n<div class=\"wp-block-columns\">\n<div class=\"wp-block-column\">\n<p>Wenn Sie in einem <strong>ausgestatteten<\/strong>Zelt in der Dordogne \u00fcbernachten, genie\u00dfen Sie endlich das einfache Vergn\u00fcgen eines naturnahen, ungest\u00f6rten Urlaubs. Ein ausgestattetes Zelt (oder ein <strong>Zeltbungalow<\/strong>, je nach Bezeichnung) ist ein bisschen wie Camping ohne die Nachteile eines Zeltes, das man aufstellen muss! <\/p>\n<\/div>\n\n\n\n<div class=\"wp-block-column\">\n<p>Der Zeltbungalow bietet Ihnen das Beste aus zwei Welten: Sie kommen dem n\u00e4her, was die Authentizit\u00e4t <strong>eines traditionellen Campingplatzes<\/strong>ausmacht, und genie\u00dfen gleichzeitig <strong>zus\u00e4tzlichen Komfort<\/strong>. <\/p>\n<\/div>\n<\/div>\n<\/div><\/div>\n\n\n\n<div class=\"wp-container-69e1412b660fa wp-block-group f-75-a\"><div class=\"wp-block-group__inner-container\">\n<div class=\"wp-container-69e1412b6519e wp-block-group f-70-a\"><div class=\"wp-block-group__inner-container\">\n<div class=\"wp-block-columns boxage\">\n<div class=\"wp-block-column galerie\">\n<figure class=\"wp-block-gallery has-nested-images columns-2 is-cropped\">\n<figure class=\"wp-block-image size-large\"><img width=\"1024\" height=\"683\" src=\"https:\/\/www.domaine-fromengal.com\/wp-content\/uploads\/2022\/03\/Fromengale-2019-HD-265-1024x683.jpg\" alt=\"\" class=\"wp-image-4823\" srcset=\"https:\/\/www.domaine-fromengal.com\/wp-content\/uploads\/2022\/03\/Fromengale-2019-HD-265-1024x683.jpg 1024w, https:\/\/www.domaine-fromengal.com\/wp-content\/uploads\/2022\/03\/Fromengale-2019-HD-265-300x200.jpg 300w, https:\/\/www.domaine-fromengal.com\/wp-content\/uploads\/2022\/03\/Fromengale-2019-HD-265-768x512.jpg 768w, https:\/\/www.domaine-fromengal.com\/wp-content\/uploads\/2022\/03\/Fromengale-2019-HD-265.jpg 1094w\" sizes=\"(max-width: 1024px) 100vw, 1024px\" \/><\/figure>\n\n\n\n<figure class=\"wp-block-image size-large\"><img width=\"1024\" height=\"635\" src=\"https:\/\/www.domaine-fromengal.com\/wp-content\/uploads\/2022\/03\/Fromengale-2019-HD-151-1024x635.jpg\" alt=\"\" class=\"wp-image-4832\" srcset=\"https:\/\/www.domaine-fromengal.com\/wp-content\/uploads\/2022\/03\/Fromengale-2019-HD-151-1024x635.jpg 1024w, https:\/\/www.domaine-fromengal.com\/wp-content\/uploads\/2022\/03\/Fromengale-2019-HD-151-300x186.jpg 300w, https:\/\/www.domaine-fromengal.com\/wp-content\/uploads\/2022\/03\/Fromengale-2019-HD-151-768x476.jpg 768w, https:\/\/www.domaine-fromengal.com\/wp-content\/uploads\/2022\/03\/Fromengale-2019-HD-151.jpg 1029w\" sizes=\"(max-width: 1024px) 100vw, 1024px\" \/><\/figure>\n\n\n\n<figure class=\"wp-block-image size-large\"><img width=\"640\" height=\"427\" src=\"https:\/\/www.domaine-fromengal.com\/wp-content\/uploads\/2022\/02\/terrasse-Cyrus-et-arbre-Fromengale-2019-HD-262.jpg\" alt=\"Domaine De Fromengal : Terrasse Cyrus Et Arbre Fromengale 2019 Hd 262\" class=\"wp-image-2661\" srcset=\"https:\/\/www.domaine-fromengal.com\/wp-content\/uploads\/2022\/02\/terrasse-Cyrus-et-arbre-Fromengale-2019-HD-262.jpg 640w, https:\/\/www.domaine-fromengal.com\/wp-content\/uploads\/2022\/02\/terrasse-Cyrus-et-arbre-Fromengale-2019-HD-262-300x200.jpg 300w\" sizes=\"(max-width: 640px) 100vw, 640px\" \/><\/figure>\n\n\n\n<figure class=\"wp-block-image size-large\"><img width=\"640\" height=\"427\" src=\"https:\/\/www.domaine-fromengal.com\/wp-content\/uploads\/2022\/02\/Exterieur-01-Cyrus-Fromengale-2019-HD-141.jpg\" alt=\"Domaine De Fromengal : Ext\u00e9rieur 01 Cyrus Fromengale 2019 Hd 141\" class=\"wp-image-2379\" srcset=\"https:\/\/www.domaine-fromengal.com\/wp-content\/uploads\/2022\/02\/Exterieur-01-Cyrus-Fromengale-2019-HD-141.jpg 640w, https:\/\/www.domaine-fromengal.com\/wp-content\/uploads\/2022\/02\/Exterieur-01-Cyrus-Fromengale-2019-HD-141-300x200.jpg 300w\" sizes=\"(max-width: 640px) 100vw, 640px\" \/><\/figure>\n<\/figure>\n\n\n\n<p class=\"lien\"><i class=\"fal fa-camera\"><\/i> <a href=\"https:\/\/www.domaine-fromengal.com\/de\/mediengalerie\/\" data-type=\"page\" data-id=\"6122\">Fotogalerie<\/a><\/p>\n<\/div>\n\n\n\n<div class=\"wp-block-column redactionnel\">\n<h2 class=\"titre_b\">Das ausgestattete Zelt: die ideale <span>Unterkunft f\u00fcr einen preiswerten Urlaub in der Dordogne<\/span><\/h2>\n\n\n\n<p>F\u00fcr einen authentischen Aufenthalt im Outdoor-Modus gibt es nichts Besseres, als ein ausgestattetes Zelt auszuprobieren!<br>Die Domaine de Fromengal verf\u00fcgt \u00fcber ein<strong>ausgestattetes Zelt von 20 m\u00b2<\/strong> (ohne Sanit\u00e4ranlagen) mit <strong>2 Zimmern<\/strong>. Diese bietet Platz f\u00fcr bis zu f\u00fcnf <strong>Personen<\/strong>. Dort finden Sie im Inneren : <\/p>\n\n\n\n<ul><li>1 Schlafzimmer Doppelbett<\/li><li>1 Schlafzimmer mit 3 Einzelbetten, davon ein Etagenbett<\/li><li>Decken und Kopfkissen werden bereitgestellt<\/li><li>Ausgestattete K\u00fcchenzeile mit K\u00fchlschrank und Kochplatte<\/li><li>Terrasse und Gartenm\u00f6bel<\/li><\/ul>\n\n\n\n<p>Es gibt keine bessere Unterkunft als ein ausgestattetes Zelt, wenn man nicht \u00fcber die richtige Ausr\u00fcstung verf\u00fcgt, aber trotzdem die Freuden des Campings genie\u00dfen m\u00f6chte! In einer <strong>erholsamen Umgebung<\/strong> im Herzen des P\u00e9rigord, in der Dordogne, bietet Ihnen unser Campingplatz eine ganz neue Erfahrung f\u00fcr einen <strong>unvergesslichen<\/strong>Aufenthalt in der Dordogne. Ein <strong>gro\u00dfer<\/strong><strong>Au\u00dfenpool<\/strong>und mehrere<strong>Rutschenwarten<\/strong>auf Sie. <\/p>\n<\/div>\n<\/div>\n<\/div><\/div>\n\n\n\n<p><\/p>\n\n\n\n<div style=\"height:130px\" aria-hidden=\"true\" class=\"wp-block-spacer\"><\/div>\n\n\n\n<div class=\"wp-block-cover is-light fond boxage\" style=\"padding-top:250px;padding-right:250px;padding-bottom:250px;padding-left:250px\"><span aria-hidden=\"true\" class=\"has-background-dim-90 wp-block-cover__gradient-background has-background-dim\" style=\"background-color:#d3ebd4\"><\/span><img width=\"1500\" height=\"750\" class=\"wp-block-cover__image-background wp-image-325\" alt=\"\" src=\"https:\/\/www.domaine-fromengal.com\/wp-content\/uploads\/2021\/12\/accueil-04.jpg\" style=\"object-position:49% 100%\" data-object-fit=\"cover\" data-object-position=\"49% 100%\" srcset=\"https:\/\/www.domaine-fromengal.com\/wp-content\/uploads\/2021\/12\/accueil-04.jpg 1500w, https:\/\/www.domaine-fromengal.com\/wp-content\/uploads\/2021\/12\/accueil-04-300x150.jpg 300w, https:\/\/www.domaine-fromengal.com\/wp-content\/uploads\/2021\/12\/accueil-04-1024x512.jpg 1024w, https:\/\/www.domaine-fromengal.com\/wp-content\/uploads\/2021\/12\/accueil-04-768x384.jpg 768w\" sizes=\"(max-width: 1500px) 100vw, 1500px\" \/><div class=\"wp-block-cover__inner-container\">\n<p class=\"has-text-align-center has-large-font-size\"><\/p>\n<\/div><\/div>\n\n\n\n<div class=\"wp-container-69e1412b65d8b wp-block-group has-bg-principale-background-color has-background\"><div class=\"wp-block-group__inner-container\">\n<div class=\"wp-container-69e1412b65a36 wp-block-group boxage listing-locatifs\"><div class=\"wp-block-group__inner-container\">\n<div style=\"height:40px\" aria-hidden=\"true\" class=\"wp-block-spacer\"><\/div>\n\n\n\n<h2 class=\"has-text-align-center\">Entdecken Sie unser ausgestattetes Zelt<br><span>und buchen Sie Ihren Aufenthalt<\/span><\/h2>\n\n\n\n<div class=\"wp-block-columns\">\n<div class=\"wp-block-column empty\"><\/div>\n\n\n\n<div class=\"wp-block-column\">\n<ctv-product data-product-id=\"24509\"><\/ctv-product>\n\n\n\n<div class=\"wp-container-69e1412b65647 wp-block-buttons\">\n<div class=\"wp-block-button blanc\"><a class=\"wp-block-button__link\" href=\"https:\/\/www.domaine-fromengal.com\/wp-content\/uploads\/2022\/03\/inventaire-tente-Cyrus.pdf\">Inventar<\/a><\/div>\n<\/div>\n<\/div>\n\n\n\n<div class=\"wp-block-column empty\"><\/div>\n<\/div>\n\n\n\n<div style=\"height:60px\" aria-hidden=\"true\" class=\"wp-block-spacer\"><\/div>\n<\/div><\/div>\n<\/div><\/div>\n<\/div><\/div>\n","protected":false},"excerpt":{"rendered":"<p>Miete eines ausgestatteten Zeltesin der Dordogne Stellpl\u00e4tze mit B\u00e4umenund Schatten Ein fertiges Zeltzu zelten Campinggeist mit Komfort Wenn Sie in einem ausgestattetenZelt in der Dordogne \u00fcbernachten, genie\u00dfen Sie endlich das einfache Vergn\u00fcgen eines naturnahen, ungest\u00f6rten Urlaubs. Ein ausgestattetes Zelt (oder ein Zeltbungalow, je nach Bezeichnung) ist ein bisschen wie Camping ohne die Nachteile eines Zeltes, [&hellip;]<\/p>\n","protected":false},"author":1,"featured_media":0,"parent":0,"menu_order":0,"comment_status":"closed","ping_status":"closed","template":"","meta":[],"acf":[],"_links":{"self":[{"href":"https:\/\/www.domaine-fromengal.com\/de\/wp-json\/wp\/v2\/pages\/6142"}],"collection":[{"href":"https:\/\/www.domaine-fromengal.com\/de\/wp-json\/wp\/v2\/pages"}],"about":[{"href":"https:\/\/www.domaine-fromengal.com\/de\/wp-json\/wp\/v2\/types\/page"}],"author":[{"embeddable":true,"href":"https:\/\/www.domaine-fromengal.com\/de\/wp-json\/wp\/v2\/users\/1"}],"replies":[{"embeddable":true,"href":"https:\/\/www.domaine-fromengal.com\/de\/wp-json\/wp\/v2\/comments?post=6142"}],"version-history":[{"count":2,"href":"https:\/\/www.domaine-fromengal.com\/de\/wp-json\/wp\/v2\/pages\/6142\/revisions"}],"predecessor-version":[{"id":6225,"href":"https:\/\/www.domaine-fromengal.com\/de\/wp-json\/wp\/v2\/pages\/6142\/revisions\/6225"}],"wp:attachment":[{"href":"https:\/\/www.domaine-fromengal.com\/de\/wp-json\/wp\/v2\/media?parent=6142"}],"curies":[{"name":"wp","href":"https:\/\/api.w.org\/{rel}","templated":true}]}}