{"id":4855,"date":"2022-03-22T17:26:29","date_gmt":"2022-03-22T16:26:29","guid":{"rendered":"https:\/\/www.domaine-fromengal.com\/services\/"},"modified":"2023-10-12T10:48:53","modified_gmt":"2023-10-12T08:48:53","slug":"services","status":"publish","type":"page","link":"https:\/\/www.domaine-fromengal.com\/en\/services\/","title":{"rendered":"Services"},"content":{"rendered":"\n<div class=\"wp-block-cover f-100-b\" style=\"padding-top:0px;padding-right:0px;padding-bottom:0px;padding-left:0px\"><span aria-hidden=\"true\" class=\"has-background-dim-0 wp-block-cover__gradient-background has-background-dim\"><\/span><img width=\"1962\" height=\"1129\" class=\"wp-block-cover__image-background wp-image-2976\" alt=\"\" src=\"https:\/\/www.domaine-fromengal.com\/wp-content\/uploads\/2022\/02\/Camping-le-Fromagal-terrasse-Claire-Macnamara-3.jpg\" style=\"object-position:42% 76%\" data-object-fit=\"cover\" data-object-position=\"42% 76%\" srcset=\"https:\/\/www.domaine-fromengal.com\/wp-content\/uploads\/2022\/02\/Camping-le-Fromagal-terrasse-Claire-Macnamara-3.jpg 1962w, https:\/\/www.domaine-fromengal.com\/wp-content\/uploads\/2022\/02\/Camping-le-Fromagal-terrasse-Claire-Macnamara-3-300x173.jpg 300w, https:\/\/www.domaine-fromengal.com\/wp-content\/uploads\/2022\/02\/Camping-le-Fromagal-terrasse-Claire-Macnamara-3-1024x589.jpg 1024w, https:\/\/www.domaine-fromengal.com\/wp-content\/uploads\/2022\/02\/Camping-le-Fromagal-terrasse-Claire-Macnamara-3-768x442.jpg 768w, https:\/\/www.domaine-fromengal.com\/wp-content\/uploads\/2022\/02\/Camping-le-Fromagal-terrasse-Claire-Macnamara-3-1536x884.jpg 1536w\" sizes=\"(max-width: 1962px) 100vw, 1962px\" \/><div class=\"wp-block-cover__inner-container\">\n<p class=\"has-text-align-center has-large-font-size\"><\/p>\n<\/div><\/div>\n\n\n\n<div style=\"height:70px\" aria-hidden=\"true\" class=\"wp-block-spacer\"><\/div>\n\n\n\n<div class=\"wp-container-69ff43eb09564 wp-block-group boxage introduction\"><div class=\"wp-block-group__inner-container\">\n<div class=\"wp-block-columns boxage\">\n<div class=\"wp-block-column redactionnel\" style=\"flex-basis:40%\">\n<h1 class=\"titre_b\" id=\"un-camping-en-dordogne-aux-services-4-etoiles\">A campsite in the Dordogne <br><span>to 5-star services<\/span><\/h1>\n<\/div>\n\n\n\n<div class=\"wp-block-column\" style=\"flex-basis:60%\">\n<div class=\"wp-block-columns points-forts\">\n<div class=\"wp-block-column is-vertically-aligned-center\">\n<div class=\"wp-block-columns\">\n<div class=\"wp-block-column is-vertically-aligned-center\" style=\"flex-basis:20%\">\n<p class=\"picto rouge\"><i class=\"fas fa-cocktail\"><\/i><\/p>\n<\/div>\n\n\n\n<div class=\"wp-block-column\" style=\"flex-basis:80%\">\n<p class=\"legende\"><strong>Bar and<\/strong> <strong>panoramic terrace<\/strong><\/p>\n<\/div>\n<\/div>\n<\/div>\n\n\n\n<div class=\"wp-block-column is-vertically-aligned-center\">\n<div class=\"wp-block-columns\">\n<div class=\"wp-block-column is-vertically-aligned-center\" style=\"flex-basis:20%\">\n<p class=\"picto bleu\"><i class=\"fas fa-shopping-cart\"><\/i><\/p>\n<\/div>\n\n\n\n<div class=\"wp-block-column\" style=\"flex-basis:80%\">\n<p class=\"legende\"><strong>Grocery and bakery<\/strong><\/p>\n<\/div>\n<\/div>\n<\/div>\n\n\n\n<div class=\"wp-block-column is-vertically-aligned-center\">\n<div class=\"wp-block-columns\">\n<div class=\"wp-block-column is-vertically-aligned-center\" style=\"flex-basis:20%\">\n<p class=\"picto vert\"><i class=\"fas fa-key\"><\/i><\/p>\n<\/div>\n\n\n\n<div class=\"wp-block-column\" style=\"flex-basis:80%\">\n<p class=\"legende\"><strong>Rental <\/strong><br><strong>of material<\/strong><\/p>\n<\/div>\n<\/div>\n<\/div>\n<\/div>\n<\/div>\n<\/div>\n<\/div><\/div>\n\n\n\n<div class=\"wp-container-69ff43eb09a80 wp-block-group f-90-a\"><div class=\"wp-block-group__inner-container\">\n<div class=\"wp-block-columns points-forts boxage\">\n<div class=\"wp-block-column col1\">\n<figure class=\"wp-block-image size-full\"><img width=\"960\" height=\"640\" src=\"https:\/\/www.domaine-fromengal.com\/wp-content\/uploads\/2022\/01\/confitures-du-Pe\u0301rigord.jpg\" alt=\"\" class=\"wp-image-1365\" srcset=\"https:\/\/www.domaine-fromengal.com\/wp-content\/uploads\/2022\/01\/confitures-du-Pe\u0301rigord.jpg 960w, https:\/\/www.domaine-fromengal.com\/wp-content\/uploads\/2022\/01\/confitures-du-Pe\u0301rigord-300x200.jpg 300w, https:\/\/www.domaine-fromengal.com\/wp-content\/uploads\/2022\/01\/confitures-du-Pe\u0301rigord-768x512.jpg 768w\" sizes=\"(max-width: 960px) 100vw, 960px\" \/><\/figure>\n\n\n\n<p>Small grocery store and local products<\/p>\n<\/div>\n\n\n\n<div class=\"wp-block-column col2\">\n<figure class=\"wp-block-image size-large\"><img width=\"1024\" height=\"765\" src=\"https:\/\/www.domaine-fromengal.com\/wp-content\/uploads\/2022\/02\/billard-1024x765.jpg\" alt=\"\" class=\"wp-image-3700\" srcset=\"https:\/\/www.domaine-fromengal.com\/wp-content\/uploads\/2022\/02\/billard-1024x765.jpg 1024w, https:\/\/www.domaine-fromengal.com\/wp-content\/uploads\/2022\/02\/billard-300x224.jpg 300w, https:\/\/www.domaine-fromengal.com\/wp-content\/uploads\/2022\/02\/billard-768x574.jpg 768w, https:\/\/www.domaine-fromengal.com\/wp-content\/uploads\/2022\/02\/billard-1536x1148.jpg 1536w, https:\/\/www.domaine-fromengal.com\/wp-content\/uploads\/2022\/02\/billard-scaled.jpg 2048w\" sizes=\"(max-width: 1024px) 100vw, 1024px\" \/><\/figure>\n\n\n\n<p>Billiards and table football<\/p>\n<\/div>\n\n\n\n<div class=\"wp-block-column col3\">\n<figure class=\"wp-block-image size-large\"><img width=\"1024\" height=\"307\" src=\"https:\/\/www.domaine-fromengal.com\/wp-content\/uploads\/2022\/01\/01-bar-Journ\u00aee-activit\u00aes-76-1024x307.jpg\" alt=\"\" class=\"wp-image-1362\" srcset=\"https:\/\/www.domaine-fromengal.com\/wp-content\/uploads\/2022\/01\/01-bar-Journ\u00aee-activit\u00aes-76-1024x307.jpg 1024w, https:\/\/www.domaine-fromengal.com\/wp-content\/uploads\/2022\/01\/01-bar-Journ\u00aee-activit\u00aes-76-300x90.jpg 300w, https:\/\/www.domaine-fromengal.com\/wp-content\/uploads\/2022\/01\/01-bar-Journ\u00aee-activit\u00aes-76-768x230.jpg 768w, https:\/\/www.domaine-fromengal.com\/wp-content\/uploads\/2022\/01\/01-bar-Journ\u00aee-activit\u00aes-76.jpg 1500w\" sizes=\"(max-width: 1024px) 100vw, 1024px\" \/><\/figure>\n\n\n\n<p>Bar, ice cream and cocktails<\/p>\n<\/div>\n<\/div>\n<\/div><\/div>\n\n\n\n<div style=\"height:62px\" aria-hidden=\"true\" class=\"wp-block-spacer\"><\/div>\n\n\n\n<div class=\"wp-container-69ff43eb0ac5b wp-block-group f-75-a\"><div class=\"wp-block-group__inner-container\">\n<div class=\"wp-container-69ff43eb0a89b wp-block-group\"><div class=\"wp-block-group__inner-container\">\n<div class=\"wp-block-columns boxage f-70-a\">\n<div class=\"wp-block-column galerie\">\n<figure class=\"wp-block-gallery has-nested-images columns-2 is-cropped\">\n<figure class=\"wp-block-image size-full\"><img width=\"712\" height=\"942\" src=\"https:\/\/www.domaine-fromengal.com\/wp-content\/uploads\/2022\/03\/Camping-le-Fromagal-bar-Claire-Macnamara-13.jpg\" alt=\"\" class=\"wp-image-4919\" srcset=\"https:\/\/www.domaine-fromengal.com\/wp-content\/uploads\/2022\/03\/Camping-le-Fromagal-bar-Claire-Macnamara-13.jpg 712w, https:\/\/www.domaine-fromengal.com\/wp-content\/uploads\/2022\/03\/Camping-le-Fromagal-bar-Claire-Macnamara-13-227x300.jpg 227w\" sizes=\"(max-width: 712px) 100vw, 712px\" \/><\/figure>\n\n\n\n<figure class=\"wp-block-image size-large\"><img width=\"683\" height=\"1024\" src=\"https:\/\/www.domaine-fromengal.com\/wp-content\/uploads\/2022\/02\/Camping-le-Fromagal-bar-Claire-Macnamara-23-683x1024.jpg\" alt=\"Domaine De Fromengal: Campsite Le Fromagal Bar Claire Macnamara 23\" class=\"wp-image-2876\" srcset=\"https:\/\/www.domaine-fromengal.com\/wp-content\/uploads\/2022\/02\/Camping-le-Fromagal-bar-Claire-Macnamara-23-683x1024.jpg 683w, https:\/\/www.domaine-fromengal.com\/wp-content\/uploads\/2022\/02\/Camping-le-Fromagal-bar-Claire-Macnamara-23-200x300.jpg 200w, https:\/\/www.domaine-fromengal.com\/wp-content\/uploads\/2022\/02\/Camping-le-Fromagal-bar-Claire-Macnamara-23-768x1152.jpg 768w, https:\/\/www.domaine-fromengal.com\/wp-content\/uploads\/2022\/02\/Camping-le-Fromagal-bar-Claire-Macnamara-23-1024x1536.jpg 1024w, https:\/\/www.domaine-fromengal.com\/wp-content\/uploads\/2022\/02\/Camping-le-Fromagal-bar-Claire-Macnamara-23-scaled.jpg 1365w\" sizes=\"(max-width: 683px) 100vw, 683px\" \/><\/figure>\n\n\n\n<figure class=\"wp-block-image size-large\"><img width=\"721\" height=\"1024\" src=\"https:\/\/www.domaine-fromengal.com\/wp-content\/uploads\/2022\/02\/IMG_6772-721x1024.jpg\" alt=\"\" class=\"wp-image-3655\" srcset=\"https:\/\/www.domaine-fromengal.com\/wp-content\/uploads\/2022\/02\/IMG_6772-721x1024.jpg 721w, https:\/\/www.domaine-fromengal.com\/wp-content\/uploads\/2022\/02\/IMG_6772-211x300.jpg 211w, https:\/\/www.domaine-fromengal.com\/wp-content\/uploads\/2022\/02\/IMG_6772-768x1091.jpg 768w, https:\/\/www.domaine-fromengal.com\/wp-content\/uploads\/2022\/02\/IMG_6772.jpg 860w\" sizes=\"(max-width: 721px) 100vw, 721px\" \/><\/figure>\n\n\n\n<figure class=\"wp-block-image size-full\"><img width=\"683\" height=\"1024\" src=\"https:\/\/www.domaine-fromengal.com\/wp-content\/uploads\/2022\/02\/Camping-le-Fromagal-terrasse-Claire-Macnamara-2.jpg\" alt=\"\" class=\"wp-image-2883\" srcset=\"https:\/\/www.domaine-fromengal.com\/wp-content\/uploads\/2022\/02\/Camping-le-Fromagal-terrasse-Claire-Macnamara-2.jpg 683w, https:\/\/www.domaine-fromengal.com\/wp-content\/uploads\/2022\/02\/Camping-le-Fromagal-terrasse-Claire-Macnamara-2-200x300.jpg 200w\" sizes=\"(max-width: 683px) 100vw, 683px\" \/><\/figure>\n<\/figure>\n\n\n\n<p class=\"has-text-align-right lien\"><i class=\"fal fa-camera\"><\/i> <a href=\"https:\/\/www.domaine-fromengal.com\/en\/media-gallery\/\" data-type=\"page\" data-id=\"535\">Photo gallery<\/a><\/p>\n<\/div>\n\n\n\n<div class=\"wp-block-column redactionnel\">\n<h2 class=\"titre_c\" id=\"des-services-de-proximite\">Services <br><span>Proximity<\/span><\/h2>\n\n\n\n<p><strong>A basic grocery store<\/strong> is at your disposal, you will find the essentials to start your stay or to help you out.<\/p>\n\n\n\n<p><strong>Bread and pastries service<\/strong> every day on order. <strong>Sale of local products<\/strong> (foie gras, preserves, jams, honey, wines, etc.). Mailbox with outgoing mail, sale of stamps.<\/p>\n\n\n\n<p><strong>Tourist point<\/strong> with numerous brochures and leaflets.<br>In July\/August: press briefing with the Sud Ouest newspaper, sale of magazines, games and crosswords. Also: safe, loan of books.<\/p>\n\n\n\n<p><strong>Wifi is available<\/strong> on all pitches of the campsite. Package prices are available at Reception. An internet point is available at reception.<\/p>\n\n\n\n<p><strong>A laundry area<\/strong> (washing machines, dryers, ironing board) is self-service. Tokens and doses of detergent on sale at Reception. On request, loan of iron and hair dryer.<\/p>\n\n\n\n<p>In July and August, on Thursday at the end of the afternoon, <strong>local producers&#8217; market<\/strong> under the walnut trees of the campsite.<\/p>\n\n\n\n<p><em>On the health side, the campsite has a wheelchair, a defibrillator.<\/em><\/p>\n\n\n\n<div style=\"height:0px\" aria-hidden=\"true\" class=\"wp-block-spacer\"><\/div>\n\n\n\n<div class=\"wp-container-69ff43eb0a0f0 wp-block-buttons\">\n<div class=\"wp-block-button vert\"><a class=\"wp-block-button__link\" href=\"https:\/\/tourmkr.com\/F1cnchDTyK\/34650677p&amp;329.99h&amp;89.69t\" target=\"_blank\" rel=\"noreferrer noopener\">See the virtual tour<\/a><\/div>\n<\/div>\n\n\n\n<div style=\"height:30px\" aria-hidden=\"true\" class=\"wp-block-spacer\"><\/div>\n\n\n\n<h2 class=\"titre_a\" id=\"bar-et-salle-de-jeux\">Bar and <span>games room<\/span><\/h2>\n\n\n\n<p><strong>At the bar<\/strong> , you can also enjoy ice creams and cocktails on our panoramic terrace. And the little coffee in the sun on the terrace, it&#8217;s the holidays! <\/p>\n\n\n\n<p>In summer: in addition <a href=\"https:\/\/www.domaine-fromengal.com\/en\/animation\/\" data-type=\"page\" data-id=\"316\">to the many activities<\/a> , the Domaine de Fromengal also offers American billiards and table football, <strong>evening entertainment<\/strong> until 11 p.m. then lounge atmosphere until midnight.<\/p>\n\n\n\n<p><strong>New<\/strong> : the large <strong><a href=\"https:\/\/www.domaine-fromengal.com\/en\/restoration\/\" data-type=\"page\" data-id=\"301\">panoramic terrace of the bar<\/a><\/strong> , relaxation during the day or cocktail in the evening, a good time to live!<\/p>\n\n\n\n<div style=\"height:0px\" aria-hidden=\"true\" class=\"wp-block-spacer\"><\/div>\n\n\n\n<div class=\"wp-container-69ff43eb0a53c wp-block-buttons\">\n<div class=\"wp-block-button vert\"><a class=\"wp-block-button__link\" href=\"https:\/\/tourmkr.com\/F1cnchDTyK\/34650711p&amp;98.87h&amp;88.56t\" target=\"_blank\" rel=\"noreferrer noopener\">See the virtual tour<\/a><\/div>\n\n\n\n<div class=\"wp-block-button vertclair\"><a class=\"wp-block-button__link\" href=\"https:\/\/www.domaine-fromengal.com\/en\/restoration\/\">Discover our restaurant<\/a><\/div>\n<\/div>\n<\/div>\n<\/div>\n<\/div><\/div>\n\n\n\n<div style=\"height:49px\" aria-hidden=\"true\" class=\"wp-block-spacer\"><\/div>\n\n\n\n<div class=\"wp-block-cover is-light fond boxage\" style=\"padding-top:250px;padding-right:250px;padding-bottom:250px;padding-left:250px\"><span aria-hidden=\"true\" class=\"has-background-dim-90 wp-block-cover__gradient-background has-background-dim\" style=\"background-color:#d3ebd4\"><\/span><img width=\"1500\" height=\"750\" class=\"wp-block-cover__image-background wp-image-325\" alt=\"\" src=\"https:\/\/www.domaine-fromengal.com\/wp-content\/uploads\/2021\/12\/accueil-04.jpg\" style=\"object-position:49% 100%\" data-object-fit=\"cover\" data-object-position=\"49% 100%\" srcset=\"https:\/\/www.domaine-fromengal.com\/wp-content\/uploads\/2021\/12\/accueil-04.jpg 1500w, https:\/\/www.domaine-fromengal.com\/wp-content\/uploads\/2021\/12\/accueil-04-300x150.jpg 300w, https:\/\/www.domaine-fromengal.com\/wp-content\/uploads\/2021\/12\/accueil-04-1024x512.jpg 1024w, https:\/\/www.domaine-fromengal.com\/wp-content\/uploads\/2021\/12\/accueil-04-768x384.jpg 768w\" sizes=\"(max-width: 1500px) 100vw, 1500px\" \/><div class=\"wp-block-cover__inner-container\">\n<p class=\"has-text-align-center has-large-font-size\"><\/p>\n<\/div><\/div>\n<\/div><\/div>\n\n\n\n<div class=\"wp-container-69ff43eb0ba19 wp-block-group f-90-a\"><div class=\"wp-block-group__inner-container\">\n<div class=\"wp-block-columns boxage\">\n<div class=\"wp-block-column\">\n<div class=\"wp-block-columns points-forts\">\n<div class=\"wp-block-column col1\">\n<figure class=\"wp-block-image size-full\"><img width=\"612\" height=\"408\" src=\"https:\/\/www.domaine-fromengal.com\/wp-content\/uploads\/2022\/03\/istockphoto-1272194860-612x612-1.jpg\" alt=\"Domaine De Fromengal : Istockphoto 1272194860 612x612\" class=\"wp-image-4142\" srcset=\"https:\/\/www.domaine-fromengal.com\/wp-content\/uploads\/2022\/03\/istockphoto-1272194860-612x612-1.jpg 612w, https:\/\/www.domaine-fromengal.com\/wp-content\/uploads\/2022\/03\/istockphoto-1272194860-612x612-1-300x200.jpg 300w\" sizes=\"(max-width: 612px) 100vw, 612px\" \/><\/figure>\n\n\n\n<p><\/p>\n<\/div>\n\n\n\n<div class=\"wp-block-column col2\">\n<figure class=\"wp-block-image size-full\"><img width=\"612\" height=\"408\" src=\"https:\/\/www.domaine-fromengal.com\/wp-content\/uploads\/2022\/03\/istockphoto-939705570-612x612-1.jpg\" alt=\"Domain Of Fromengal: Istockphoto 939705570 612x612\" class=\"wp-image-4139\" srcset=\"https:\/\/www.domaine-fromengal.com\/wp-content\/uploads\/2022\/03\/istockphoto-939705570-612x612-1.jpg 612w, https:\/\/www.domaine-fromengal.com\/wp-content\/uploads\/2022\/03\/istockphoto-939705570-612x612-1-300x200.jpg 300w\" sizes=\"(max-width: 612px) 100vw, 612px\" \/><\/figure>\n\n\n\n<p><\/p>\n<\/div>\n\n\n\n<div class=\"wp-block-column col3\">\n<figure class=\"wp-block-image size-full\"><img width=\"612\" height=\"408\" src=\"https:\/\/www.domaine-fromengal.com\/wp-content\/uploads\/2022\/03\/istockphoto-1124750179-612x612-1.jpg\" alt=\"Domaine De Fromengal : Istockphoto 1124750179 612x612\" class=\"wp-image-4136\" srcset=\"https:\/\/www.domaine-fromengal.com\/wp-content\/uploads\/2022\/03\/istockphoto-1124750179-612x612-1.jpg 612w, https:\/\/www.domaine-fromengal.com\/wp-content\/uploads\/2022\/03\/istockphoto-1124750179-612x612-1-300x200.jpg 300w\" sizes=\"(max-width: 612px) 100vw, 612px\" \/><\/figure>\n\n\n\n<p><\/p>\n<\/div>\n<\/div>\n<\/div>\n\n\n\n<div class=\"wp-block-column redactionnel\">\n<h2 id=\"de-l-animation-pour-tous-en-ete\"><span>Our <span>rental<\/span> service<\/span><\/h2>\n\n\n\n<p>For any rental of equipment, a deposit will be requested, it will be returned to you after inventory on the day of your departure. <\/p>\n\n\n\n<p>In our 5-star campsite in the Dordogne, you can rent (subject to availability):<\/p>\n\n\n\n<ul><li>TV<\/li><li>Transat<\/li><li>Weber Charcoal Grill<\/li><li>Fridge, camping chairs and tables<\/li><li>Cot, high chair<\/li><li>Adult mountain bikes and children&#8217;s bikes (helmet provided)<\/li><li>Sheets and towel sets (cotton)<\/li><\/ul>\n<\/div>\n<\/div>\n\n\n\n<div style=\"height:35px\" aria-hidden=\"true\" class=\"wp-block-spacer\"><\/div>\n\n\n\n<div class=\"wp-block-columns boxage\">\n<div class=\"wp-block-column is-vertically-aligned-center\">\n<div class=\"wp-container-69ff43eb0b61a wp-block-group boxage\"><div class=\"wp-block-group__inner-container\">\n<h2 class=\"has-text-align-center\" id=\"commerces-et-services-a-proximite-de-notre-camping-en-dordogne\">Shops and services <br><span>near our campsite<\/span><br><span>in Dordogne<\/span><\/h2>\n\n\n\n<p>The <strong>village of Buisson de Cadouin<\/strong> is 5 km from the campsite, many services are at your disposal: medical centre, nursing care centre, dentist, physiotherapist, veterinarian, pharmacy, optician, hairdresser, beautician, cash dispenser.<\/p>\n\n\n\n<p>Also shops, hostels, cinema, post office, taxi, train station (possibility to pick you up at the station).<\/p>\n\n\n\n<p>Traditional weekly market every Friday morning.<br>Supermarkets about ten kilometers away (Carrefour Market in Siorac-en-P\u00e9rigord or Intermarch\u00e9 in Lalinde or Le Bugue). Possibility of drive for the Intermarch\u00e9.<\/p>\n\n\n\n<div class=\"wp-container-69ff43eb0b307 wp-block-buttons\">\n<div class=\"wp-block-button vertclair\"><a class=\"wp-block-button__link\" href=\"https:\/\/www.domaine-fromengal.com\/en\/surroundings\/\">Discover the region<\/a><\/div>\n<\/div>\n<\/div><\/div>\n\n\n\n<p><\/p>\n\n\n\n<p><\/p>\n<\/div>\n\n\n\n<div class=\"wp-block-column redactionnel\">\n<figure class=\"wp-block-image size-full\"><img width=\"754\" height=\"500\" src=\"https:\/\/www.domaine-fromengal.com\/wp-content\/uploads\/2022\/02\/cadouin-boucle.jpg\" alt=\"Domaine De Fromengal: Cadouin Loop\" class=\"wp-image-3432\" srcset=\"https:\/\/www.domaine-fromengal.com\/wp-content\/uploads\/2022\/02\/cadouin-boucle.jpg 754w, https:\/\/www.domaine-fromengal.com\/wp-content\/uploads\/2022\/02\/cadouin-boucle-300x199.jpg 300w\" sizes=\"(max-width: 754px) 100vw, 754px\" \/><\/figure>\n<\/div>\n<\/div>\n<\/div><\/div>\n\n\n\n<div style=\"height:100px\" aria-hidden=\"true\" class=\"wp-block-spacer\"><\/div>\n\n\n\n<div class=\"wp-block-cover alignfull is-light banniere\"><span aria-hidden=\"true\" class=\"has-background-dim-0 wp-block-cover__gradient-background has-background-dim\"><\/span><img width=\"1500\" height=\"450\" class=\"wp-block-cover__image-background wp-image-1231\" alt=\"\" src=\"https:\/\/www.domaine-fromengal.com\/wp-content\/uploads\/2022\/01\/07-restaurant-04072016-_MG_0193.jpg\" style=\"object-position:25% 45%\" data-object-fit=\"cover\" data-object-position=\"25% 45%\" srcset=\"https:\/\/www.domaine-fromengal.com\/wp-content\/uploads\/2022\/01\/07-restaurant-04072016-_MG_0193.jpg 1500w, https:\/\/www.domaine-fromengal.com\/wp-content\/uploads\/2022\/01\/07-restaurant-04072016-_MG_0193-300x90.jpg 300w, https:\/\/www.domaine-fromengal.com\/wp-content\/uploads\/2022\/01\/07-restaurant-04072016-_MG_0193-1024x307.jpg 1024w, https:\/\/www.domaine-fromengal.com\/wp-content\/uploads\/2022\/01\/07-restaurant-04072016-_MG_0193-768x230.jpg 768w\" sizes=\"(max-width: 1500px) 100vw, 1500px\" \/><div class=\"wp-block-cover__inner-container\">\n<p class=\"has-text-align-center has-large-font-size\"><\/p>\n<\/div><\/div>\n","protected":false},"excerpt":{"rendered":"<p>A campsite in the Dordogne to 5-star services Bar and panoramic terrace Grocery and bakery Rental of material Small grocery store and local products Billiards and table football Bar, ice cream and cocktails Photo gallery Services Proximity A basic grocery store is at your disposal, you will find the essentials to start your stay or [&hellip;]<\/p>\n","protected":false},"author":1,"featured_media":0,"parent":0,"menu_order":0,"comment_status":"closed","ping_status":"closed","template":"","meta":[],"acf":[],"_links":{"self":[{"href":"https:\/\/www.domaine-fromengal.com\/en\/wp-json\/wp\/v2\/pages\/4855"}],"collection":[{"href":"https:\/\/www.domaine-fromengal.com\/en\/wp-json\/wp\/v2\/pages"}],"about":[{"href":"https:\/\/www.domaine-fromengal.com\/en\/wp-json\/wp\/v2\/types\/page"}],"author":[{"embeddable":true,"href":"https:\/\/www.domaine-fromengal.com\/en\/wp-json\/wp\/v2\/users\/1"}],"replies":[{"embeddable":true,"href":"https:\/\/www.domaine-fromengal.com\/en\/wp-json\/wp\/v2\/comments?post=4855"}],"version-history":[{"count":6,"href":"https:\/\/www.domaine-fromengal.com\/en\/wp-json\/wp\/v2\/pages\/4855\/revisions"}],"predecessor-version":[{"id":6712,"href":"https:\/\/www.domaine-fromengal.com\/en\/wp-json\/wp\/v2\/pages\/4855\/revisions\/6712"}],"wp:attachment":[{"href":"https:\/\/www.domaine-fromengal.com\/en\/wp-json\/wp\/v2\/media?parent=4855"}],"curies":[{"name":"wp","href":"https:\/\/api.w.org\/{rel}","templated":true}]}}