{"id":4859,"date":"2022-03-22T17:26:55","date_gmt":"2022-03-22T16:26:55","guid":{"rendered":"https:\/\/www.domaine-fromengal.com\/diensten\/"},"modified":"2023-10-12T11:09:41","modified_gmt":"2023-10-12T09:09:41","slug":"diensten","status":"publish","type":"page","link":"https:\/\/www.domaine-fromengal.com\/nl\/diensten\/","title":{"rendered":"Diensten"},"content":{"rendered":"\n<div class=\"wp-block-cover f-100-b\" style=\"padding-top:0px;padding-right:0px;padding-bottom:0px;padding-left:0px\"><span aria-hidden=\"true\" class=\"has-background-dim-0 wp-block-cover__gradient-background has-background-dim\"><\/span><img width=\"1962\" height=\"1129\" class=\"wp-block-cover__image-background wp-image-2976\" alt=\"\" src=\"https:\/\/www.domaine-fromengal.com\/wp-content\/uploads\/2022\/02\/Camping-le-Fromagal-terrasse-Claire-Macnamara-3.jpg\" style=\"object-position:42% 76%\" data-object-fit=\"cover\" data-object-position=\"42% 76%\" srcset=\"https:\/\/www.domaine-fromengal.com\/wp-content\/uploads\/2022\/02\/Camping-le-Fromagal-terrasse-Claire-Macnamara-3.jpg 1962w, https:\/\/www.domaine-fromengal.com\/wp-content\/uploads\/2022\/02\/Camping-le-Fromagal-terrasse-Claire-Macnamara-3-300x173.jpg 300w, https:\/\/www.domaine-fromengal.com\/wp-content\/uploads\/2022\/02\/Camping-le-Fromagal-terrasse-Claire-Macnamara-3-1024x589.jpg 1024w, https:\/\/www.domaine-fromengal.com\/wp-content\/uploads\/2022\/02\/Camping-le-Fromagal-terrasse-Claire-Macnamara-3-768x442.jpg 768w, https:\/\/www.domaine-fromengal.com\/wp-content\/uploads\/2022\/02\/Camping-le-Fromagal-terrasse-Claire-Macnamara-3-1536x884.jpg 1536w\" sizes=\"(max-width: 1962px) 100vw, 1962px\" \/><div class=\"wp-block-cover__inner-container\">\n<p class=\"has-text-align-center has-large-font-size\"><\/p>\n<\/div><\/div>\n\n\n\n<div style=\"height:70px\" aria-hidden=\"true\" class=\"wp-block-spacer\"><\/div>\n\n\n\n<div class=\"wp-container-6a07348646b40 wp-block-group boxage introduction\"><div class=\"wp-block-group__inner-container\">\n<div class=\"wp-block-columns boxage\">\n<div class=\"wp-block-column redactionnel\" style=\"flex-basis:40%\">\n<h1 class=\"titre_b\" id=\"un-camping-en-dordogne-aux-services-4-etoiles\">Een camping in de Dordogne <br><span>tot 5-sterrendiensten<\/span><\/h1>\n<\/div>\n\n\n\n<div class=\"wp-block-column\" style=\"flex-basis:60%\">\n<div class=\"wp-block-columns points-forts\">\n<div class=\"wp-block-column is-vertically-aligned-center\">\n<div class=\"wp-block-columns\">\n<div class=\"wp-block-column is-vertically-aligned-center\" style=\"flex-basis:20%\">\n<p class=\"picto rouge\"><i class=\"fas fa-cocktail\"><\/i><\/p>\n<\/div>\n\n\n\n<div class=\"wp-block-column\" style=\"flex-basis:80%\">\n<p class=\"legende\"><strong>Bar en<\/strong> <strong>panoramisch terras<\/strong><\/p>\n<\/div>\n<\/div>\n<\/div>\n\n\n\n<div class=\"wp-block-column is-vertically-aligned-center\">\n<div class=\"wp-block-columns\">\n<div class=\"wp-block-column is-vertically-aligned-center\" style=\"flex-basis:20%\">\n<p class=\"picto bleu\"><i class=\"fas fa-shopping-cart\"><\/i><\/p>\n<\/div>\n\n\n\n<div class=\"wp-block-column\" style=\"flex-basis:80%\">\n<p class=\"legende\"><strong>Kruidenier en bakkerij<\/strong><\/p>\n<\/div>\n<\/div>\n<\/div>\n\n\n\n<div class=\"wp-block-column is-vertically-aligned-center\">\n<div class=\"wp-block-columns\">\n<div class=\"wp-block-column is-vertically-aligned-center\" style=\"flex-basis:20%\">\n<p class=\"picto vert\"><i class=\"fas fa-key\"><\/i><\/p>\n<\/div>\n\n\n\n<div class=\"wp-block-column\" style=\"flex-basis:80%\">\n<p class=\"legende\"><strong>Verhuur <\/strong><br><strong>van materiaal<\/strong><\/p>\n<\/div>\n<\/div>\n<\/div>\n<\/div>\n<\/div>\n<\/div>\n<\/div><\/div>\n\n\n\n<div class=\"wp-container-6a0734864742b wp-block-group f-90-a\"><div class=\"wp-block-group__inner-container\">\n<div class=\"wp-block-columns points-forts boxage\">\n<div class=\"wp-block-column col1\">\n<figure class=\"wp-block-image size-full\"><img width=\"960\" height=\"640\" src=\"https:\/\/www.domaine-fromengal.com\/wp-content\/uploads\/2022\/01\/confitures-du-Pe\u0301rigord.jpg\" alt=\"\" class=\"wp-image-1365\" srcset=\"https:\/\/www.domaine-fromengal.com\/wp-content\/uploads\/2022\/01\/confitures-du-Pe\u0301rigord.jpg 960w, https:\/\/www.domaine-fromengal.com\/wp-content\/uploads\/2022\/01\/confitures-du-Pe\u0301rigord-300x200.jpg 300w, https:\/\/www.domaine-fromengal.com\/wp-content\/uploads\/2022\/01\/confitures-du-Pe\u0301rigord-768x512.jpg 768w\" sizes=\"(max-width: 960px) 100vw, 960px\" \/><\/figure>\n\n\n\n<p>Kleine supermarkt en lokale producten<\/p>\n<\/div>\n\n\n\n<div class=\"wp-block-column col2\">\n<figure class=\"wp-block-image size-large\"><img width=\"1024\" height=\"765\" src=\"https:\/\/www.domaine-fromengal.com\/wp-content\/uploads\/2022\/02\/billard-1024x765.jpg\" alt=\"\" class=\"wp-image-3700\" srcset=\"https:\/\/www.domaine-fromengal.com\/wp-content\/uploads\/2022\/02\/billard-1024x765.jpg 1024w, https:\/\/www.domaine-fromengal.com\/wp-content\/uploads\/2022\/02\/billard-300x224.jpg 300w, https:\/\/www.domaine-fromengal.com\/wp-content\/uploads\/2022\/02\/billard-768x574.jpg 768w, https:\/\/www.domaine-fromengal.com\/wp-content\/uploads\/2022\/02\/billard-1536x1148.jpg 1536w, https:\/\/www.domaine-fromengal.com\/wp-content\/uploads\/2022\/02\/billard-scaled.jpg 2048w\" sizes=\"(max-width: 1024px) 100vw, 1024px\" \/><\/figure>\n\n\n\n<p>Biljart en tafelvoetbal<\/p>\n<\/div>\n\n\n\n<div class=\"wp-block-column col3\">\n<figure class=\"wp-block-image size-large\"><img width=\"1024\" height=\"307\" src=\"https:\/\/www.domaine-fromengal.com\/wp-content\/uploads\/2022\/01\/01-bar-Journ\u00aee-activit\u00aes-76-1024x307.jpg\" alt=\"\" class=\"wp-image-1362\" srcset=\"https:\/\/www.domaine-fromengal.com\/wp-content\/uploads\/2022\/01\/01-bar-Journ\u00aee-activit\u00aes-76-1024x307.jpg 1024w, https:\/\/www.domaine-fromengal.com\/wp-content\/uploads\/2022\/01\/01-bar-Journ\u00aee-activit\u00aes-76-300x90.jpg 300w, https:\/\/www.domaine-fromengal.com\/wp-content\/uploads\/2022\/01\/01-bar-Journ\u00aee-activit\u00aes-76-768x230.jpg 768w, https:\/\/www.domaine-fromengal.com\/wp-content\/uploads\/2022\/01\/01-bar-Journ\u00aee-activit\u00aes-76.jpg 1500w\" sizes=\"(max-width: 1024px) 100vw, 1024px\" \/><\/figure>\n\n\n\n<p>Bar, ijs en cocktails<\/p>\n<\/div>\n<\/div>\n<\/div><\/div>\n\n\n\n<div style=\"height:62px\" aria-hidden=\"true\" class=\"wp-block-spacer\"><\/div>\n\n\n\n<div class=\"wp-container-6a073486489ab wp-block-group f-75-a\"><div class=\"wp-block-group__inner-container\">\n<div class=\"wp-container-6a073486485cc wp-block-group\"><div class=\"wp-block-group__inner-container\">\n<div class=\"wp-block-columns boxage f-70-a\">\n<div class=\"wp-block-column galerie\">\n<figure class=\"wp-block-gallery has-nested-images columns-2 is-cropped\">\n<figure class=\"wp-block-image size-full\"><img width=\"712\" height=\"942\" src=\"https:\/\/www.domaine-fromengal.com\/wp-content\/uploads\/2022\/03\/Camping-le-Fromagal-bar-Claire-Macnamara-13.jpg\" alt=\"\" class=\"wp-image-4919\" srcset=\"https:\/\/www.domaine-fromengal.com\/wp-content\/uploads\/2022\/03\/Camping-le-Fromagal-bar-Claire-Macnamara-13.jpg 712w, https:\/\/www.domaine-fromengal.com\/wp-content\/uploads\/2022\/03\/Camping-le-Fromagal-bar-Claire-Macnamara-13-227x300.jpg 227w\" sizes=\"(max-width: 712px) 100vw, 712px\" \/><\/figure>\n\n\n\n<figure class=\"wp-block-image size-large\"><img width=\"683\" height=\"1024\" src=\"https:\/\/www.domaine-fromengal.com\/wp-content\/uploads\/2022\/02\/Camping-le-Fromagal-bar-Claire-Macnamara-23-683x1024.jpg\" alt=\"Domaine De Fromengal: Camping Le Fromagal Bar Claire Macnamara 23\" class=\"wp-image-2876\" srcset=\"https:\/\/www.domaine-fromengal.com\/wp-content\/uploads\/2022\/02\/Camping-le-Fromagal-bar-Claire-Macnamara-23-683x1024.jpg 683w, https:\/\/www.domaine-fromengal.com\/wp-content\/uploads\/2022\/02\/Camping-le-Fromagal-bar-Claire-Macnamara-23-200x300.jpg 200w, https:\/\/www.domaine-fromengal.com\/wp-content\/uploads\/2022\/02\/Camping-le-Fromagal-bar-Claire-Macnamara-23-768x1152.jpg 768w, https:\/\/www.domaine-fromengal.com\/wp-content\/uploads\/2022\/02\/Camping-le-Fromagal-bar-Claire-Macnamara-23-1024x1536.jpg 1024w, https:\/\/www.domaine-fromengal.com\/wp-content\/uploads\/2022\/02\/Camping-le-Fromagal-bar-Claire-Macnamara-23-scaled.jpg 1365w\" sizes=\"(max-width: 683px) 100vw, 683px\" \/><\/figure>\n\n\n\n<figure class=\"wp-block-image size-large\"><img width=\"721\" height=\"1024\" src=\"https:\/\/www.domaine-fromengal.com\/wp-content\/uploads\/2022\/02\/IMG_6772-721x1024.jpg\" alt=\"\" class=\"wp-image-3655\" srcset=\"https:\/\/www.domaine-fromengal.com\/wp-content\/uploads\/2022\/02\/IMG_6772-721x1024.jpg 721w, https:\/\/www.domaine-fromengal.com\/wp-content\/uploads\/2022\/02\/IMG_6772-211x300.jpg 211w, https:\/\/www.domaine-fromengal.com\/wp-content\/uploads\/2022\/02\/IMG_6772-768x1091.jpg 768w, https:\/\/www.domaine-fromengal.com\/wp-content\/uploads\/2022\/02\/IMG_6772.jpg 860w\" sizes=\"(max-width: 721px) 100vw, 721px\" \/><\/figure>\n\n\n\n<figure class=\"wp-block-image size-full\"><img width=\"683\" height=\"1024\" src=\"https:\/\/www.domaine-fromengal.com\/wp-content\/uploads\/2022\/02\/Camping-le-Fromagal-terrasse-Claire-Macnamara-2.jpg\" alt=\"\" class=\"wp-image-2883\" srcset=\"https:\/\/www.domaine-fromengal.com\/wp-content\/uploads\/2022\/02\/Camping-le-Fromagal-terrasse-Claire-Macnamara-2.jpg 683w, https:\/\/www.domaine-fromengal.com\/wp-content\/uploads\/2022\/02\/Camping-le-Fromagal-terrasse-Claire-Macnamara-2-200x300.jpg 200w\" sizes=\"(max-width: 683px) 100vw, 683px\" \/><\/figure>\n<\/figure>\n\n\n\n<p class=\"has-text-align-right lien\"><i class=\"fal fa-camera\"><\/i> <a href=\"https:\/\/www.domaine-fromengal.com\/nl\/media-galerij\/\" data-type=\"page\" data-id=\"535\">fotogallerij<\/a><\/p>\n<\/div>\n\n\n\n<div class=\"wp-block-column redactionnel\">\n<h2 class=\"titre_c\" id=\"des-services-de-proximite\">Diensten <br><span>Nabijheid<\/span><\/h2>\n\n\n\n<p><strong>Een eenvoudige supermarkt<\/strong> staat tot uw beschikking, u vindt de benodigdheden om uw verblijf te beginnen of om u te helpen.<\/p>\n\n\n\n<p><strong>Brood- en banketservice<\/strong> elke dag op bestelling. <strong>Verkoop van lokale producten<\/strong> (foie gras, conserven, jam, honing, wijnen, enz.). Brievenbus met postvertrek, verkoop van postzegels.<\/p>\n\n\n\n<p><strong>Toeristisch punt<\/strong> met veel brochures en folders.<br>In juli\/augustus: persconferentie met de krant Sud Ouest, verkoop van tijdschriften, spelletjes en kruiswoordraadsels. Ook: kluis, uitleen van boeken.<\/p>\n\n\n\n<p><strong>Wifi is beschikbaar<\/strong> op alle plaatsen van de camping. Pakketprijzen zijn verkrijgbaar bij de receptie. Bij de receptie is een internetpunt beschikbaar.<\/p>\n\n\n\n<p><strong>Een wasruimte<\/strong> (wasmachines, drogers, strijkplank) is zelfbediening. Jetons en doses wasmiddel te koop bij de receptie. Op aanvraag, lening van strijkijzer en haardroger.<\/p>\n\n\n\n<p>In juli en augustus, op donderdagmiddag, <strong>markt van lokale producenten<\/strong> onder de walnootbomen van de camping.<\/p>\n\n\n\n<p><em>Aan de gezondheidskant heeft de camping een rolstoel, een defibrillator.<\/em><\/p>\n\n\n\n<div style=\"height:0px\" aria-hidden=\"true\" class=\"wp-block-spacer\"><\/div>\n\n\n\n<div class=\"wp-container-6a07348647dc9 wp-block-buttons\">\n<div class=\"wp-block-button vert\"><a class=\"wp-block-button__link\" href=\"https:\/\/tourmkr.com\/F1cnchDTyK\/34650677p&amp;329.99h&amp;89.69t\" target=\"_blank\" rel=\"noreferrer noopener\">Bekijk de virtuele tour<\/a><\/div>\n<\/div>\n\n\n\n<div style=\"height:30px\" aria-hidden=\"true\" class=\"wp-block-spacer\"><\/div>\n\n\n\n<h2 class=\"titre_a\" id=\"bar-et-salle-de-jeux\">Bar en <span>speelkamer<\/span><\/h2>\n\n\n\n<p><strong>Aan de bar<\/strong> kunt u ook genieten van ijsjes en cocktails op ons panoramische terras. En het kopje koffie in de zon op het terras, het is vakantie! <\/p>\n\n\n\n<p>In de zomer: naast de <a href=\"https:\/\/www.domaine-fromengal.com\/nl\/animatie\/\" data-type=\"page\" data-id=\"316\">vele activiteiten<\/a> biedt het Domaine de Fromengal ook biljart en tafelvoetbal, <strong>gezellige avonden<\/strong> tot 23 uur en een loungesfeer tot middernacht.<\/p>\n\n\n\n<p><strong>Nieuw<\/strong> : het grote <strong><a href=\"https:\/\/www.domaine-fromengal.com\/nl\/restauratie\/\" data-type=\"page\" data-id=\"301\">panoramische terras van de bar<\/a><\/strong> , overdag relaxen of &#8217;s avonds een cocktail, een goede tijd om te leven!<\/p>\n\n\n\n<div style=\"height:0px\" aria-hidden=\"true\" class=\"wp-block-spacer\"><\/div>\n\n\n\n<div class=\"wp-container-6a07348648250 wp-block-buttons\">\n<div class=\"wp-block-button vert\"><a class=\"wp-block-button__link\" href=\"https:\/\/tourmkr.com\/F1cnchDTyK\/34650711p&amp;98.87h&amp;88.56t\" target=\"_blank\" rel=\"noreferrer noopener\">Bekijk de virtuele tour<\/a><\/div>\n\n\n\n<div class=\"wp-block-button vertclair\"><a class=\"wp-block-button__link\" href=\"https:\/\/www.domaine-fromengal.com\/nl\/restauratie\/\">Ontdek ons restaurant<\/a><\/div>\n<\/div>\n<\/div>\n<\/div>\n<\/div><\/div>\n\n\n\n<div style=\"height:49px\" aria-hidden=\"true\" class=\"wp-block-spacer\"><\/div>\n\n\n\n<div class=\"wp-block-cover is-light fond boxage\" style=\"padding-top:250px;padding-right:250px;padding-bottom:250px;padding-left:250px\"><span aria-hidden=\"true\" class=\"has-background-dim-90 wp-block-cover__gradient-background has-background-dim\" style=\"background-color:#d3ebd4\"><\/span><img width=\"1500\" height=\"750\" class=\"wp-block-cover__image-background wp-image-325\" alt=\"\" src=\"https:\/\/www.domaine-fromengal.com\/wp-content\/uploads\/2021\/12\/accueil-04.jpg\" style=\"object-position:49% 100%\" data-object-fit=\"cover\" data-object-position=\"49% 100%\" srcset=\"https:\/\/www.domaine-fromengal.com\/wp-content\/uploads\/2021\/12\/accueil-04.jpg 1500w, https:\/\/www.domaine-fromengal.com\/wp-content\/uploads\/2021\/12\/accueil-04-300x150.jpg 300w, https:\/\/www.domaine-fromengal.com\/wp-content\/uploads\/2021\/12\/accueil-04-1024x512.jpg 1024w, https:\/\/www.domaine-fromengal.com\/wp-content\/uploads\/2021\/12\/accueil-04-768x384.jpg 768w\" sizes=\"(max-width: 1500px) 100vw, 1500px\" \/><div class=\"wp-block-cover__inner-container\">\n<p class=\"has-text-align-center has-large-font-size\"><\/p>\n<\/div><\/div>\n<\/div><\/div>\n\n\n\n<div class=\"wp-container-6a0734864988f wp-block-group f-90-a\"><div class=\"wp-block-group__inner-container\">\n<div class=\"wp-block-columns boxage\">\n<div class=\"wp-block-column\">\n<div class=\"wp-block-columns points-forts\">\n<div class=\"wp-block-column col1\">\n<figure class=\"wp-block-image size-full\"><img width=\"612\" height=\"408\" src=\"https:\/\/www.domaine-fromengal.com\/wp-content\/uploads\/2022\/03\/istockphoto-1272194860-612x612-1.jpg\" alt=\"Domaine De Fromengal : Istockphoto 1272194860 612x612\" class=\"wp-image-4142\" srcset=\"https:\/\/www.domaine-fromengal.com\/wp-content\/uploads\/2022\/03\/istockphoto-1272194860-612x612-1.jpg 612w, https:\/\/www.domaine-fromengal.com\/wp-content\/uploads\/2022\/03\/istockphoto-1272194860-612x612-1-300x200.jpg 300w\" sizes=\"(max-width: 612px) 100vw, 612px\" \/><\/figure>\n\n\n\n<p><\/p>\n<\/div>\n\n\n\n<div class=\"wp-block-column col2\">\n<figure class=\"wp-block-image size-full\"><img width=\"612\" height=\"408\" src=\"https:\/\/www.domaine-fromengal.com\/wp-content\/uploads\/2022\/03\/istockphoto-939705570-612x612-1.jpg\" alt=\"Landgoed Fromengal: Istockphoto 939705570 612x612\" class=\"wp-image-4139\" srcset=\"https:\/\/www.domaine-fromengal.com\/wp-content\/uploads\/2022\/03\/istockphoto-939705570-612x612-1.jpg 612w, https:\/\/www.domaine-fromengal.com\/wp-content\/uploads\/2022\/03\/istockphoto-939705570-612x612-1-300x200.jpg 300w\" sizes=\"(max-width: 612px) 100vw, 612px\" \/><\/figure>\n\n\n\n<p><\/p>\n<\/div>\n\n\n\n<div class=\"wp-block-column col3\">\n<figure class=\"wp-block-image size-full\"><img width=\"612\" height=\"408\" src=\"https:\/\/www.domaine-fromengal.com\/wp-content\/uploads\/2022\/03\/istockphoto-1124750179-612x612-1.jpg\" alt=\"Domaine De Fromengal : Istockphoto 1124750179 612x612\" class=\"wp-image-4136\" srcset=\"https:\/\/www.domaine-fromengal.com\/wp-content\/uploads\/2022\/03\/istockphoto-1124750179-612x612-1.jpg 612w, https:\/\/www.domaine-fromengal.com\/wp-content\/uploads\/2022\/03\/istockphoto-1124750179-612x612-1-300x200.jpg 300w\" sizes=\"(max-width: 612px) 100vw, 612px\" \/><\/figure>\n\n\n\n<p><\/p>\n<\/div>\n<\/div>\n<\/div>\n\n\n\n<div class=\"wp-block-column redactionnel\">\n<h2 id=\"de-l-animation-pour-tous-en-ete\"><span>Onze <span>verhuurservice<\/span><\/span><\/h2>\n\n\n\n<p>Voor elke verhuur van materiaal wordt een borg gevraagd, deze zal na inventarisatie aan u worden teruggegeven op de dag van vertrek. <\/p>\n\n\n\n<p>Op onze 5-sterren camping in de Dordogne kunt u (volgens beschikbaarheid):<\/p>\n\n\n\n<ul><li>TV<\/li><li>Transat<\/li><li>Weber houtskoolgrill<\/li><li>Koelkast, campingstoelen en tafels<\/li><li>Kinderbed, kinderstoel<\/li><li>Mountainbikes voor volwassenen en kinderfietsen (helm meegeleverd)<\/li><li>Lakens en handdoekensets (katoen)<\/li><\/ul>\n<\/div>\n<\/div>\n\n\n\n<div style=\"height:35px\" aria-hidden=\"true\" class=\"wp-block-spacer\"><\/div>\n\n\n\n<div class=\"wp-block-columns boxage\">\n<div class=\"wp-block-column is-vertically-aligned-center\">\n<div class=\"wp-container-6a073486493fd wp-block-group boxage\"><div class=\"wp-block-group__inner-container\">\n<h2 class=\"has-text-align-center\" id=\"commerces-et-services-a-proximite-de-notre-camping-en-dordogne\">Winkels en diensten <br><span>vlakbij onze camping<\/span><br><span>in de Dordogne<\/span><\/h2>\n\n\n\n<p>Het <strong>dorp Buisson de Cadouin<\/strong> ligt op 5 km van de camping, vele diensten staan tot uw beschikking: medisch centrum, verpleegcentrum, tandarts, fysiotherapeut, dierenarts, apotheek, opticien, kapper, schoonheidsspecialiste, geldautomaat.<\/p>\n\n\n\n<p>Ook winkels, hostels, bioscoop, postkantoor, taxi, treinstation (mogelijkheid om u op te halen bij het station).<\/p>\n\n\n\n<p>Traditionele weekmarkt elke vrijdagochtend.<br>Supermarkten op ongeveer tien kilometer afstand (Carrefour Market in Siorac-en-P\u00e9rigord of Intermarch\u00e9 in Lalinde of Le Bugue). Mogelijkheid tot rijden voor de Intermarch\u00e9.<\/p>\n\n\n\n<div class=\"wp-container-6a07348649094 wp-block-buttons\">\n<div class=\"wp-block-button vertclair\"><a class=\"wp-block-button__link\" href=\"https:\/\/www.domaine-fromengal.com\/nl\/omgeving\/\">Ontdek de regio<\/a><\/div>\n<\/div>\n<\/div><\/div>\n\n\n\n<p><\/p>\n\n\n\n<p><\/p>\n<\/div>\n\n\n\n<div class=\"wp-block-column redactionnel\">\n<figure class=\"wp-block-image size-full\"><img width=\"754\" height=\"500\" src=\"https:\/\/www.domaine-fromengal.com\/wp-content\/uploads\/2022\/02\/cadouin-boucle.jpg\" alt=\"Domaine De Fromengal: Cadouin Loop\" class=\"wp-image-3432\" srcset=\"https:\/\/www.domaine-fromengal.com\/wp-content\/uploads\/2022\/02\/cadouin-boucle.jpg 754w, https:\/\/www.domaine-fromengal.com\/wp-content\/uploads\/2022\/02\/cadouin-boucle-300x199.jpg 300w\" sizes=\"(max-width: 754px) 100vw, 754px\" \/><\/figure>\n<\/div>\n<\/div>\n<\/div><\/div>\n\n\n\n<div style=\"height:100px\" aria-hidden=\"true\" class=\"wp-block-spacer\"><\/div>\n\n\n\n<div class=\"wp-block-cover alignfull is-light banniere\"><span aria-hidden=\"true\" class=\"has-background-dim-0 wp-block-cover__gradient-background has-background-dim\"><\/span><img width=\"1500\" height=\"450\" class=\"wp-block-cover__image-background wp-image-1231\" alt=\"\" src=\"https:\/\/www.domaine-fromengal.com\/wp-content\/uploads\/2022\/01\/07-restaurant-04072016-_MG_0193.jpg\" style=\"object-position:25% 45%\" data-object-fit=\"cover\" data-object-position=\"25% 45%\" srcset=\"https:\/\/www.domaine-fromengal.com\/wp-content\/uploads\/2022\/01\/07-restaurant-04072016-_MG_0193.jpg 1500w, https:\/\/www.domaine-fromengal.com\/wp-content\/uploads\/2022\/01\/07-restaurant-04072016-_MG_0193-300x90.jpg 300w, https:\/\/www.domaine-fromengal.com\/wp-content\/uploads\/2022\/01\/07-restaurant-04072016-_MG_0193-1024x307.jpg 1024w, https:\/\/www.domaine-fromengal.com\/wp-content\/uploads\/2022\/01\/07-restaurant-04072016-_MG_0193-768x230.jpg 768w\" sizes=\"(max-width: 1500px) 100vw, 1500px\" \/><div class=\"wp-block-cover__inner-container\">\n<p class=\"has-text-align-center has-large-font-size\"><\/p>\n<\/div><\/div>\n","protected":false},"excerpt":{"rendered":"<p>Een camping in de Dordogne tot 5-sterrendiensten Bar en panoramisch terras Kruidenier en bakkerij Verhuur van materiaal Kleine supermarkt en lokale producten Biljart en tafelvoetbal Bar, ijs en cocktails fotogallerij Diensten Nabijheid Een eenvoudige supermarkt staat tot uw beschikking, u vindt de benodigdheden om uw verblijf te beginnen of om u te helpen. Brood- en [&hellip;]<\/p>\n","protected":false},"author":1,"featured_media":0,"parent":0,"menu_order":0,"comment_status":"closed","ping_status":"closed","template":"","meta":[],"acf":[],"_links":{"self":[{"href":"https:\/\/www.domaine-fromengal.com\/nl\/wp-json\/wp\/v2\/pages\/4859"}],"collection":[{"href":"https:\/\/www.domaine-fromengal.com\/nl\/wp-json\/wp\/v2\/pages"}],"about":[{"href":"https:\/\/www.domaine-fromengal.com\/nl\/wp-json\/wp\/v2\/types\/page"}],"author":[{"embeddable":true,"href":"https:\/\/www.domaine-fromengal.com\/nl\/wp-json\/wp\/v2\/users\/1"}],"replies":[{"embeddable":true,"href":"https:\/\/www.domaine-fromengal.com\/nl\/wp-json\/wp\/v2\/comments?post=4859"}],"version-history":[{"count":6,"href":"https:\/\/www.domaine-fromengal.com\/nl\/wp-json\/wp\/v2\/pages\/4859\/revisions"}],"predecessor-version":[{"id":6723,"href":"https:\/\/www.domaine-fromengal.com\/nl\/wp-json\/wp\/v2\/pages\/4859\/revisions\/6723"}],"wp:attachment":[{"href":"https:\/\/www.domaine-fromengal.com\/nl\/wp-json\/wp\/v2\/media?parent=4859"}],"curies":[{"name":"wp","href":"https:\/\/api.w.org\/{rel}","templated":true}]}}