{"id":4955,"date":"2022-03-23T09:24:24","date_gmt":"2022-03-23T08:24:24","guid":{"rendered":"https:\/\/www.domaine-fromengal.com\/waarden\/"},"modified":"2023-10-12T11:22:27","modified_gmt":"2023-10-12T09:22:27","slug":"waarden","status":"publish","type":"page","link":"https:\/\/www.domaine-fromengal.com\/nl\/waarden\/","title":{"rendered":"Waarden"},"content":{"rendered":"\n<div class=\"wp-block-cover is-light f-100-b\" style=\"padding-top:0px;padding-right:0px;padding-bottom:0px;padding-left:0px\"><span aria-hidden=\"true\" class=\"has-background-dim-0 wp-block-cover__gradient-background has-background-dim\"><\/span><img width=\"1500\" height=\"450\" class=\"wp-block-cover__image-background wp-image-1385\" alt=\"\" src=\"https:\/\/www.domaine-fromengal.com\/wp-content\/uploads\/2022\/01\/diapo-nos-valeurs2.jpg\" data-object-fit=\"cover\" srcset=\"https:\/\/www.domaine-fromengal.com\/wp-content\/uploads\/2022\/01\/diapo-nos-valeurs2.jpg 1500w, https:\/\/www.domaine-fromengal.com\/wp-content\/uploads\/2022\/01\/diapo-nos-valeurs2-300x90.jpg 300w, https:\/\/www.domaine-fromengal.com\/wp-content\/uploads\/2022\/01\/diapo-nos-valeurs2-1024x307.jpg 1024w, https:\/\/www.domaine-fromengal.com\/wp-content\/uploads\/2022\/01\/diapo-nos-valeurs2-768x230.jpg 768w\" sizes=\"(max-width: 1500px) 100vw, 1500px\" \/><div class=\"wp-block-cover__inner-container\">\n<p class=\"has-text-align-center has-large-font-size\"><\/p>\n<\/div><\/div>\n\n\n\n<div class=\"wp-container-69df99cd2b007 wp-block-group f-90-b\"><div class=\"wp-block-group__inner-container\">\n<div class=\"wp-block-columns boxage\">\n<div class=\"wp-block-column redactionnel\">\n<h1 class=\"titre_c\" id=\"notre-camping-proche-de-sarlat-nos-valeurs\">Onze camping in de buurt van Sarlat <br><span>Onze waarden<\/span><\/h1>\n\n\n\n<p>Uw vakanties zijn belangrijke momenten voor u en u kijkt er waarschijnlijk naar uit.<br>Ook voor ons zijn deze momenten essentieel omdat onze teams en wij er alles aan doen om uw verblijf voor te bereiden en aan uw verwachtingen te voldoen, zelfs daarbuiten.<\/p>\n\n\n\n<p>Of het nu gaat <a href=\"https:\/\/www.domaine-fromengal.com\/nl\/accommodatie\/\" data-type=\"page\" data-id=\"283\">om onze accommodatie<\/a> , onze structuren, <a href=\"https:\/\/www.domaine-fromengal.com\/nl\/animatie\/\" data-type=\"page\" data-id=\"316\">ons entertainment<\/a> of onze <a href=\"https:\/\/www.domaine-fromengal.com\/nl\/diensten\/\">diensten<\/a> , we streven er elk jaar naar om te investeren, vooruitgang te boeken, u innovatieve en hoogwaardige diensten aan te bieden, de camping en zijn omgeving te verfraaien.<\/p>\n\n\n\n<p>Onafhankelijke beheerders van onze camping, we geven altijd de voorkeur aan directe relaties met onze klanten. Tijdens uw verblijf op <strong>Domaine de Fromengal<\/strong> staan wij tot uw beschikking en houden wij rekening met uw idee\u00ebn of suggesties.<br>De kwaliteitsvragenlijst die u na uw verblijf ontvangt, stelt ons in staat uw tevredenheid te meten en onze diensten continu te verbeteren.<\/p>\n<\/div>\n\n\n\n<div class=\"wp-block-column is-vertically-aligned-center\">\n<div class=\"wp-block-columns points-forts\">\n<div class=\"wp-block-column col1\">\n<figure class=\"wp-block-image size-full\"><img width=\"960\" height=\"640\" src=\"https:\/\/www.domaine-fromengal.com\/wp-content\/uploads\/2022\/01\/Diva-et-Lola.jpg\" alt=\"\" class=\"wp-image-1388\" srcset=\"https:\/\/www.domaine-fromengal.com\/wp-content\/uploads\/2022\/01\/Diva-et-Lola.jpg 960w, https:\/\/www.domaine-fromengal.com\/wp-content\/uploads\/2022\/01\/Diva-et-Lola-300x200.jpg 300w, https:\/\/www.domaine-fromengal.com\/wp-content\/uploads\/2022\/01\/Diva-et-Lola-768x512.jpg 768w\" sizes=\"(max-width: 960px) 100vw, 960px\" \/><\/figure>\n<\/div>\n\n\n\n<div class=\"wp-block-column col3\">\n<figure class=\"wp-block-image size-full\"><img width=\"640\" height=\"960\" src=\"https:\/\/www.domaine-fromengal.com\/wp-content\/uploads\/2022\/01\/Encore-des-fleurs.jpg\" alt=\"\" class=\"wp-image-1402\" srcset=\"https:\/\/www.domaine-fromengal.com\/wp-content\/uploads\/2022\/01\/Encore-des-fleurs.jpg 640w, https:\/\/www.domaine-fromengal.com\/wp-content\/uploads\/2022\/01\/Encore-des-fleurs-200x300.jpg 200w\" sizes=\"(max-width: 640px) 100vw, 640px\" \/><\/figure>\n\n\n\n<p class=\"lien\"><i class=\"fal fa-camera\"><\/i> <a href=\"https:\/\/www.domaine-fromengal.com\/nl\/media-galerij\/\" data-type=\"page\" data-id=\"535\">fotogallerij<\/a><\/p>\n<\/div>\n\n\n\n<div class=\"wp-block-column col2\">\n<figure class=\"wp-block-image size-full\"><img width=\"600\" height=\"900\" src=\"https:\/\/www.domaine-fromengal.com\/wp-content\/uploads\/2022\/02\/img-une-valeurs-e1495114509613.jpg\" alt=\"Domaine De Fromengal: Img One Waarden E1495114509613\" class=\"wp-image-2421\" srcset=\"https:\/\/www.domaine-fromengal.com\/wp-content\/uploads\/2022\/02\/img-une-valeurs-e1495114509613.jpg 600w, https:\/\/www.domaine-fromengal.com\/wp-content\/uploads\/2022\/02\/img-une-valeurs-e1495114509613-200x300.jpg 200w\" sizes=\"(max-width: 600px) 100vw, 600px\" \/><\/figure>\n<\/div>\n<\/div>\n<\/div>\n<\/div>\n<\/div><\/div>\n\n\n\n<div class=\"wp-container-69df99cd2b7b1 wp-block-group noMarginB\"><div class=\"wp-block-group__inner-container\">\n<div class=\"wp-block-group encart-alerte\"><div class=\"wp-block-group__inner-container\">\n<h2 class=\"has-text-align-center\" id=\"nos-valeurs-1\"><span>Onze waarden<\/span><\/h2>\n\n\n\n<div class=\"wp-block-columns boxage_medium\">\n<div class=\"wp-block-column\" style=\"flex-basis:30%\"><i class=\"fal fa-place-of-worship\"><\/i>\n\n\n\n<p class=\"has-text-align-center\"><strong>Authenticiteit<\/strong> van een uitzonderlijke plek en directe relaties met onze klanten<\/p>\n<\/div>\n\n\n\n<div class=\"wp-block-column\" style=\"flex-basis:30%\"><i class=\"fal fa-campground\"><\/i>\n\n\n\n<p class=\"has-text-align-center\"><strong>Gezelligheid<\/strong> van een camping op mensenmaat met <a href=\"https:\/\/www.domaine-fromengal.com\/nl\/diensten\/\" data-type=\"page\" data-id=\"307\">5-sterren service<\/a><br><\/p>\n<\/div>\n\n\n\n<div class=\"wp-block-column\" style=\"flex-basis:30%\"><i class=\"fal fa-star\"><\/i>\n\n\n\n<p class=\"has-text-align-center\"><strong>Kwaliteit<\/strong> met onze toewijding aan het Camping Qualit\u00e9-label<\/p>\n<\/div>\n<\/div>\n\n\n\n<div class=\"wp-block-columns boxage_medium\">\n<div class=\"wp-block-column\" style=\"flex-basis:30%\"><i class=\"fal fa-tree-alt\"><\/i>\n\n\n\n<p class=\"has-text-align-center\"><strong>Respect<\/strong> <strong>voor het milieu<\/strong> en onze natuurlijke ruimtes<\/p>\n<\/div>\n\n\n\n<div class=\"wp-block-column\" style=\"flex-basis:30%\"><i class=\"fal fa-tasks\"><\/i>\n\n\n\n<p class=\"has-text-align-center\"><strong>Innovatie<\/strong> met de wens voor een continu verbeteringsproces<\/p>\n<\/div>\n<\/div>\n<\/div><\/div>\n<\/div><\/div>\n\n\n\n<div class=\"wp-block-cover alignfull is-light\"><span aria-hidden=\"true\" class=\"has-background-dim-90 wp-block-cover__gradient-background has-background-dim\" style=\"background-color:#d3ebd4\"><\/span><img width=\"1500\" height=\"450\" class=\"wp-block-cover__image-background wp-image-1394\" alt=\"\" src=\"https:\/\/www.domaine-fromengal.com\/wp-content\/uploads\/2022\/01\/diapo-nos-valeurs.jpg\" data-object-fit=\"cover\" srcset=\"https:\/\/www.domaine-fromengal.com\/wp-content\/uploads\/2022\/01\/diapo-nos-valeurs.jpg 1500w, https:\/\/www.domaine-fromengal.com\/wp-content\/uploads\/2022\/01\/diapo-nos-valeurs-300x90.jpg 300w, https:\/\/www.domaine-fromengal.com\/wp-content\/uploads\/2022\/01\/diapo-nos-valeurs-1024x307.jpg 1024w, https:\/\/www.domaine-fromengal.com\/wp-content\/uploads\/2022\/01\/diapo-nos-valeurs-768x230.jpg 768w\" sizes=\"(max-width: 1500px) 100vw, 1500px\" \/><div class=\"wp-block-cover__inner-container\">\n<div style=\"height:20px\" aria-hidden=\"true\" class=\"wp-block-spacer\"><\/div>\n\n\n\n<h2 class=\"has-text-align-center has-typo-principale-color has-text-color\" id=\"bienvenue-dans-l-un-des-plus-beaux-campings-de-dordogne\">Welkom bij een van de meest <br>mooie campings in de Dordogne<\/h2>\n\n\n\n<div class=\"wp-container-69df99cd2bc65 wp-block-group mise-en-avant red boxage_medium\"><div class=\"wp-block-group__inner-container\">\n<p class=\"has-text-align-center\"><span>Wat ons sinds 2010 elk seizoen leidt, is om u een kwaliteitsverblijf te bieden<br>en om u een onvergetelijke ervaring te bezorgen op Domaine de Fromengal.<\/span><\/p>\n\n\n\n<div style=\"height:0px\" aria-hidden=\"true\" class=\"wp-block-spacer\"><\/div>\n\n\n\n<div class=\"wp-block-image\"><figure class=\"aligncenter size-full\"><img width=\"600\" height=\"400\" src=\"https:\/\/www.domaine-fromengal.com\/wp-content\/uploads\/2022\/01\/fromengal.jpg\" alt=\"\" class=\"wp-image-1399\" srcset=\"https:\/\/www.domaine-fromengal.com\/wp-content\/uploads\/2022\/01\/fromengal.jpg 600w, https:\/\/www.domaine-fromengal.com\/wp-content\/uploads\/2022\/01\/fromengal-300x200.jpg 300w\" sizes=\"(max-width: 600px) 100vw, 600px\" \/><\/figure><\/div>\n\n\n\n<div style=\"height:0px\" aria-hidden=\"true\" class=\"wp-block-spacer\"><\/div>\n\n\n\n<p class=\"has-text-align-center\"><strong><span>Heel eenvoudig, voel je goed bij ons!<\/span><\/strong><\/p>\n<\/div><\/div>\n<\/div><\/div>\n\n\n\n<div style=\"height:85px\" aria-hidden=\"true\" class=\"wp-block-spacer\"><\/div>\n\n\n\n<div class=\"wp-container-69df99cd2c828 wp-block-group f-110-a\"><div class=\"wp-block-group__inner-container\">\n<div class=\"wp-block-columns are-vertically-aligned-center boxage\">\n<div class=\"wp-block-column is-vertically-aligned-center\">\n<h2 class=\"titre_c\" id=\"nos-engagements-camping-qualite\">Onze opdrachten <br><span>Kwaliteit camping<\/span><\/h2>\n\n\n\n<div class=\"wp-block-columns points-forts\">\n<div class=\"wp-block-column col1\">\n<figure class=\"wp-block-image size-large\"><img width=\"950\" height=\"1024\" src=\"https:\/\/www.domaine-fromengal.com\/wp-content\/uploads\/2022\/02\/Camping-le-Fromagal-exterieur-ensemble-chalet-Claire-Macnamara-5-950x1024.jpg\" alt=\"\" class=\"wp-image-3774\" srcset=\"https:\/\/www.domaine-fromengal.com\/wp-content\/uploads\/2022\/02\/Camping-le-Fromagal-exterieur-ensemble-chalet-Claire-Macnamara-5-950x1024.jpg 950w, https:\/\/www.domaine-fromengal.com\/wp-content\/uploads\/2022\/02\/Camping-le-Fromagal-exterieur-ensemble-chalet-Claire-Macnamara-5-278x300.jpg 278w, https:\/\/www.domaine-fromengal.com\/wp-content\/uploads\/2022\/02\/Camping-le-Fromagal-exterieur-ensemble-chalet-Claire-Macnamara-5-768x828.jpg 768w, https:\/\/www.domaine-fromengal.com\/wp-content\/uploads\/2022\/02\/Camping-le-Fromagal-exterieur-ensemble-chalet-Claire-Macnamara-5.jpg 1015w\" sizes=\"(max-width: 950px) 100vw, 950px\" \/><\/figure>\n<\/div>\n\n\n\n<div class=\"wp-block-column col3\">\n<figure class=\"wp-block-image size-full\"><img width=\"236\" height=\"350\" src=\"https:\/\/www.domaine-fromengal.com\/wp-content\/uploads\/2022\/03\/camping-agree-camping-qualite.jpg\" alt=\"\" class=\"wp-image-5431\" srcset=\"https:\/\/www.domaine-fromengal.com\/wp-content\/uploads\/2022\/03\/camping-agree-camping-qualite.jpg 236w, https:\/\/www.domaine-fromengal.com\/wp-content\/uploads\/2022\/03\/camping-agree-camping-qualite-202x300.jpg 202w\" sizes=\"(max-width: 236px) 100vw, 236px\" \/><\/figure>\n<\/div>\n\n\n\n<div class=\"wp-block-column col2\">\n<figure class=\"wp-block-image size-full\"><img width=\"640\" height=\"960\" src=\"https:\/\/www.domaine-fromengal.com\/wp-content\/uploads\/2022\/01\/Des-fleurs-partout.jpg\" alt=\"\" class=\"wp-image-1391\" srcset=\"https:\/\/www.domaine-fromengal.com\/wp-content\/uploads\/2022\/01\/Des-fleurs-partout.jpg 640w, https:\/\/www.domaine-fromengal.com\/wp-content\/uploads\/2022\/01\/Des-fleurs-partout-200x300.jpg 200w\" sizes=\"(max-width: 640px) 100vw, 640px\" \/><\/figure>\n<\/div>\n<\/div>\n\n\n\n<p><strong>Door ons aan te sluiten bij Camping Qualit\u00e9, onderwerpen we ons aan een nauwkeurig handvest van toewijding en regelmatige controles op bijna 660 criteria.<\/strong><br><strong>Voor uw comfort verbinden wij ons ertoe de 5 verbintenissen van Camping Qualit\u00e9 na te leven.<\/strong><\/p>\n\n\n\n<div class=\"wp-container-69df99cd2c268 wp-block-buttons\">\n<div class=\"wp-block-button vertclair\"><a class=\"wp-block-button__link\" href=\"https:\/\/www.domaine-fromengal.com\/wp-content\/uploads\/2022\/03\/Charte-CQ_HD_NL.pdf\" target=\"_blank\" rel=\"noreferrer noopener\">Raadpleeg het pdf-document &#8220;Kampeerkwaliteitscharter&#8221;<\/a><\/div>\n<\/div>\n<\/div>\n\n\n\n<div class=\"wp-block-column is-vertically-aligned-center\">\n<div class=\"wp-block-columns\">\n<div class=\"wp-block-column\" style=\"flex-basis:50%\">\n<h3 id=\"un-accueil-chaleureux\">Hartelijk welkom<\/h3>\n\n\n\n<p>Gastvrijheid, beschikbaarheid, bedachtzaamheid en effici\u00ebntie krijgen speciale aandacht van al onze teams. Zo dragen we bij aan een sereen, aangenaam en gezellig verblijf.<\/p>\n<\/div>\n\n\n\n<div class=\"wp-block-column\" style=\"flex-basis:50%\">\n<h3 id=\"une-propriete-irreprochable\">Een onberispelijk bezit<\/h3>\n\n\n\n<p>Gedurende de gehele openingsperiode van de camping wordt overal op de camping gezorgd voor netheid en hygi\u00ebne.<\/p>\n<\/div>\n<\/div>\n\n\n\n<div class=\"wp-block-columns\">\n<div class=\"wp-block-column\" style=\"flex-basis:50%\">\n<h3 id=\"une-information-precise-et-vraie\">Nauwkeurige en waarheidsgetrouwe informatie<\/h3>\n\n\n\n<p>Wij geven u volledige, duidelijke en exacte informatie over onze camping: nauwkeurige beschrijving van de uitrusting, periodes en openingsuren van de receptie, de verschillende diensten, de activiteiten. De tarieven zijn duidelijk uitgedrukt en strikt toegepast.<\/p>\n<\/div>\n\n\n\n<div class=\"wp-block-column\" style=\"flex-basis:50%\">\n<h3 id=\"un-emplacement-privatif-et-soigne\">Een nette priv\u00e9plaats<\/h3>\n\n\n\n<p>Wij nemen de nodige maatregelen om een eigen locatie aan te bieden en de grootste rust op de site te garanderen. Deze laatste is met smaak ingericht en met oog voor esthetiek, voor een goede integratie in de site en de omgeving.<\/p>\n<\/div>\n<\/div>\n\n\n\n<div class=\"wp-block-group encart-information\"><div class=\"wp-block-group__inner-container\">\n<h3 id=\"l-environnement-valorise-et-respecte\">Het milieu gewaardeerd en gerespecteerd<\/h3>\n\n\n\n<p>We zetten ons in voor het behoud van de natuur en het milieu, voor het ontwikkelen van onze camping met respect, bescherming en het zoeken naar passende milieuoplossingen. Landschapsarchitectuur en energiebesparing zijn prioriteiten voor Camping Qualit\u00e9 en dragen zo bij aan het behoud van een steeds meer bedreigde omgeving.<\/p>\n<\/div><\/div>\n<\/div>\n<\/div>\n<\/div><\/div>\n\n\n\n<div style=\"height:65px\" aria-hidden=\"true\" class=\"wp-block-spacer\"><\/div>\n\n\n\n<div class=\"wp-container-69df99cd2f3a8 wp-block-group alignfull noShadow has-bg-principale-background-color has-background\"><div class=\"wp-block-group__inner-container\">\n<div class=\"wp-container-69df99cd2eff9 wp-block-group boxage\"><div class=\"wp-block-group__inner-container\">\n<h2 class=\"has-text-align-center titre_a\" id=\"notre-demarche-environnementale\">Onze aanpak <br><span>milieu<\/span><\/h2>\n\n\n\n<p class=\"has-text-align-center\"><a href=\"https:\/\/www.domaine-fromengal.com\/nl\/\" data-type=\"page\" data-id=\"5\">Op het Domaine de Fromengal brengt<\/a> u een vakantie door midden in de natuur en het is belangrijk voor ons om er alles aan te doen om de schoonheid van onze site te respecteren en te beschermen.<\/p>\n\n\n\n<p class=\"has-text-align-center\">Ontdek de concrete acties die we op ons Landgoed uitvoeren om ons milieu te sparen.<\/p>\n\n\n\n<div style=\"height:31px\" aria-hidden=\"true\" class=\"wp-block-spacer\"><\/div>\n\n\n\n<div class=\"wp-block-columns\">\n<div class=\"wp-block-column card-blanc\">\n<div class=\"wp-container-69df99cd2cd0b wp-block-group points-forts\"><div class=\"wp-block-group__inner-container\">\n<p class=\"picto rouge\"> <i class=\"fas fa-carrot\"><\/i> <\/p>\n\n\n\n<div style=\"height:29px\" aria-hidden=\"true\" class=\"wp-block-spacer\"><\/div>\n<\/div><\/div>\n\n\n\n<h3 id=\"le-potager\">De moestuin<\/h3>\n\n\n\n<p>In 2011 hebben we een moestuin aangelegd, de groenten en fruit uit deze tuin worden gebruikt in de keuken van ons restaurant, ze worden biologisch en natuurlijk verbouwd. <\/p>\n\n\n\n<p>Onze plantages worden bewaterd door een druppelsysteem voorzien van onbehandeld water. Door ze ter plaatse te produceren, wordt transport vermeden en helpt het ook om onze ecologische voetafdruk te verkleinen.<\/p>\n\n\n\n<p>Wij nodigen u uit om het plein van aromatische kruiden te ontdekken en de aroma&#8217;s van tijm, dragon, munt, bieslook te ruiken&#8230;<\/p>\n\n\n\n<p>Op sommige huuraccommodaties of rond het sanitairgebouw kun je zelfs tomaten oogsten!<\/p>\n<\/div>\n\n\n\n<div class=\"wp-block-column card\">\n<div class=\"wp-container-69df99cd2d1a7 wp-block-group points-forts\"><div class=\"wp-block-group__inner-container\">\n<p class=\"picto vert\"> <i class=\"fas fa-dumpster\"><\/i> <\/p>\n\n\n\n<div style=\"height:29px\" aria-hidden=\"true\" class=\"wp-block-spacer\"><\/div>\n<\/div><\/div>\n\n\n\n<h3 id=\"les-dechets\">Afval<\/h3>\n\n\n\n<p>We doen al jaren aan selectief sorteren, drie containers (glas, plastic kartonpapier, huisvuil) zijn beschikbaar bij de ingang van de camping. Bij aankomst krijgt u van ons een informatiedocument over sorteren. <\/p>\n\n\n\n<p>Hier composteren we! U krijgt van ons een kleine emmer om uw huisvuil naar de compostbak te vervoeren.<\/p>\n\n\n\n<p>We zamelen gebruikte batterijen, plastic of kurken stoppers in. Onze beschermpads zijn recyclebaar. We geven waar mogelijk de voorkeur aan producten met een eco-label (toiletpapier, schoonmaakproducten, enz.). <\/p>\n<\/div>\n\n\n\n<div class=\"wp-block-column card-blanc\">\n<div class=\"wp-container-69df99cd2d5f8 wp-block-group points-forts\"><div class=\"wp-block-group__inner-container\">\n<p class=\"picto rouge\"> <i class=\"fas fa-lightbulb-on\"><\/i> <\/p>\n\n\n\n<div style=\"height:29px\" aria-hidden=\"true\" class=\"wp-block-spacer\"><\/div>\n<\/div><\/div>\n\n\n\n<h3 id=\"l-energie\"><strong>energie<\/strong><\/h3>\n\n\n\n<p>Conventionele lampen worden vervangen door zuinige lampen en LED&#8217;s, we hebben aanwezigheidssensoren of timers in het toiletgebouw ge\u00efnstalleerd. <\/p>\n\n\n\n<p>We hebben douches op zonne-energie in het waterpark. <\/p>\n\n\n\n<p>Het multisportterrein en de petanquebanen worden verlicht door zonne-energie.<\/p>\n<\/div>\n\n\n\n<div class=\"wp-block-column card\">\n<div class=\"wp-container-69df99cd2daad wp-block-group points-forts\"><div class=\"wp-block-group__inner-container\">\n<p class=\"picto bleu\"> <i class=\"fas fa-hand-holding-water\"><\/i> <\/p>\n\n\n\n<div style=\"height:29px\" aria-hidden=\"true\" class=\"wp-block-spacer\"><\/div>\n<\/div><\/div>\n\n\n\n<h3 id=\"l-eau\"><strong>Het water<\/strong><\/h3>\n\n\n\n<p>Water is kostbaar, vooral omdat we in de Dordogne perioden van droogte kunnen meemaken. Ga verstandig om met water, laat het ons weten als er een lek is, laat de kraan niet onnodig open staan, laat kinderen niet met het water spelen. Om je te helpen hebben we drukknop- en elektronische kranen geplaatst, handdouches die minder water verbruiken. <\/p>\n\n\n\n<p>Wij rusten onze accommodaties uit met een meter om het verbruik te controleren en eventuele lekken op te sporen.<\/p>\n<\/div>\n<\/div>\n\n\n\n<div style=\"height:30px\" aria-hidden=\"true\" class=\"wp-block-spacer\"><\/div>\n\n\n\n<div class=\"wp-block-columns\">\n<div class=\"wp-block-column card\">\n<div class=\"wp-container-69df99cd2df26 wp-block-group points-forts\"><div class=\"wp-block-group__inner-container\">\n<p class=\"picto vert\"> <i class=\"fas fa-trees\"><\/i> <\/p>\n\n\n\n<div style=\"height:29px\" aria-hidden=\"true\" class=\"wp-block-spacer\"><\/div>\n<\/div><\/div>\n\n\n\n<h3 id=\"la-foret\">Het bos<\/h3>\n\n\n\n<p>Wij onderhouden en vernieuwen het bos rondom het Domaine. In 2012 hebben we in samenwerking met het ONF en de regio Aquitaine meer dan 2.200 bomen herplant, ten gunste van lokale soorten.<\/p>\n\n\n\n<p>Begin 2022 hebben we met onze teams een groot onderhoud en verfraaiing van de bossen rond het landgoed uitgevoerd. <\/p>\n<\/div>\n\n\n\n<div class=\"wp-block-column card-blanc\">\n<div class=\"wp-container-69df99cd2e3a9 wp-block-group points-forts\"><div class=\"wp-block-group__inner-container\">\n<p class=\"picto rouge\"> <i class=\"fas fa-seedling\"><\/i> <\/p>\n\n\n\n<div style=\"height:29px\" aria-hidden=\"true\" class=\"wp-block-spacer\"><\/div>\n<\/div><\/div>\n\n\n\n<h3 id=\"les-sols\">Het terrein<\/h3>\n\n\n\n<p>We beperken het gebruik van chemicali\u00ebn voor het wieden zoveel mogelijk en vervangen elk product dat het milieu niet respecteert door vervangende producten. We gebruiken Ecolabel milieuvriendelijke huishoudelijke producten. Nous vous invitons \u00e0 utiliser des capsules de d\u00e9tergent biod\u00e9gradables dans les machines \u00e0 laver. <\/p>\n\n\n\n<p>Gooi uw sigarettenpeuken niet op de grond, asbakken staan tot uw beschikking.<\/p>\n<\/div>\n\n\n\n<div class=\"wp-block-column card\">\n<div class=\"wp-container-69df99cd2e7ea wp-block-group points-forts\"><div class=\"wp-block-group__inner-container\">\n<p class=\"picto bleu\"> <i class=\"fas fa-squirrel\"><\/i> <\/p>\n\n\n\n<div style=\"height:29px\" aria-hidden=\"true\" class=\"wp-block-spacer\"><\/div>\n<\/div><\/div>\n\n\n\n<h3 id=\"la-faune-et-la-flore\">De fauna en de flora<\/h3>\n\n\n\n<p>We oefenen laat maaien, waardoor het mogelijk is om een schakel in de voedselketen niet te verwijderen. We handelen met respect voor de bomen, de bloemen of de dieren die u zeker zult tegenkomen tijdens een wandeling.<\/p>\n<\/div>\n\n\n\n<div class=\"wp-block-column card-blanc\">\n<div class=\"wp-container-69df99cd2ebf1 wp-block-group points-forts\"><div class=\"wp-block-group__inner-container\">\n<p class=\"picto rouge\"> <i class=\"fas fa-plus\"><\/i> <\/p>\n\n\n\n<div style=\"height:29px\" aria-hidden=\"true\" class=\"wp-block-spacer\"><\/div>\n<\/div><\/div>\n\n\n\n<h3 id=\"borne-de-recharge\">Oplaadpunt<\/h3>\n\n\n\n<p>We hebben een oplaadpunt voor elektrische auto&#8217;s. <\/p>\n\n\n\n<p>Informatie bij de receptie.<\/p>\n<\/div>\n<\/div>\n<\/div><\/div>\n<\/div><\/div>\n\n\n\n<div class=\"wp-container-69df99cd2fbe1 wp-block-group boxage_medium\"><div class=\"wp-block-group__inner-container\">\n<div style=\"height:100px\" aria-hidden=\"true\" class=\"wp-block-spacer\"><\/div>\n\n\n\n<h2 class=\"has-text-align-center titre_b has-typo-principale-color has-text-color\" id=\"le-saviez-vous\">Wist je dat <span>?<\/span><\/h2>\n\n\n\n<div class=\"wp-container-69df99cd2f7f3 wp-block-group points-forts\"><div class=\"wp-block-group__inner-container\">\n<p class=\"has-text-align-center picto vert has-typo-principale-color has-text-color\"> <i class=\"fas fa-hand-holding-seedling\"><\/i> <\/p>\n\n\n\n<div style=\"height:40px\" aria-hidden=\"true\" class=\"wp-block-spacer\"><\/div>\n<\/div><\/div>\n\n\n\n<p class=\"has-text-align-center has-typo-principale-color has-text-color\">Het stroomgebied van de Dordogne is geclassificeerd als een wereldbiosfeerreservaat<\/p>\n\n\n\n<p class=\"has-text-align-center has-typo-principale-color has-text-color\"><strong>Op 11 juli 2012 integreerde de Internationale Co\u00f6rdinerende Raad van het UNESCO-programma &#8220;Man en Biosfeer&#8221; het stroomgebied van de Dordogne in het wereldwijde netwerk van biosfeerreservaten.<\/strong><\/p>\n\n\n\n<p class=\"has-text-align-center has-principale-color has-text-color\">Meer info op <a href=\"http:\/\/biosphere-bassin-dordogne.fr\/\" target=\"_blank\" rel=\"noreferrer noopener\">http:\/\/biosphere-bassin-dordogne.fr\/<\/a><br><a rel=\"noreferrer noopener\" href=\"https:\/\/www.youtube.com\/watch?v=2yWm1kHr-k0\" target=\"_blank\">Bekijk de video \u201cVallei van de Dordogne\u201d<\/a><\/p>\n\n\n\n<div style=\"height:100px\" aria-hidden=\"true\" class=\"wp-block-spacer\"><\/div>\n<\/div><\/div>\n\n\n\n<div class=\"wp-block-cover alignfull is-light banniere\"><span aria-hidden=\"true\" class=\"has-background-dim-0 wp-block-cover__gradient-background has-background-dim\"><\/span><img width=\"1500\" height=\"450\" class=\"wp-block-cover__image-background wp-image-1394\" alt=\"\" src=\"https:\/\/www.domaine-fromengal.com\/wp-content\/uploads\/2022\/01\/diapo-nos-valeurs.jpg\" style=\"object-position:54% 44%\" data-object-fit=\"cover\" data-object-position=\"54% 44%\" srcset=\"https:\/\/www.domaine-fromengal.com\/wp-content\/uploads\/2022\/01\/diapo-nos-valeurs.jpg 1500w, https:\/\/www.domaine-fromengal.com\/wp-content\/uploads\/2022\/01\/diapo-nos-valeurs-300x90.jpg 300w, https:\/\/www.domaine-fromengal.com\/wp-content\/uploads\/2022\/01\/diapo-nos-valeurs-1024x307.jpg 1024w, https:\/\/www.domaine-fromengal.com\/wp-content\/uploads\/2022\/01\/diapo-nos-valeurs-768x230.jpg 768w\" sizes=\"(max-width: 1500px) 100vw, 1500px\" \/><div class=\"wp-block-cover__inner-container\">\n<p class=\"has-text-align-center has-large-font-size\"><\/p>\n<\/div><\/div>\n","protected":false},"excerpt":{"rendered":"<p>Onze camping in de buurt van Sarlat Onze waarden Uw vakanties zijn belangrijke momenten voor u en u kijkt er waarschijnlijk naar uit.Ook voor ons zijn deze momenten essentieel omdat onze teams en wij er alles aan doen om uw verblijf voor te bereiden en aan uw verwachtingen te voldoen, zelfs daarbuiten. Of het nu [&hellip;]<\/p>\n","protected":false},"author":1,"featured_media":0,"parent":0,"menu_order":0,"comment_status":"closed","ping_status":"closed","template":"","meta":[],"acf":[],"_links":{"self":[{"href":"https:\/\/www.domaine-fromengal.com\/nl\/wp-json\/wp\/v2\/pages\/4955"}],"collection":[{"href":"https:\/\/www.domaine-fromengal.com\/nl\/wp-json\/wp\/v2\/pages"}],"about":[{"href":"https:\/\/www.domaine-fromengal.com\/nl\/wp-json\/wp\/v2\/types\/page"}],"author":[{"embeddable":true,"href":"https:\/\/www.domaine-fromengal.com\/nl\/wp-json\/wp\/v2\/users\/1"}],"replies":[{"embeddable":true,"href":"https:\/\/www.domaine-fromengal.com\/nl\/wp-json\/wp\/v2\/comments?post=4955"}],"version-history":[{"count":6,"href":"https:\/\/www.domaine-fromengal.com\/nl\/wp-json\/wp\/v2\/pages\/4955\/revisions"}],"predecessor-version":[{"id":6728,"href":"https:\/\/www.domaine-fromengal.com\/nl\/wp-json\/wp\/v2\/pages\/4955\/revisions\/6728"}],"wp:attachment":[{"href":"https:\/\/www.domaine-fromengal.com\/nl\/wp-json\/wp\/v2\/media?parent=4955"}],"curies":[{"name":"wp","href":"https:\/\/api.w.org\/{rel}","templated":true}]}}